{"id":3,"date":"2025-10-23T12:41:45","date_gmt":"2025-10-23T12:41:45","guid":{"rendered":"https:\/\/kraitofficial.com\/?page_id=3"},"modified":"2025-12-06T00:57:49","modified_gmt":"2025-12-06T00:57:49","slug":"privaatsuspoliitika","status":"publish","type":"page","link":"https:\/\/kraitofficial.com\/ru\/privaatsuspoliitika\/","title":{"rendered":"Privaatsuspoliitika"},"content":{"rendered":"<h2 class=\"wp-block-heading\">\u0418\u0441\u0438\u043a\u0443\u0430\u043d\u0434\u043c\u0435\u0442\u0435 \u043a\u0430\u0439\u0442\u0441\u0435 \u043f\u044b\u0445\u0438\u043c\u044b\u0442\u0442\u0435\u0434<\/h2>\n\n\n\n<p><strong>Andmekontroller:<\/strong><\/p>\n\n\n\n<p>ERX O\u00dc<br>\nRegistrikood: 14478739<br>\n\u0410\u0434\u0440\u0435\u0441: Kaupmehe tn 5, 50104 Tartu linn, Tartu maakond<br>\n\u042d\u043b\u0435\u043a\u0442\u0440\u043e\u043d\u043d\u0430\u044f \u043f\u043e\u0447\u0442\u0430: info@kraitofficial.com<br>\nVeebileht: https:\/\/kraitofficial.com<\/p>\n\n\n\n<h2 class=\"wp-block-heading\">1. \u0418\u0441\u0438\u043a\u0443\u0430\u043d\u0434\u043c\u0435\u0442\u0435 \u043a\u043e\u0433\u0443\u043c\u0438\u043d\u0435<\/h2>\n\n\n\n<p>Meie veebipoes kogume j\u00e4rgmisi isikuandmeid:<\/p>\n\n\n\n<ul class=\"wp-block-list\">\n<li><strong>Kontaktandmed:<\/strong> \u043d\u0438\u043c\u0438, \u044d\u043b\u0435\u043a\u0442\u0440\u043e\u043d\u043d\u044b\u0439 \u0430\u0434\u0440\u0435\u0441, \u0442\u0435\u043b\u0435\u0444\u043e\u043d\u043d\u044b\u0439 \u043d\u043e\u043c\u0435\u0440, \u043f\u043e\u0447\u0442\u043e\u0432\u044b\u0439 \u0430\u0434\u0440\u0435\u0441<\/li>\n<li><strong>\u041c\u0430\u043a\u0441\u0435\u0430\u043d\u0434\u043c\u0435\u0434:<\/strong> \u043c\u0430\u043a\u0441\u0435\u0432\u0430\u0445\u0435\u043d\u0434\u0438\u0442 \u0438\u043c\u0435\u0434 \u0442\u0451\u043e\u0442\u043b\u0435\u0432\u0430\u0434 \u043c\u0435\u0439\u0435 \u043c\u0430\u043a\u0441\u0435\u043f\u0430\u0440\u0442\u043d\u0435\u0440\u0438\u0434 (\u041c\u043e\u043d\u0442\u043e\u043d\u0438\u043e)<\/li>\n<li><strong>\u0422\u0435\u043b\u043b\u0438\u043c\u0443\u0441 \u0438 \u041c\u0435\u0434:<\/strong> \u0422\u0435\u043b\u043b\u0438\u0442\u0443\u0434 \u0442\u043e\u043e\u0434\u0435\u0442\u0435 \u043d\u0438\u043c\u0435\u043a\u0438\u0440\u0438, \u043a\u043e\u0445\u0430\u043b\u0435\u0442\u043e\u0438\u043c\u0435\u0442\u0430\u043c\u0438\u0441\u0435 \u0430\u0430\u0434\u0440\u0435\u0441<\/li>\n<li><strong>\u041e\u043d \u0437\u0430\u0441\u0442\u043e\u043d\u0430\u043b \u0438 \u0437\u0430\u043c\u043e\u043b\u0447\u0430\u043b:<\/strong> IP-\u0430\u0434\u0440\u0435\u0441, \u0432\u0435\u0435\u0431\u0438\u043b\u0435\u0445\u0438\u0442\u0441\u0435\u044f \u0442\u044e\u044e\u043f, \u043a\u044e\u043b\u0430\u0441\u0442\u0443\u0437\u0435 \u0438\u043c\u0435\u0434<\/li>\n<\/ul>\n\n\n\n<h2 class=\"wp-block-heading\">2. \u0418\u0441\u0438\u043a\u0443\u0430\u043d\u0434\u043c\u0435\u0442\u0435 \u043a\u0430\u0441\u0443\u0442\u0430\u043c\u0438\u0437\u0435 \u044d\u044d\u0441\u043c\u0430\u0440\u043a<\/h2>\n\n\n\n<p>Me kasutame teie isikuandmeid j\u00e4rgmistel eesm\u00e4rkidel:<\/p>\n\n\n\n<ul class=\"wp-block-list\">\n<li>Toodete tellimuste t\u00f6\u00f6tlemiseks ja t\u00e4itmiseks<\/li>\n<li>Maksete t\u00f6\u00f6tlemiseks ja finantsaruannete koostamiseks<\/li>\n<li>Klienditeeninduse osutamiseks<\/li>\n<li>\u041a\u043e\u0445\u0430\u043b\u0435\u0442\u043e\u0438\u043c\u0435\u0442\u0430\u043c\u0438\u0441\u0435 \u043a\u043e\u0440\u0440\u0430\u043b\u0434\u0430\u043c\u0438\u0441\u0435\u043a\u0441<\/li>\n<li>Juridiliste kohustuste t\u00e4itmiseks (arveldus, raamatupidamine)<\/li>\n<li>Veebilehe anal\u00fc\u00fcsimiseks ja parandamiseks<\/li>\n<li>Turvalisuse tagamiseks ja pettuste v\u00e4ltimiseks<\/li>\n<\/ul>\n\n\n\n<h2 class=\"wp-block-heading\">3. \u0418\u0441\u0438\u043a\u0443\u0430\u043d\u0434\u043c\u0435\u0442\u0435 \u0442\u0451\u043e\u0442\u043b\u0435\u043c\u0438\u0437\u0435 \u00f5iguslik alus<\/h2>\n\n\n\n<p>Teie isikuandmeid t\u00f6\u00f6tleme j\u00e4rgmistel \u00f5iguslikel alustel:<\/p>\n\n\n\n<ul class=\"wp-block-list\">\n<li><strong>Lepingu t\u00e4itmine:<\/strong> tellimuste t\u00e4itmiseks ja kaupade kohaletoimetamiseks<\/li>\n<li><strong>Seaduslik kohustus:<\/strong> arveid v\u00e4ljastamiseks, raamatupidamiseks ja maksustamiseks<\/li>\n<li><strong>\u0425\u044b\u0433\u0443\u0441\u0442\u0430\u0442\u0443\u0434 \u0445\u044e\u0432\u0438:<\/strong> \u0432\u0435\u0435\u0431\u0438\u043b\u0435\u0445\u0435 \u043f\u0430\u0440\u0430\u043d\u0434\u0430\u043c\u0438\u0441\u0435\u043a\u0441, \u0442\u0443\u0440\u0432\u0430\u043b\u0438\u0441\u0443\u0437\u0435 \u0442\u0430\u0433\u0430\u043c\u0438\u0441\u0435\u043a\u0441<\/li>\n<li><strong>\u041d\u044b\u0443\u0441\u043e\u043b\u0435\u043a:<\/strong> uudiskirjade ja turundustegevuse suhtes (kui olete andnud n\u00f5usoleku)<\/li>\n<\/ul>\n\n\n\n<h2 class=\"wp-block-heading\">4. Kolmandate osapoolte teenused<\/h2>\n\n\n\n<p>Me jagame teie isikuandmeid j\u00e4rgmiste kolmandate osapooltega:<\/p>\n\n\n\n<h3 class=\"wp-block-heading\">4.1. Montonio<\/h3>\n\n\n\n<p><strong>\u0422\u044d\u043d\u0443\u0441\u0435 \u043d\u0438\u043c\u0438:<\/strong> Montonio maksete t\u00f6\u00f6tlemine<br>\n<strong>\u0410\u043d\u0434\u043c\u0435\u0434:<\/strong> \u0441\u0434\u0435\u043b\u0430\u0442\u044c \u0438 \u0441\u0434\u0435\u043b\u0430\u0442\u044c, \u0440\u0430\u0441\u0441\u043a\u0430\u0437\u0430\u0442\u044c \u0438 \u0440\u0430\u0441\u0441\u043a\u0430\u0437\u0430\u0442\u044c<br>\n<strong>\u042d\u044d\u0441\u043c\u0430\u0440\u043a:<\/strong> maksete t\u00f6\u00f6tlemiseks<br>\n<strong>\u041f\u044b\u0445\u0438\u043c\u043e\u0442\u0435:<\/strong> Lepingu t\u00e4itmine<br>\n<strong>Privaatsuspoliitika:<\/strong> <a href=\"https:\/\/www.montonio.com\/privacy-policy\">https:\/\/www.montonio.com\/privacy-policy<\/a><\/p>\n\n\n\n<h3 class=\"wp-block-heading\">4.2. Google Analytics 4 (GA4)<\/h3>\n\n\n\n<p><strong>\u0422\u044d\u043d\u0443\u0441\u0435 \u043d\u0438\u043c\u0438:<\/strong> Google Analytics 4<br>\n<strong>\u0410\u043d\u0434\u043c\u0435\u0434:<\/strong> k\u00fclastuse andmed, IP-\u0430\u0434\u0440\u0435\u0441, seadme andmed<br>\n<strong>\u042d\u044d\u0441\u043c\u0430\u0440\u043a:<\/strong> veebilehe anal\u00fc\u00fcsimiseks ja parandamiseks<br>\n<strong>\u041f\u044b\u0445\u0438\u043c\u043e\u0442\u0435:<\/strong> \u00d5igustatud huvi (n\u00f5usolek k\u00fcpsiste kaudu)<br>\n<strong>Privaatsuspoliitika:<\/strong> <a href=\"https:\/\/policies.google.com\/privacy\">https:\/\/policies.google.com\/privacy<\/a><br>\n<strong>\u041c\u044d\u0440\u043a\u0443\u0441:<\/strong> IP-\u0430\u0434\u0440\u0435\u0441\u043d\u044b\u0439 \u0430\u043d\u043e\u043d\u0438\u043c\u0430\u0439\u0437\u0435\u0440<\/p>\n\n\n\n<h3 class=\"wp-block-heading\">4.3. Kohaletoimetamise partnerid<\/h3>\n\n\n\n<p>Jagame nime ja kontaktandmeid kohaletoimetamise teenuse osutajatega (nt post, kulleriteenused) tellimuste kohaletoimetamiseks.<\/p>\n\n\n\n<h2 class=\"wp-block-heading\">5. K\u00fcpsised (\u041f\u0435\u0447\u0435\u043d\u044c\u0435)<\/h2>\n\n\n\n<p>Meie veebileht kasutab k\u00fcpsiseid. K\u00fcpsised on v\u00e4ikesed tekstifailid, mis salvestatakse teie seadmesse. Me kasutame k\u00fcpsiseid:<\/p>\n\n\n\n<ul class=\"wp-block-list\">\n<li><strong>\u041a\u043e\u0445\u0443\u0441\u0442\u0443\u0441\u043b\u0438\u043a\u0443\u0434 \u043a\u044e\u043f\u0441\u0438\u0441\u0435\u0434:<\/strong> \u0432\u0435\u0435\u0431\u0438\u043b\u0435\u0445\u0435 \u043f\u0438\u0445\u0438\u0444\u0443\u043d\u043a\u0446\u0438\u043e\u043d\u0438\u0434\u0435 \u044f\u043e\u043a\u0441 (\u043e\u0441\u0442\u0443\u043a\u043e\u0440\u0432, \u0441\u0438\u0441\u0435\u043b\u043e\u0433\u0438\u043c\u0438\u043d)<\/li>\n<li><strong>\u0410\u043d\u0430\u043b\u0438\u0437\u0438\u0440\u043e\u0432\u0430\u0442\u044c \u043a\u044e\u043f\u0441\u0438\u0441:<\/strong> Google Analytics 4 abil veebilehe k\u00fclastatavuse m\u00f5\u00f5tmiseks<\/li>\n<li><strong>\u0424\u0443\u043d\u043a\u0438\u043e\u043d\u0430\u043b\u044c\u043d\u044b\u0439 \u043a\u044e\u043f\u0441\u0438\u0440\u043e\u0432\u0430\u043d\u043d\u044b\u0439:<\/strong> \u0442\u0438\u0435 \u044d\u0435\u043b\u0438\u0441\u0442\u0443\u0441\u0442\u0435 \u043c\u0435\u0435\u043b\u0434\u0435\u044f\u0442\u043c\u0438\u0441\u0435\u043a\u0441<\/li>\n<\/ul>\n\n\n\n<p>K\u00fcpsiste keelamiseks saate muuta oma veebilehitseja seadeid. Pange t\u00e4hele, et m\u00f5ned veebilehe funktsioonid ei pruugi t\u00f6\u00f6tada ilma k\u00fcpsisteta.<\/p>\n\n\n\n<h2 class=\"wp-block-heading\">6. Teie \u00f5igused<\/h2>\n\n\n\n<p>Teil on j\u00e4rgmised \u00f5igused oma isikuandmete suhtes:<\/p>\n\n\n\n<ul class=\"wp-block-list\">\n<li><strong>Juurdep\u00e4\u00e4su \u00f5igus:<\/strong> \u00f5igus saada teavet sellest, milliseid teie isikuandmeid me t\u00f6\u00f6tleme<\/li>\n<li><strong>Parandamise \u00f5igus:<\/strong> \u00f5igus n\u00f5uda oma isikuandmete parandamist<\/li>\n<li><strong>Kustutamise \u00f5igus:<\/strong> \u00f5igus n\u00f5uda oma isikuandmete kustutamist (\u201cunustamise \u00f5igus\u201d)<\/li>\n<li><strong>Piirangu \u00f5igus:<\/strong> \u00f5igus n\u00f5uda isikuandmete t\u00f6\u00f6tlemise piirangut<\/li>\n<li><strong>Andmete \u00fclekandmise \u00f5igus:<\/strong> \u00f5igus saada oma isikuandmeid struktureeritud vormingus<\/li>\n<li><strong>Vastuv\u00e4itmise \u00f5igus:<\/strong> \u00f5igus vastu v\u00e4ita oma isikuandmete t\u00f6\u00f6tlemist<\/li>\n<li><strong>N\u00f5usoleku tagasiv\u00f5tmise \u00f5igus:<\/strong> \u043a\u0443\u0439 \u0442\u0451\u043e\u0442\u043b\u0435\u043c\u0435 \u0442\u0435\u0439\u0435 \u0430\u043d\u0434\u043c\u0435\u0439\u0434 \u043d\u044e\u0441\u043e\u043b\u0435\u043a\u0443 \u0430\u043b\u0443\u0441\u0435\u043b\u044c, \u043d\u0430 \u0442\u0435\u0439\u043b\u0435 \u0445\u0439\u0433\u0443\u0441 \u043d\u044e\u0441\u043e\u043b\u0435\u043a \u0442\u0430\u0433\u0430\u0441\u0438 \u0432\u044b\u0442\u0442\u0430<\/li>\n<\/ul>\n\n\n\n<p>Nende \u00f5iguste kasutamiseks v\u00f5tke meiega \u00fchendust e-posti aadressil: <strong>info@kraitofficial.com<\/strong><\/p>\n\n\n\n<h2 class=\"wp-block-heading\">7. \u0418\u0441\u0438\u043a\u0443\u0430\u043d\u0434\u043c\u0435\u0442\u0435 \u0441\u0430\u0438\u043b\u0438\u0442\u0430\u043c\u0438\u043d<\/h2>\n\n\n\n<p>\u042f \u0441\u044d\u043b\u0438\u0442\u0430\u043c\u0435 \u0442\u0435\u0435 \u0438\u0441\u0438\u043a\u0443\u0430\u043d\u0434\u043c\u0435\u0439\u0434:<\/p>\n\n\n\n<ul class=\"wp-block-list\">\n<li>Lepingu t\u00e4itmiseks vajalik kuni lepingu t\u00e4itmise l\u00f5puni<\/li>\n<li>Juridiliste kohustuste t\u00e4itmiseks vastavalt Eesti seadusandlusele (raamatupidamine 7 aastat)<\/li>\n<li>Turvalisuse tagamiseks ja pettuste v\u00e4ltimiseks<\/li>\n<\/ul>\n\n\n\n<h2 class=\"wp-block-heading\">8. \u0418\u0441\u0438\u043a\u0443\u0430\u043d\u0434\u043c\u0435\u0442\u0435 \u043a\u0430\u0439\u0442\u0441\u0435<\/h2>\n\n\n\n<p>Me rakendame sobivaid tehnilisi ja organisatsioonilisi meetmeid teie isikuandmete kaitsmiseks volitamata juurdep\u00e4\u00e4su, kaotuse, muutmise v\u00f5i avaldamise eest.<\/p>\n\n\n\n<h2 class=\"wp-block-heading\">9. Andmekaitseinspektsiooni kaebused<\/h2>\n\n\n\n<p>Kui arvate, et teie isikuandmeid t\u00f6\u00f6deldakse seadusega vastuolus, on teil \u00f5igus esitada kaebus Eesti Andmekaitse Inspektsioonile:<\/p>\n\n\n\n<p><strong>Eesti Andmekaitse Inspektsioon<\/strong><br>\n\u0410\u0434\u0440\u0435\u0441: \u0422\u0430\u0442\u0430\u0440\u0438 39, 10134 \u0422\u0430\u043b\u043b\u0438\u043d\u043d<br>\n\u042d\u043b\u0435\u043a\u0442\u0440\u043e\u043d\u043d\u0430\u044f \u043f\u043e\u0447\u0442\u0430: info@aki.ee<br>\nVeebileht: <a href=\"https:\/\/www.aki.ee\">https:\/\/www.aki.ee<\/a><\/p>\n\n\n\n<h2 class=\"wp-block-heading\">10. Muudatused privaatsuspoliitikas<\/h2>\n\n\n\n<p>Meil on \u00f5igus muuta seda privaatsuspoliitikat. Muudatused avaldame sellel veebilehel. Oluliste muudatuste korral teavitame teid e-posti teel.<\/p>\n\n\n\n<h2 class=\"wp-block-heading\">11. Kontakt<\/h2>\n\n\n\n<p>Kui teil on k\u00fcsimusi privaatsuspoliitika kohta v\u00f5i soovite kasutada oma \u00f5igusi, v\u00f5tke meiega \u00fchendust:<\/p>\n\n\n\n<p><strong>ERX O\u00dc<\/strong><br>\n\u042d\u043b\u0435\u043a\u0442\u0440\u043e\u043d\u043d\u0430\u044f \u043f\u043e\u0447\u0442\u0430: info@kraitofficial.com<br>\n\u0410\u0434\u0440\u0435\u0441: Kaupmehe tn 5, 50104 Tartu linn, Tartu maakond<\/p>\n\n\n\n<p><em>Viimati uuendatud: 2025-12-06<\/em><\/p>","protected":false},"excerpt":{"rendered":"<p>Isikuandmete kaitse p\u00f5him\u00f5tted Andmekontroller: ERX O\u00dc Registrikood: 14478739 Aadress: Kaupmehe tn 5, 50104 Tartu linn, Tartu maakond E-post: info@kraitofficial.com Veebileht: https:\/\/kraitofficial.com 1. Isikuandmete kogumine Meie veebipoes kogume j\u00e4rgmisi isikuandmeid: Kontaktandmed: nimi, e-posti aadress, telefoninumber, postiaadress Makseandmed: maksevahendite andmed t\u00f6\u00f6tlevad meie maksepartnerid (Montonio) Tellimuse andmed: tellitud toodete nimekiri, kohaletoimetamise aadress Tehnilised andmed: IP-aadress, veebilehitseja t\u00fc\u00fcp, k\u00fclastuse [&hellip;]<\/p>\n","protected":false},"author":1,"featured_media":0,"parent":0,"menu_order":0,"comment_status":"closed","ping_status":"open","template":"","meta":{"_acf_changed":false,"footnotes":""},"class_list":["post-3","page","type-page","status-publish","hentry"],"acf":[],"yoast_head":"<!-- This site is optimized with the Yoast SEO plugin v27.3 - https:\/\/yoast.com\/product\/yoast-seo-wordpress\/ -->\n<title>Privaatsuspoliitika | KRAIT Official | Isikuandmete kaitse<\/title>\n<meta name=\"description\" content=\"KRAIT Official privaatsuspoliitika ja isikuandmete kaitse. ERX O\u00dc andmekaitse p\u00f5him\u00f5tted. Lugege, kuidas me kaitstame teie isikuandmeid. GDPR vastav.\" \/>\n<meta name=\"robots\" content=\"index, follow, max-snippet:-1, max-image-preview:large, max-video-preview:-1\" \/>\n<link rel=\"canonical\" href=\"https:\/\/kraitofficial.com\/ru\/privaatsuspoliitika\/\" \/>\n<meta property=\"og:locale\" content=\"ru_RU\" \/>\n<meta property=\"og:type\" content=\"article\" \/>\n<meta property=\"og:title\" content=\"Privaatsuspoliitika | KRAIT Official | Isikuandmete kaitse\" \/>\n<meta property=\"og:description\" content=\"KRAIT Official privaatsuspoliitika ja isikuandmete kaitse. ERX O\u00dc andmekaitse p\u00f5him\u00f5tted. Lugege, kuidas me kaitstame teie isikuandmeid. GDPR vastav.\" \/>\n<meta property=\"og:url\" content=\"https:\/\/kraitofficial.com\/ru\/privaatsuspoliitika\/\" \/>\n<meta property=\"og:site_name\" content=\"KRAITOFFICIAL\" \/>\n<meta property=\"article:publisher\" content=\"https:\/\/www.facebook.com\/profile.php?id=61584570081371\" \/>\n<meta property=\"article:modified_time\" content=\"2025-12-06T00:57:49+00:00\" \/>\n<meta name=\"twitter:card\" content=\"summary_large_image\" \/>\n<meta name=\"twitter:label1\" content=\"\u041f\u0440\u0438\u043c\u0435\u0440\u043d\u043e\u0435 \u0432\u0440\u0435\u043c\u044f \u0434\u043b\u044f \u0447\u0442\u0435\u043d\u0438\u044f\" \/>\n\t<meta name=\"twitter:data1\" content=\"3 \u043c\u0438\u043d\u0443\u0442\u044b\" \/>\n<script type=\"application\/ld+json\" class=\"yoast-schema-graph\">{\"@context\":\"https:\\\/\\\/schema.org\",\"@graph\":[{\"@type\":\"WebPage\",\"@id\":\"https:\\\/\\\/kraitofficial.com\\\/privaatsuspoliitika\\\/\",\"url\":\"https:\\\/\\\/kraitofficial.com\\\/privaatsuspoliitika\\\/\",\"name\":\"Privaatsuspoliitika | KRAIT Official | Isikuandmete kaitse\",\"isPartOf\":{\"@id\":\"https:\\\/\\\/kraitofficial.com\\\/#website\"},\"datePublished\":\"2025-10-23T12:41:45+00:00\",\"dateModified\":\"2025-12-06T00:57:49+00:00\",\"description\":\"KRAIT Official privaatsuspoliitika ja isikuandmete kaitse. ERX O\u00dc andmekaitse p\u00f5him\u00f5tted. Lugege, kuidas me kaitstame teie isikuandmeid. GDPR vastav.\",\"breadcrumb\":{\"@id\":\"https:\\\/\\\/kraitofficial.com\\\/privaatsuspoliitika\\\/#breadcrumb\"},\"inLanguage\":\"ru-RU\",\"potentialAction\":[{\"@type\":\"ReadAction\",\"target\":[\"https:\\\/\\\/kraitofficial.com\\\/privaatsuspoliitika\\\/\"]}]},{\"@type\":\"BreadcrumbList\",\"@id\":\"https:\\\/\\\/kraitofficial.com\\\/privaatsuspoliitika\\\/#breadcrumb\",\"itemListElement\":[{\"@type\":\"ListItem\",\"position\":1,\"name\":\"Home\",\"item\":\"https:\\\/\\\/kraitofficial.com\\\/\"},{\"@type\":\"ListItem\",\"position\":2,\"name\":\"Privaatsuspoliitika\"}]},{\"@type\":\"WebSite\",\"@id\":\"https:\\\/\\\/kraitofficial.com\\\/#website\",\"url\":\"https:\\\/\\\/kraitofficial.com\\\/\",\"name\":\"KRAITOFFICIAL\",\"description\":\"\",\"publisher\":{\"@id\":\"https:\\\/\\\/kraitofficial.com\\\/#organization\"},\"potentialAction\":[{\"@type\":\"SearchAction\",\"target\":{\"@type\":\"EntryPoint\",\"urlTemplate\":\"https:\\\/\\\/kraitofficial.com\\\/?s={search_term_string}\"},\"query-input\":{\"@type\":\"PropertyValueSpecification\",\"valueRequired\":true,\"valueName\":\"search_term_string\"}}],\"inLanguage\":\"ru-RU\"},{\"@type\":\"Organization\",\"@id\":\"https:\\\/\\\/kraitofficial.com\\\/#organization\",\"name\":\"KRAITOFFICIAL\",\"url\":\"https:\\\/\\\/kraitofficial.com\\\/\",\"logo\":{\"@type\":\"ImageObject\",\"inLanguage\":\"ru-RU\",\"@id\":\"https:\\\/\\\/kraitofficial.com\\\/#\\\/schema\\\/logo\\\/image\\\/\",\"url\":\"https:\\\/\\\/kraitofficial.com\\\/wp-content\\\/uploads\\\/2025\\\/12\\\/logosign.jpg\",\"contentUrl\":\"https:\\\/\\\/kraitofficial.com\\\/wp-content\\\/uploads\\\/2025\\\/12\\\/logosign.jpg\",\"width\":500,\"height\":500,\"caption\":\"KRAITOFFICIAL\"},\"image\":{\"@id\":\"https:\\\/\\\/kraitofficial.com\\\/#\\\/schema\\\/logo\\\/image\\\/\"},\"sameAs\":[\"https:\\\/\\\/www.facebook.com\\\/profile.php?id=61584570081371\",\"https:\\\/\\\/www.instagram.com\\\/kraitofficial_com\\\/\"]}]}<\/script>\n<!-- \/ Yoast SEO plugin. -->","yoast_head_json":{"title":"Privaatsuspoliitika | KRAIT Official | Isikuandmete kaitse","description":"KRAIT Official privaatsuspoliitika ja isikuandmete kaitse. ERX O\u00dc \u0438 mekaitse p\u00f5him\u00f5tted. Lugege, kuidas me kaitstame teie isikuandmeid. GDPR vastav.","robots":{"index":"index","follow":"follow","max-snippet":"max-snippet:-1","max-image-preview":"max-image-preview:large","max-video-preview":"max-video-preview:-1"},"canonical":"https:\/\/kraitofficial.com\/ru\/privaatsuspoliitika\/","og_locale":"ru_RU","og_type":"article","og_title":"Privaatsuspoliitika | KRAIT Official | Isikuandmete kaitse","og_description":"KRAIT Official privaatsuspoliitika ja isikuandmete kaitse. ERX O\u00dc andmekaitse p\u00f5him\u00f5tted. Lugege, kuidas me kaitstame teie isikuandmeid. GDPR vastav.","og_url":"https:\/\/kraitofficial.com\/ru\/privaatsuspoliitika\/","og_site_name":"KRAITOFFICIAL","article_publisher":"https:\/\/www.facebook.com\/profile.php?id=61584570081371","article_modified_time":"2025-12-06T00:57:49+00:00","twitter_card":"summary_large_image","twitter_misc":{"\u041f\u0440\u0438\u043c\u0435\u0440\u043d\u043e\u0435 \u0432\u0440\u0435\u043c\u044f \u0434\u043b\u044f \u0447\u0442\u0435\u043d\u0438\u044f":"3 \u043c\u0438\u043d\u0443\u0442\u044b"},"schema":{"@context":"https:\/\/schema.org","@graph":[{"@type":"WebPage","@id":"https:\/\/kraitofficial.com\/privaatsuspoliitika\/","url":"https:\/\/kraitofficial.com\/privaatsuspoliitika\/","name":"Privaatsuspoliitika | KRAIT Official | Isikuandmete kaitse","isPartOf":{"@id":"https:\/\/kraitofficial.com\/#website"},"datePublished":"2025-10-23T12:41:45+00:00","dateModified":"2025-12-06T00:57:49+00:00","description":"KRAIT Official privaatsuspoliitika ja isikuandmete kaitse. ERX O\u00dc \u0438 mekaitse p\u00f5him\u00f5tted. Lugege, kuidas me kaitstame teie isikuandmeid. GDPR vastav.","breadcrumb":{"@id":"https:\/\/kraitofficial.com\/privaatsuspoliitika\/#breadcrumb"},"inLanguage":"ru-RU","potentialAction":[{"@type":"ReadAction","target":["https:\/\/kraitofficial.com\/privaatsuspoliitika\/"]}]},{"@type":"BreadcrumbList","@id":"https:\/\/kraitofficial.com\/privaatsuspoliitika\/#breadcrumb","itemListElement":[{"@type":"ListItem","position":1,"name":"Home","item":"https:\/\/kraitofficial.com\/"},{"@type":"ListItem","position":2,"name":"Privaatsuspoliitika"}]},{"@type":"WebSite","@id":"https:\/\/kraitofficial.com\/#website","url":"https:\/\/kraitofficial.com\/","name":"KRAITOFFICIAL","description":"","publisher":{"@id":"https:\/\/kraitofficial.com\/#organization"},"potentialAction":[{"@type":"SearchAction","target":{"@type":"EntryPoint","urlTemplate":"https:\/\/kraitofficial.com\/?s={search_term_string}"},"query-input":{"@type":"PropertyValueSpecification","valueRequired":true,"valueName":"search_term_string"}}],"inLanguage":"ru-RU"},{"@type":"Organization","@id":"https:\/\/kraitofficial.com\/#organization","name":"KRAITOFFICIAL","url":"https:\/\/kraitofficial.com\/","logo":{"@type":"ImageObject","inLanguage":"ru-RU","@id":"https:\/\/kraitofficial.com\/#\/schema\/logo\/image\/","url":"https:\/\/kraitofficial.com\/wp-content\/uploads\/2025\/12\/logosign.jpg","contentUrl":"https:\/\/kraitofficial.com\/wp-content\/uploads\/2025\/12\/logosign.jpg","width":500,"height":500,"caption":"KRAITOFFICIAL"},"image":{"@id":"https:\/\/kraitofficial.com\/#\/schema\/logo\/image\/"},"sameAs":["https:\/\/www.facebook.com\/profile.php?id=61584570081371","https:\/\/www.instagram.com\/kraitofficial_com\/"]}]}},"_links":{"self":[{"href":"https:\/\/kraitofficial.com\/ru\/wp-json\/wp\/v2\/pages\/3","targetHints":{"allow":["GET"]}}],"collection":[{"href":"https:\/\/kraitofficial.com\/ru\/wp-json\/wp\/v2\/pages"}],"about":[{"href":"https:\/\/kraitofficial.com\/ru\/wp-json\/wp\/v2\/types\/page"}],"author":[{"embeddable":true,"href":"https:\/\/kraitofficial.com\/ru\/wp-json\/wp\/v2\/users\/1"}],"replies":[{"embeddable":true,"href":"https:\/\/kraitofficial.com\/ru\/wp-json\/wp\/v2\/comments?post=3"}],"version-history":[{"count":1,"href":"https:\/\/kraitofficial.com\/ru\/wp-json\/wp\/v2\/pages\/3\/revisions"}],"predecessor-version":[{"id":11598,"href":"https:\/\/kraitofficial.com\/ru\/wp-json\/wp\/v2\/pages\/3\/revisions\/11598"}],"wp:attachment":[{"href":"https:\/\/kraitofficial.com\/ru\/wp-json\/wp\/v2\/media?parent=3"}],"curies":[{"name":"wp","href":"https:\/\/api.w.org\/{rel}","templated":true}]}}