{"id":11600,"date":"2025-12-06T01:00:17","date_gmt":"2025-12-06T01:00:17","guid":{"rendered":"https:\/\/kraitofficial.com\/muugitingimused\/"},"modified":"2025-12-06T01:00:17","modified_gmt":"2025-12-06T01:00:17","slug":"muugitingimused","status":"publish","type":"page","link":"https:\/\/kraitofficial.com\/ru\/muugitingimused\/","title":{"rendered":"M\u00fc\u00fcgitingimused"},"content":{"rendered":"<h2 class=\"wp-block-heading\">M\u00fc\u00fcgitingimused<\/h2>\n\n\n\n<p>K\u00e4esolevad m\u00fc\u00fcgitingimused kehtivad k\u00f5igi ERX O\u00dc (edaspidi \u201cmeie\u201d, \u201cme\u201d) veebipoest kraitofficial.com tehtud ostude kohta.<\/p>\n\n\n\n<h2 class=\"wp-block-heading\">1. \u041c\u044e\u0439\u044f \u0410\u043d\u0434\u043c\u0435\u0434<\/h2>\n\n\n\n<p><strong>\u042d\u0442\u0442\u0435\u0432\u044b\u0442\u0435:<\/strong> ERX O\u00dc<br>\n<strong>\u0420\u0435\u0433\u0438\u0441\u0442\u0440\u0438\u0440\u043e\u0432\u0430\u0442\u044c:<\/strong> 14478739<br>\n<strong>\u0410\u0434\u0440\u0435\u0441:<\/strong> Kaupmehe tn 5, 50104 Tartu linn, Tartu maakond<br>\n<strong>\u042d\u043b\u0435\u043a\u0442\u0440\u043e\u043d\u043d\u0430\u044f \u043f\u043e\u0447\u0442\u0430:<\/strong> info@kraitofficial.com<br>\n<strong>Veebileht:<\/strong> https:\/\/kraitofficial.com<\/p>\n\n\n\n<h2 class=\"wp-block-heading\">2. Tooted ja hinnad<\/h2>\n\n\n\n<p>K\u00f5ik meie veebipoes kuvatud hinnad on m\u00e4rgitud eurodes (\u20ac) ja sisaldavad k\u00e4ibemaksu (VAT), kui see on kohaldatav vastavalt Eesti seadusandlusele.<\/p>\n\n\n\n<p>Meil on \u00f5igus muuta hindu ja tooteid ilma eelneva teavitamata. Tellimuse hinna kinnitatakse tellimuse kinnitamise hetkel.<\/p>\n\n\n\n<p>\u041a\u044b\u044b\u043a \u0442\u043e\u043e\u0442 \u043d\u0430 \u043a\u0438\u0440\u044c\u0435\u043b\u0434\u0430\u0442\u0443\u0434 \u043d\u0438\u0438 \u0442\u044f\u043f\u0441\u0435\u043b\u044c\u0442 \u043a\u0443\u0438 \u0432\u044b\u0438\u043c\u0430\u043b\u0438\u043a, \u043a\u0443\u0438\u0434 \u0432\u044b\u0438\u043c\u0435 \u0442\u0435\u0445\u0430 \u0432\u044f\u0439\u043a\u0441\u0435\u0439\u0434 \u044d\u0440\u0438\u043d\u0435\u0432\u0443\u0441\u0438 \u043f\u0430\u043a\u0435\u043d\u0434\u0443\u0441 \u0432\u044b\u0438 \u0432\u0435\u0440\u0432\u0438\u0441, \u043c\u0438\u0441 \u044d\u0438 \u043c\u0443\u0443\u0434\u0430 \u0442\u043e\u043e\u0442 \u043e\u043c\u0430\u0434\u0443\u0441\u0438.<\/p>\n\n\n\n<h2 class=\"wp-block-heading\">3. \u0422\u0435\u043b\u043b\u0438\u043c\u0443\u0441 \u0432\u043e\u0440\u043c\u0438\u0441\u0442\u0430\u043c\u0438\u043d<\/h2>\n\n\n\n<p>Tellimuse vormistamiseks:<\/p>\n\n\n\n<ul class=\"wp-block-list\">\n<li>Valige soovitud tooted ja lisage need ostukorvi<\/li>\n<li>\u041a\u043e\u043d\u0442\u0440\u043e\u043b\u0438\u0440\u0443\u0439\u0442\u0435 \u043e\u0441\u0442\u0443\u043a\u043e\u0440\u0432\u0438 \u0441\u0438\u0441\u0443<\/li>\n<li>\u0421\u0438\u0441\u0435\u0441\u0442\u0430\u0433\u0435 \u043a\u043e\u0445\u0430\u043b\u0435\u0442\u043e\u0438\u043c\u0435\u0442\u0430\u043c\u0438\u0437\u0435 \u0438\u043c\u0435\u0434<\/li>\n<li>Valige kohaletoimetamise viis<\/li>\n<li>Valige makseviis (Montonio maksete t\u00f6\u00f6tlemine)<\/li>\n<li>\u041a\u0438\u043d\u043d\u0438\u0442\u0430\u0436 \u0442\u0435\u043b\u043b\u0438\u043c\u0443\u0441<\/li>\n<\/ul>\n\n\n\n<p>Tellimuse kinnitamise j\u00e4rel saadame teile tellimuse kinnituse e-kirjaga. Tellimus loetakse vastu v\u00f5etud p\u00e4rast makse kinnitamist.<\/p>\n\n\n\n<h2 class=\"wp-block-heading\">4. \u041c\u0430\u043a\u0441\u043c\u0438\u043d<\/h2>\n\n\n\n<p>\u041c\u0430\u043a\u0441\u0435\u0432\u0438\u0437\u0438\u0434:<\/p>\n\n\n\n<ul class=\"wp-block-list\">\n<li>Pangalink (Eesti, Soome, L\u00e4ti, Leedu, Poola pankade kaudu)<\/li>\n<li>Krediitkaardimaksed<\/li>\n<li>Apple Pay<\/li>\n<li>Google Pay<\/li>\n<li>Revolut<\/li>\n<li>\u041c\u0443\u0443\u0434 \u041c\u043e\u043d\u0442\u043e\u043d\u0438\u043e \u043f\u0443\u043b\u0442 \u043f\u0430\u043a\u0443\u0442\u0443\u0434 \u043c\u0430\u043a\u0441\u0435\u0432\u0438\u0437\u0438\u0434<\/li>\n<\/ul>\n\n\n\n<p>Makse t\u00f6\u00f6tleb Montonio. K\u00f5ik maksetehingud on kr\u00fcpteeritud ja turvalised. Meie ei salvesta ega t\u00f6\u00f6tle teie makseandmeid otse - need t\u00f6\u00f6tleb meie maksepartner Montonio vastavalt oma privaatsuspoliitikale.<\/p>\n\n\n\n<p>Tellimus t\u00e4idetakse p\u00e4rast makse kinnitamist.<\/p>\n\n\n\n<h2 class=\"wp-block-heading\">5. \u041a\u043e\u0445\u0430\u043b\u0435\u0442\u043e\u0438\u043c\u0435\u0442\u0430\u043c\u0438\u043d<\/h2>\n\n\n\n<p>Kohaletoimetamise viisid ja kohaletoimetamise ajad:<\/p>\n\n\n\n<ul class=\"wp-block-list\">\n<li><strong>\u042d\u044d\u0441\u0442\u0438:<\/strong> 2-5 \u0422\u0451\u0451\u043f\u044f\u0435\u0432\u0430<\/li>\n<li><strong>Euroopa Liit:<\/strong> 5-14 \u0442\u0451\u0451\u043f\u044f\u0435\u0432\u0430<\/li>\n<li><strong>\u0420\u0430\u0445\u0432\u0443\u0441\u0432\u0430\u0445\u0435\u043b\u0438\u043d:<\/strong> 10-30 t\u00f6\u00f6p\u00e4eva (olenevalt sihtriigist)<\/li>\n<\/ul>\n\n\n\n<p>Kohaletoimetamise kulu arvestatakse tellimuse vormistamisel ja s\u00f5ltub valitud kohaletoimetamise viisist ja sihtriigist.<\/p>\n\n\n\n<p>Tellimus saadetakse kohaletoimetamiseks p\u00e4rast makse kinnitamist. Teavitame teid kohaletoimetamise alustamisest ja esitame j\u00e4lgimiskoodi, kui see on saadaval.<\/p>\n\n\n\n<h2 class=\"wp-block-heading\">6. Tagasiminek ja tagasimaksmine (14 p\u00e4eva \u00f5igus)<\/h2>\n\n\n\n<p>Vastavalt Euroopa Liidu seadusandlusele on teil \u00f5igus taganeda ostust 14 p\u00e4eva jooksul ilma p\u00f5hjendamata.<\/p>\n\n\n\n<h3 class=\"wp-block-heading\">6.1. \u0422\u0430\u0433\u0430\u043d\u0435\u043c\u0438\u0437\u0441\u043a\u0438\u0439 \u043f\u0435\u0440\u0438\u0443\u0434<\/h3>\n\n\n\n<p>\u0422\u0430\u0433\u0430\u043d\u0435\u043c\u0438\u0437\u0435 \u043f\u0435\u0440\u0438\u0443\u0434 \u0430\u043b\u0433\u0430\u0431:<\/p>\n\n\n\n<ul class=\"wp-block-list\">\n<li>Kui olete tellinud \u00fche v\u00f5i mitu toodet: p\u00e4eval, mil saate viimase toote<\/li>\n<li>Kui olete tellinud toote, mis koosneb mitu t\u00fckki v\u00f5i komponente: p\u00e4eval, mil saate viimase t\u00fcki v\u00f5i komponendi<\/li>\n<\/ul>\n\n\n\n<h3 class=\"wp-block-heading\">6.2. Tagasimineku tingimused<\/h3>\n\n\n\n<p>Tooted peavad olema tagastatud:<\/p>\n\n\n\n<ul class=\"wp-block-list\">\n<li>Muutmata olekus (v\u00e4lja arvatud m\u00f5\u00f5dukas kontrollimine)<\/li>\n<li>Originaalpakenduses, kui see on v\u00f5imalik<\/li>\n<li>K\u00f5igi kuuluvuste ja juhenditega<\/li>\n<li>\u0418\u043b\u043c\u0430 \u041a\u0430\u0445\u044e\u0441\u0442\u0443\u0441\u0442\u0435\u0442\u0430<\/li>\n<\/ul>\n\n\n\n<p>Meie on \u00f5igus v\u00e4hendada tagasimakset, kui toode on kannatada saanud kahjustusi, mis on tulenenud toote ebarahuldavast k\u00e4sitsemisest.<\/p>\n\n\n\n<h3 class=\"wp-block-heading\">6.3. \u0422\u0430\u0433\u0430\u043d\u0435\u043c\u0438\u0437\u0435 \u0442\u0435\u0430\u0432\u0438\u0442\u0430\u043c\u0438\u043d<\/h3>\n\n\n\n<p>Taganemise teavitamiseks saate:<\/p>\n\n\n\n<ul class=\"wp-block-list\">\n<li>Saata e-kirja aadressile: info@kraitofficial.com<\/li>\n<li>Kasutada veebilehel olevat taganemisvormi (kui see on saadaval)<\/li>\n<\/ul>\n\n\n\n<p>Teavitamisel palun m\u00e4rkige:<\/p>\n\n\n\n<ul class=\"wp-block-list\">\n<li>Teie nimi ja kontaktandmed<\/li>\n<li>\u041d\u043e\u043c\u0435\u0440 Tellimuse<\/li>\n<li>Toote nimetus ja kogus<\/li>\n<li>Taganemise p\u00f5hjus (valikuline)<\/li>\n<\/ul>\n\n\n\n<h3 class=\"wp-block-heading\">6.4. Tagasimakse<\/h3>\n\n\n\n<p>Tagasimakse tehakse samale maksevahendile, millega tellimus tehti, viimase 14 p\u00e4eva jooksul p\u00e4rast toote tagastamist v\u00f5i p\u00e4rast t\u00f5endit toote tagastamisest.<\/p>\n\n\n\n<p>Tagasimakse summa sisaldab algset maksumust, v\u00e4lja arvatud:<\/p>\n\n\n\n<ul class=\"wp-block-list\">\n<li>\u041a\u043e\u0445\u0430\u043b\u0435\u0442\u043e\u0438\u043c\u0435\u0442\u0430\u043c\u0438\u0437\u0435 \u043a\u0443\u043b\u0443\u0434 (\u043a\u0443\u0438 \u0442\u0435\u0435 \u044d\u0438 \u043a\u0430\u0441\u0443\u0442\u0430\u043d\u0443\u0434 \u043e\u0434\u0430\u0432\u0430\u0439\u043c\u0430\u0442 \u043f\u0430\u043a\u043a\u0443\u043c\u0438\u0441\u0442)<\/li>\n<li>Otse tagasimineku t\u00f5ttu tekkinud kulud<\/li>\n<\/ul>\n\n\n\n<h2 class=\"wp-block-heading\">7. Garantii ja viga<\/h2>\n\n\n\n<p>K\u00f5igil meie toodetel on garantii vastavalt Eesti seadusandlusele. Kui toode on defektne v\u00f5i ei vasta kirjeldusele, on teil \u00f5igus:<\/p>\n\n\n\n<ul class=\"wp-block-list\">\n<li>\u041d\u044b\u0443\u0434\u0430 \u0434\u0435\u0444\u0435\u043a\u0442\u0441\u0435 \u0442\u043e\u043e\u0442\u0435 \u043f\u0430\u0440\u0430\u043d\u0434\u0430\u043c\u0438\u0441\u0442<\/li>\n<li>N\u00f5uda defektse toote asendamist<\/li>\n<li>N\u00f5uda hinna v\u00e4hendamist<\/li>\n<li>T\u00fchistada ost ja n\u00f5uda tagasimakset<\/li>\n<\/ul>\n\n\n\n<h2 class=\"wp-block-heading\">8. \u0422\u0430\u0440\u0431\u0438\u0434\u0436\u0430\u043a\u0430\u0439\u0442\u0441\u0435<\/h2>\n\n\n\n<p>Teie \u00f5igused kaitseb Eesti tarbijakaitse seadusandlus ja Euroopa Liidu direktiivid. Kui teil on k\u00fcsimusi v\u00f5i kaebusi, v\u00f5ite p\u00f6\u00f6rduda:<\/p>\n\n\n\n<p><strong>Eesti Tarbijakaitse ja Tehnilise J\u00e4relevalve Amet<\/strong><br>\n\u0410\u0434\u0440\u0435\u0441: \u042d\u043d\u0434\u043b\u0430 10\u0430, 10122 \u0422\u0430\u043b\u043b\u0438\u043d\u043d<br>\n\u042d\u043b\u0435\u043a\u0442\u0440\u043e\u043d\u043d\u0430\u044f \u043f\u043e\u0447\u0442\u0430: info@ttja.ee<br>\nVeebileht: <a href=\"https:\/\/www.ttja.ee\">https:\/\/www.ttja.ee<\/a><\/p>\n\n\n\n<h2 class=\"wp-block-heading\">9. Vastutuse piirang<\/h2>\n\n\n\n<p>Meie vastutus on piiratud tellimuse v\u00e4\u00e4rtusega. Meie ei vastuta:<\/p>\n\n\n\n<ul class=\"wp-block-list\">\n<li>\u041a\u043e\u0445\u0430\u043b\u0435\u0442\u043e\u0438\u043c\u0435\u0442\u0430\u043c\u0438\u0437\u0435 \u0430\u0436\u0430\u043b \u0442\u0435\u043a\u043a\u0438\u043d\u0443\u0434 \u043a\u0430\u0445\u044e\u0441\u0442 \u0438\u0441\u043f\u043e\u043b\u044c\u0437\u043e\u0432\u0430\u043d\u043d\u044b\u0439, \u043a\u0443\u0438 \u043a\u043e\u0445\u0430\u043b\u0435\u0442\u043e\u0438\u043c\u0435\u0442\u0430\u043c\u0438\u0437\u0435 \u0442\u0438\u043d\u0443\u0441\u0442 \u043e\u0441\u0443\u0442\u0430\u0431 \u043a\u043e\u043b\u043c\u0430\u0441 \u043e\u0441\u0430\u043f\u0443\u043b<\/li>\n<li>Asjaolude eest, mis on meie kontrolliv\u00f5imust v\u00e4ljas (nt j\u00f5us\u00fcsteemid, loodus\u00f5nnetused)<\/li>\n<li>\u041a\u043e\u0445\u0430\u043b\u0435\u0442\u043e\u0438\u043c\u0435\u0442\u0430\u043c\u0438\u0437\u0435 \u0432\u0438\u0438\u0432\u0438\u0442\u0443\u0441\u0442\u0435 \u044d\u0441\u0442, \u043c\u0438\u0441 \u043d\u0430 \u0442\u0443\u043b\u0435\u043d\u0435\u043d\u0443\u0434 \u043a\u043e\u043b\u043c\u0430\u043d\u0434\u0430\u0442\u0435 \u043e\u0441\u0430\u043f\u0443\u043b\u0442\u0435 \u0441\u044e\u044e\u0441\u0442<\/li>\n<\/ul>\n\n\n\n<h2 class=\"wp-block-heading\">10. Isikuandmete t\u00f6\u00f6tlemine<\/h2>\n\n\n\n<p>\u0418\u0441\u0438\u043a\u0443\u0430\u043d\u0434\u043c\u0435\u0442\u0435 \u0442\u0451\u0451\u0442\u043b\u0435\u043c\u0438\u0437\u0435 \u043a\u043e\u0445\u0442\u0430 \u043b\u043e\u044d \u043c\u0435\u0439\u0435 <a href=\"\/ru\/privaatsuspoliitika\/\">Privaatsuspoliitikast<\/a>.<\/p>\n\n\n\n<h2 class=\"wp-block-heading\">11. Muudatused tingimustes<\/h2>\n\n\n\n<p>Meil on \u00f5igus muuta k\u00e4esolevaid m\u00fc\u00fcgitingimusi. Muudatused kehtivad kohe p\u00e4rast avaldamist veebilehel. Tellimuste kohta, mis on tehtud enne muudatusi, kehtivad endised tingimused.<\/p>\n\n\n\n<h2 class=\"wp-block-heading\">12. Kehtiv seadusandlus ja lahendusvaidlused<\/h2>\n\n\n\n<p>K\u00e4esolevad tingimused on koostatud vastavalt Eesti Vabariigi seadusandlusele. K\u00f5ik vaidlused p\u00fc\u00fctakse lahendada kokkuleppele j\u00f5udes. Kui kokkulepe ei ole v\u00f5imalik, lahendatakse vaidlused Eesti kohtutes.<\/p>\n\n\n\n<p>Vastavalt Euroopa Liidu seadusandlusele on teil \u00f5igus kasutada alternatiivseid vaidluslahendamise meetodeid (ODR platvorm).<\/p>\n\n\n\n<h2 class=\"wp-block-heading\">13. Kontakt<\/h2>\n\n\n\n<p>K\u00fcsimuste ja kaebuste korral v\u00f5tke meiega \u00fchendust:<\/p>\n\n\n\n<p><strong>ERX O\u00dc<\/strong><br>\n\u042d\u043b\u0435\u043a\u0442\u0440\u043e\u043d\u043d\u0430\u044f \u043f\u043e\u0447\u0442\u0430: info@kraitofficial.com<br>\n\u0410\u0434\u0440\u0435\u0441: Kaupmehe tn 5, 50104 Tartu linn, Tartu maakond<\/p>\n\n\n\n<p><em>Viimati uuendatud: 2025-12-06<\/em><\/p>","protected":false},"excerpt":{"rendered":"<p>M\u00fc\u00fcgitingimused K\u00e4esolevad m\u00fc\u00fcgitingimused kehtivad k\u00f5igi ERX O\u00dc (edaspidi &#8220;meie&#8221;, &#8220;me&#8221;) veebipoest kraitofficial.com tehtud ostude kohta. 1. M\u00fc\u00fcja andmed Ettev\u00f5te: ERX O\u00dc Registrikood: 14478739 Aadress: Kaupmehe tn 5, 50104 Tartu linn, Tartu maakond E-post: info@kraitofficial.com Veebileht: https:\/\/kraitofficial.com 2. Tooted ja hinnad K\u00f5ik meie veebipoes kuvatud hinnad on m\u00e4rgitud eurodes (\u20ac) ja sisaldavad k\u00e4ibemaksu (VAT), kui see [&hellip;]<\/p>\n","protected":false},"author":0,"featured_media":0,"parent":0,"menu_order":0,"comment_status":"closed","ping_status":"closed","template":"","meta":{"_acf_changed":false,"footnotes":""},"class_list":["post-11600","page","type-page","status-publish","hentry"],"acf":[],"yoast_head":"<!-- This site is optimized with the Yoast SEO plugin v27.5 - https:\/\/yoast.com\/product\/yoast-seo-wordpress\/ -->\n<title>M\u00fc\u00fcgitingimused | KRAIT Official | Ostutingimused<\/title>\n<meta name=\"description\" content=\"KRAIT Official m\u00fc\u00fcgitingimused. ERX O\u00dc veebipoest kraitofficial.com tehtud ostude tingimused. Lugege meie ostutingimused ja tagasimakse poliitika.\" \/>\n<meta name=\"robots\" content=\"index, follow, max-snippet:-1, max-image-preview:large, max-video-preview:-1\" \/>\n<link rel=\"canonical\" href=\"https:\/\/kraitofficial.com\/ru\/muugitingimused\/\" \/>\n<meta property=\"og:locale\" content=\"ru_RU\" \/>\n<meta property=\"og:type\" content=\"article\" \/>\n<meta property=\"og:title\" content=\"M\u00fc\u00fcgitingimused | KRAIT Official | Ostutingimused\" \/>\n<meta property=\"og:description\" content=\"KRAIT Official m\u00fc\u00fcgitingimused. ERX O\u00dc veebipoest kraitofficial.com tehtud ostude tingimused. Lugege meie ostutingimused ja tagasimakse poliitika.\" \/>\n<meta property=\"og:url\" content=\"https:\/\/kraitofficial.com\/ru\/muugitingimused\/\" \/>\n<meta property=\"og:site_name\" content=\"KRAITOFFICIAL\" \/>\n<meta property=\"article:publisher\" content=\"https:\/\/www.facebook.com\/profile.php?id=61584570081371\" \/>\n<meta name=\"twitter:card\" content=\"summary_large_image\" \/>\n<meta name=\"twitter:label1\" content=\"\u041f\u0440\u0438\u043c\u0435\u0440\u043d\u043e\u0435 \u0432\u0440\u0435\u043c\u044f \u0434\u043b\u044f \u0447\u0442\u0435\u043d\u0438\u044f\" \/>\n\t<meta name=\"twitter:data1\" content=\"4 \u043c\u0438\u043d\u0443\u0442\u044b\" \/>\n<script type=\"application\/ld+json\" class=\"yoast-schema-graph\">{\"@context\":\"https:\\\/\\\/schema.org\",\"@graph\":[{\"@type\":\"WebPage\",\"@id\":\"https:\\\/\\\/kraitofficial.com\\\/muugitingimused\\\/\",\"url\":\"https:\\\/\\\/kraitofficial.com\\\/muugitingimused\\\/\",\"name\":\"M\u00fc\u00fcgitingimused | KRAIT Official | Ostutingimused\",\"isPartOf\":{\"@id\":\"https:\\\/\\\/kraitofficial.com\\\/#website\"},\"datePublished\":\"2025-12-06T01:00:17+00:00\",\"description\":\"KRAIT Official m\u00fc\u00fcgitingimused. ERX O\u00dc veebipoest kraitofficial.com tehtud ostude tingimused. Lugege meie ostutingimused ja tagasimakse poliitika.\",\"breadcrumb\":{\"@id\":\"https:\\\/\\\/kraitofficial.com\\\/muugitingimused\\\/#breadcrumb\"},\"inLanguage\":\"ru-RU\",\"potentialAction\":[{\"@type\":\"ReadAction\",\"target\":[\"https:\\\/\\\/kraitofficial.com\\\/muugitingimused\\\/\"]}]},{\"@type\":\"BreadcrumbList\",\"@id\":\"https:\\\/\\\/kraitofficial.com\\\/muugitingimused\\\/#breadcrumb\",\"itemListElement\":[{\"@type\":\"ListItem\",\"position\":1,\"name\":\"Home\",\"item\":\"https:\\\/\\\/kraitofficial.com\\\/\"},{\"@type\":\"ListItem\",\"position\":2,\"name\":\"M\u00fc\u00fcgitingimused\"}]},{\"@type\":\"WebSite\",\"@id\":\"https:\\\/\\\/kraitofficial.com\\\/#website\",\"url\":\"https:\\\/\\\/kraitofficial.com\\\/\",\"name\":\"KRAITOFFICIAL\",\"description\":\"\",\"publisher\":{\"@id\":\"https:\\\/\\\/kraitofficial.com\\\/#organization\"},\"potentialAction\":[{\"@type\":\"SearchAction\",\"target\":{\"@type\":\"EntryPoint\",\"urlTemplate\":\"https:\\\/\\\/kraitofficial.com\\\/?s={search_term_string}\"},\"query-input\":{\"@type\":\"PropertyValueSpecification\",\"valueRequired\":true,\"valueName\":\"search_term_string\"}}],\"inLanguage\":\"ru-RU\"},{\"@type\":\"Organization\",\"@id\":\"https:\\\/\\\/kraitofficial.com\\\/#organization\",\"name\":\"KRAITOFFICIAL\",\"url\":\"https:\\\/\\\/kraitofficial.com\\\/\",\"logo\":{\"@type\":\"ImageObject\",\"inLanguage\":\"ru-RU\",\"@id\":\"https:\\\/\\\/kraitofficial.com\\\/#\\\/schema\\\/logo\\\/image\\\/\",\"url\":\"https:\\\/\\\/kraitofficial.com\\\/wp-content\\\/uploads\\\/2025\\\/12\\\/logosign.jpg\",\"contentUrl\":\"https:\\\/\\\/kraitofficial.com\\\/wp-content\\\/uploads\\\/2025\\\/12\\\/logosign.jpg\",\"width\":500,\"height\":500,\"caption\":\"KRAITOFFICIAL\"},\"image\":{\"@id\":\"https:\\\/\\\/kraitofficial.com\\\/#\\\/schema\\\/logo\\\/image\\\/\"},\"sameAs\":[\"https:\\\/\\\/www.facebook.com\\\/profile.php?id=61584570081371\",\"https:\\\/\\\/www.instagram.com\\\/kraitofficial_com\\\/\"]}]}<\/script>\n<!-- \/ Yoast SEO plugin. -->","yoast_head_json":{"title":"M\u00fc\u00fcgitingimused | KRAIT Official | Ostutingimused","description":"KRAIT Official m\u00fc\u00fcgitingimused. ERX O\u00dc veebipoest kraitofficial.com tehtud ostude tingimused. Lugege meie ostutingimused ja tagasimakse poliitika.","robots":{"index":"index","follow":"follow","max-snippet":"max-snippet:-1","max-image-preview":"max-image-preview:large","max-video-preview":"max-video-preview:-1"},"canonical":"https:\/\/kraitofficial.com\/ru\/muugitingimused\/","og_locale":"ru_RU","og_type":"article","og_title":"M\u00fc\u00fcgitingimused | KRAIT Official | Ostutingimused","og_description":"KRAIT Official m\u00fc\u00fcgitingimused. ERX O\u00dc veebipoest kraitofficial.com tehtud ostude tingimused. Lugege meie ostutingimused ja tagasimakse poliitika.","og_url":"https:\/\/kraitofficial.com\/ru\/muugitingimused\/","og_site_name":"KRAITOFFICIAL","article_publisher":"https:\/\/www.facebook.com\/profile.php?id=61584570081371","twitter_card":"summary_large_image","twitter_misc":{"\u041f\u0440\u0438\u043c\u0435\u0440\u043d\u043e\u0435 \u0432\u0440\u0435\u043c\u044f \u0434\u043b\u044f \u0447\u0442\u0435\u043d\u0438\u044f":"4 \u043c\u0438\u043d\u0443\u0442\u044b"},"schema":{"@context":"https:\/\/schema.org","@graph":[{"@type":"WebPage","@id":"https:\/\/kraitofficial.com\/muugitingimused\/","url":"https:\/\/kraitofficial.com\/muugitingimused\/","name":"M\u00fc\u00fcgitingimused | KRAIT Official | Ostutingimused","isPartOf":{"@id":"https:\/\/kraitofficial.com\/#website"},"datePublished":"2025-12-06T01:00:17+00:00","description":"KRAIT Official m\u00fc\u00fcgitingimused. ERX O\u00dc veebipoest kraitofficial.com tehtud ostude tingimused. Lugege meie ostutingimused ja tagasimakse poliitika.","breadcrumb":{"@id":"https:\/\/kraitofficial.com\/muugitingimused\/#breadcrumb"},"inLanguage":"ru-RU","potentialAction":[{"@type":"ReadAction","target":["https:\/\/kraitofficial.com\/muugitingimused\/"]}]},{"@type":"BreadcrumbList","@id":"https:\/\/kraitofficial.com\/muugitingimused\/#breadcrumb","itemListElement":[{"@type":"ListItem","position":1,"name":"Home","item":"https:\/\/kraitofficial.com\/"},{"@type":"ListItem","position":2,"name":"M\u00fc\u00fcgitingimused"}]},{"@type":"WebSite","@id":"https:\/\/kraitofficial.com\/#website","url":"https:\/\/kraitofficial.com\/","name":"KRAITOFFICIAL","description":"","publisher":{"@id":"https:\/\/kraitofficial.com\/#organization"},"potentialAction":[{"@type":"SearchAction","target":{"@type":"EntryPoint","urlTemplate":"https:\/\/kraitofficial.com\/?s={search_term_string}"},"query-input":{"@type":"PropertyValueSpecification","valueRequired":true,"valueName":"search_term_string"}}],"inLanguage":"ru-RU"},{"@type":"Organization","@id":"https:\/\/kraitofficial.com\/#organization","name":"KRAITOFFICIAL","url":"https:\/\/kraitofficial.com\/","logo":{"@type":"ImageObject","inLanguage":"ru-RU","@id":"https:\/\/kraitofficial.com\/#\/schema\/logo\/image\/","url":"https:\/\/kraitofficial.com\/wp-content\/uploads\/2025\/12\/logosign.jpg","contentUrl":"https:\/\/kraitofficial.com\/wp-content\/uploads\/2025\/12\/logosign.jpg","width":500,"height":500,"caption":"KRAITOFFICIAL"},"image":{"@id":"https:\/\/kraitofficial.com\/#\/schema\/logo\/image\/"},"sameAs":["https:\/\/www.facebook.com\/profile.php?id=61584570081371","https:\/\/www.instagram.com\/kraitofficial_com\/"]}]}},"_links":{"self":[{"href":"https:\/\/kraitofficial.com\/ru\/wp-json\/wp\/v2\/pages\/11600","targetHints":{"allow":["GET"]}}],"collection":[{"href":"https:\/\/kraitofficial.com\/ru\/wp-json\/wp\/v2\/pages"}],"about":[{"href":"https:\/\/kraitofficial.com\/ru\/wp-json\/wp\/v2\/types\/page"}],"replies":[{"embeddable":true,"href":"https:\/\/kraitofficial.com\/ru\/wp-json\/wp\/v2\/comments?post=11600"}],"version-history":[{"count":0,"href":"https:\/\/kraitofficial.com\/ru\/wp-json\/wp\/v2\/pages\/11600\/revisions"}],"wp:attachment":[{"href":"https:\/\/kraitofficial.com\/ru\/wp-json\/wp\/v2\/media?parent=11600"}],"curies":[{"name":"wp","href":"https:\/\/api.w.org\/{rel}","templated":true}]}}