{"id":11173,"date":"2025-11-01T13:25:24","date_gmt":"2025-11-01T13:25:24","guid":{"rendered":"https:\/\/kraitofficial.com\/?post_type=product&#038;p=11173"},"modified":"2026-02-23T09:39:38","modified_gmt":"2026-02-23T09:39:38","slug":"krait-lumina-top","status":"publish","type":"product","link":"https:\/\/kraitofficial.com\/et\/product\/krait-lumina-top\/","title":{"rendered":"KRAIT LUMINA TOP"},"content":{"rendered":"<p>KRAIT LUMINA Top - Move with Confidence Premium sporditops, mis on loodud mugavuse, stiili ja j\u00f5udluse tagamiseks.<\/p>\n<p>- Kerge, hingav kangas hoiab sind jahedana ja kuivana.<\/p>\n<p>- Elegantne, r\u00e4tsepat\u00f6\u00f6na sobitamine tagab elegantsi ja liikumisvabaduse.<\/p>\n<p>- Neli esmaklassilist v\u00e4rvi: Arktiline valge, Obsidian Black, Petal Blush, Walnut.<\/p>\n<p>Sobib ideaalselt treeninguteks, v\u00f5istlusteks v\u00f5i igap\u00e4evaseks kandmiseks, \u00fchendades moodi suunatud disaini ja sportliku funktsionaalsuse.<\/p>","protected":false},"excerpt":{"rendered":"<p>Grace in motion<\/p>","protected":false},"featured_media":11848,"comment_status":"open","ping_status":"closed","template":"","meta":{"_acf_changed":false},"product_brand":[],"product_cat":[25],"product_tag":[],"class_list":{"0":"post-11173","1":"product","2":"type-product","3":"status-publish","4":"has-post-thumbnail","6":"product_cat-t-shirts-woman","8":"first","9":"instock","10":"taxable","11":"shipping-taxable","12":"purchasable","13":"product-type-variable","14":"has-default-attributes"},"acf":[],"yoast_head":"<!-- This site is optimized with the Yoast SEO plugin v27.3 - https:\/\/yoast.com\/product\/yoast-seo-wordpress\/ -->\n<title>KRAIT LUMINA TOP | Men&#039;s Padel T-Shirt | Premium Sportswear | KRAIT Official<\/title>\n<meta name=\"description\" content=\"Grace in motion. Premium KRAIT LUMINA TOP men&#039;s padel t-shirt. Lightweight, breathable fabric. Sleek tailored fit. \u20ac35. Free shipping. Shop premium padel clothing at KRAIT Official.\" \/>\n<meta name=\"robots\" content=\"index, follow, max-snippet:-1, max-image-preview:large, max-video-preview:-1\" \/>\n<link rel=\"canonical\" href=\"https:\/\/kraitofficial.com\/et\/toode\/krait-lumina-top\/\" \/>\n<meta property=\"og:locale\" content=\"et_EE\" \/>\n<meta property=\"og:type\" content=\"article\" \/>\n<meta property=\"og:title\" content=\"KRAIT LUMINA TOP | Men&#039;s Padel T-Shirt | Premium Sportswear | KRAIT Official\" \/>\n<meta property=\"og:description\" content=\"Grace in motion. Premium KRAIT LUMINA TOP men&#039;s padel t-shirt. Lightweight, breathable fabric. Sleek tailored fit. \u20ac35. Free shipping. Shop premium padel clothing at KRAIT Official.\" \/>\n<meta property=\"og:url\" content=\"https:\/\/kraitofficial.com\/et\/toode\/krait-lumina-top\/\" \/>\n<meta property=\"og:site_name\" content=\"KRAITOFFICIAL\" \/>\n<meta property=\"article:publisher\" content=\"https:\/\/www.facebook.com\/profile.php?id=61584570081371\" \/>\n<meta property=\"article:modified_time\" content=\"2026-02-23T09:39:38+00:00\" \/>\n<meta property=\"og:image\" content=\"https:\/\/kraitofficial.com\/wp-content\/uploads\/2025\/11\/top4ernwebp-scaled.webp\" \/>\n\t<meta property=\"og:image:width\" content=\"2560\" \/>\n\t<meta property=\"og:image:height\" content=\"2560\" \/>\n\t<meta property=\"og:image:type\" content=\"image\/webp\" \/>\n<meta name=\"twitter:card\" content=\"summary_large_image\" \/>\n<meta name=\"twitter:label1\" content=\"Est. reading time\" \/>\n\t<meta name=\"twitter:data1\" content=\"1 minut\" \/>\n<script type=\"application\/ld+json\" class=\"yoast-schema-graph\">{\"@context\":\"https:\\\/\\\/schema.org\",\"@graph\":[{\"@type\":\"WebPage\",\"@id\":\"https:\\\/\\\/kraitofficial.com\\\/product\\\/krait-lumina-top\\\/\",\"url\":\"https:\\\/\\\/kraitofficial.com\\\/product\\\/krait-lumina-top\\\/\",\"name\":\"KRAIT LUMINA TOP | Men's Padel T-Shirt | Premium Sportswear | KRAIT Official\",\"isPartOf\":{\"@id\":\"https:\\\/\\\/kraitofficial.com\\\/#website\"},\"primaryImageOfPage\":{\"@id\":\"https:\\\/\\\/kraitofficial.com\\\/product\\\/krait-lumina-top\\\/#primaryimage\"},\"image\":{\"@id\":\"https:\\\/\\\/kraitofficial.com\\\/product\\\/krait-lumina-top\\\/#primaryimage\"},\"thumbnailUrl\":\"https:\\\/\\\/kraitofficial.com\\\/wp-content\\\/uploads\\\/2025\\\/11\\\/top4ernwebp-scaled.webp\",\"datePublished\":\"2025-11-01T13:25:24+00:00\",\"dateModified\":\"2026-02-23T09:39:38+00:00\",\"description\":\"Grace in motion. Premium KRAIT LUMINA TOP men's padel t-shirt. Lightweight, breathable fabric. Sleek tailored fit. \u20ac35. Free shipping. Shop premium padel clothing at KRAIT Official.\",\"breadcrumb\":{\"@id\":\"https:\\\/\\\/kraitofficial.com\\\/product\\\/krait-lumina-top\\\/#breadcrumb\"},\"inLanguage\":\"et\",\"potentialAction\":[{\"@type\":\"ReadAction\",\"target\":[\"https:\\\/\\\/kraitofficial.com\\\/product\\\/krait-lumina-top\\\/\"]}]},{\"@type\":\"ImageObject\",\"inLanguage\":\"et\",\"@id\":\"https:\\\/\\\/kraitofficial.com\\\/product\\\/krait-lumina-top\\\/#primaryimage\",\"url\":\"https:\\\/\\\/kraitofficial.com\\\/wp-content\\\/uploads\\\/2025\\\/11\\\/top4ernwebp-scaled.webp\",\"contentUrl\":\"https:\\\/\\\/kraitofficial.com\\\/wp-content\\\/uploads\\\/2025\\\/11\\\/top4ernwebp-scaled.webp\",\"width\":2560,\"height\":2560},{\"@type\":\"BreadcrumbList\",\"@id\":\"https:\\\/\\\/kraitofficial.com\\\/product\\\/krait-lumina-top\\\/#breadcrumb\",\"itemListElement\":[{\"@type\":\"ListItem\",\"position\":1,\"name\":\"Home\",\"item\":\"https:\\\/\\\/kraitofficial.com\\\/\"},{\"@type\":\"ListItem\",\"position\":2,\"name\":\"Catalog\",\"item\":\"https:\\\/\\\/kraitofficial.com\\\/catalog\\\/\"},{\"@type\":\"ListItem\",\"position\":3,\"name\":\"KRAIT LUMINA TOP\"}]},{\"@type\":\"WebSite\",\"@id\":\"https:\\\/\\\/kraitofficial.com\\\/#website\",\"url\":\"https:\\\/\\\/kraitofficial.com\\\/\",\"name\":\"KRAITOFFICIAL\",\"description\":\"\",\"publisher\":{\"@id\":\"https:\\\/\\\/kraitofficial.com\\\/#organization\"},\"potentialAction\":[{\"@type\":\"SearchAction\",\"target\":{\"@type\":\"EntryPoint\",\"urlTemplate\":\"https:\\\/\\\/kraitofficial.com\\\/?s={search_term_string}\"},\"query-input\":{\"@type\":\"PropertyValueSpecification\",\"valueRequired\":true,\"valueName\":\"search_term_string\"}}],\"inLanguage\":\"et\"},{\"@type\":\"Organization\",\"@id\":\"https:\\\/\\\/kraitofficial.com\\\/#organization\",\"name\":\"KRAITOFFICIAL\",\"url\":\"https:\\\/\\\/kraitofficial.com\\\/\",\"logo\":{\"@type\":\"ImageObject\",\"inLanguage\":\"et\",\"@id\":\"https:\\\/\\\/kraitofficial.com\\\/#\\\/schema\\\/logo\\\/image\\\/\",\"url\":\"https:\\\/\\\/kraitofficial.com\\\/wp-content\\\/uploads\\\/2025\\\/12\\\/logosign.jpg\",\"contentUrl\":\"https:\\\/\\\/kraitofficial.com\\\/wp-content\\\/uploads\\\/2025\\\/12\\\/logosign.jpg\",\"width\":500,\"height\":500,\"caption\":\"KRAITOFFICIAL\"},\"image\":{\"@id\":\"https:\\\/\\\/kraitofficial.com\\\/#\\\/schema\\\/logo\\\/image\\\/\"},\"sameAs\":[\"https:\\\/\\\/www.facebook.com\\\/profile.php?id=61584570081371\",\"https:\\\/\\\/www.instagram.com\\\/kraitofficial_com\\\/\"]}]}<\/script>\n<!-- \/ Yoast SEO plugin. -->","yoast_head_json":{"title":"KRAIT LUMINA TOP | Meeste Padel T-s\u00e4rk | Premium Sportswear | KRAIT Official","description":"Grace in motion. Premium KRAIT LUMINA TOP meeste padel t-s\u00e4rk. Kerge, hingav kangas. Stiilne r\u00e4tsepat\u00f6\u00f6na. 35 \u20ac. Tasuta kohaletoimetamine. Osta esmaklassilisi padelr\u00f5ivaid KRAIT Officialist.","robots":{"index":"index","follow":"follow","max-snippet":"max-snippet:-1","max-image-preview":"max-image-preview:large","max-video-preview":"max-video-preview:-1"},"canonical":"https:\/\/kraitofficial.com\/et\/toode\/krait-lumina-top\/","og_locale":"et_EE","og_type":"article","og_title":"KRAIT LUMINA TOP | Men's Padel T-Shirt | Premium Sportswear | KRAIT Official","og_description":"Grace in motion. Premium KRAIT LUMINA TOP men's padel t-shirt. Lightweight, breathable fabric. Sleek tailored fit. \u20ac35. Free shipping. Shop premium padel clothing at KRAIT Official.","og_url":"https:\/\/kraitofficial.com\/et\/toode\/krait-lumina-top\/","og_site_name":"KRAITOFFICIAL","article_publisher":"https:\/\/www.facebook.com\/profile.php?id=61584570081371","article_modified_time":"2026-02-23T09:39:38+00:00","og_image":[{"width":2560,"height":2560,"url":"https:\/\/kraitofficial.com\/wp-content\/uploads\/2025\/11\/top4ernwebp-scaled.webp","type":"image\/webp"}],"twitter_card":"summary_large_image","twitter_misc":{"Est. reading time":"1 minut"},"schema":{"@context":"https:\/\/schema.org","@graph":[{"@type":"WebPage","@id":"https:\/\/kraitofficial.com\/product\/krait-lumina-top\/","url":"https:\/\/kraitofficial.com\/product\/krait-lumina-top\/","name":"KRAIT LUMINA TOP | Meeste Padel T-s\u00e4rk | Premium Sportswear | KRAIT Official","isPartOf":{"@id":"https:\/\/kraitofficial.com\/#website"},"primaryImageOfPage":{"@id":"https:\/\/kraitofficial.com\/product\/krait-lumina-top\/#primaryimage"},"image":{"@id":"https:\/\/kraitofficial.com\/product\/krait-lumina-top\/#primaryimage"},"thumbnailUrl":"https:\/\/kraitofficial.com\/wp-content\/uploads\/2025\/11\/top4ernwebp-scaled.webp","datePublished":"2025-11-01T13:25:24+00:00","dateModified":"2026-02-23T09:39:38+00:00","description":"Grace in motion. Premium KRAIT LUMINA TOP meeste padel t-s\u00e4rk. Kerge, hingav kangas. Stiilne r\u00e4tsepat\u00f6\u00f6na. 35 \u20ac. Tasuta kohaletoimetamine. Osta esmaklassilisi padelr\u00f5ivaid KRAIT Officialist.","breadcrumb":{"@id":"https:\/\/kraitofficial.com\/product\/krait-lumina-top\/#breadcrumb"},"inLanguage":"et","potentialAction":[{"@type":"ReadAction","target":["https:\/\/kraitofficial.com\/product\/krait-lumina-top\/"]}]},{"@type":"ImageObject","inLanguage":"et","@id":"https:\/\/kraitofficial.com\/product\/krait-lumina-top\/#primaryimage","url":"https:\/\/kraitofficial.com\/wp-content\/uploads\/2025\/11\/top4ernwebp-scaled.webp","contentUrl":"https:\/\/kraitofficial.com\/wp-content\/uploads\/2025\/11\/top4ernwebp-scaled.webp","width":2560,"height":2560},{"@type":"BreadcrumbList","@id":"https:\/\/kraitofficial.com\/product\/krait-lumina-top\/#breadcrumb","itemListElement":[{"@type":"ListItem","position":1,"name":"Home","item":"https:\/\/kraitofficial.com\/"},{"@type":"ListItem","position":2,"name":"Catalog","item":"https:\/\/kraitofficial.com\/catalog\/"},{"@type":"ListItem","position":3,"name":"KRAIT LUMINA TOP"}]},{"@type":"WebSite","@id":"https:\/\/kraitofficial.com\/#website","url":"https:\/\/kraitofficial.com\/","name":"KRAITOFFICIAL","description":"","publisher":{"@id":"https:\/\/kraitofficial.com\/#organization"},"potentialAction":[{"@type":"SearchAction","target":{"@type":"EntryPoint","urlTemplate":"https:\/\/kraitofficial.com\/?s={search_term_string}"},"query-input":{"@type":"PropertyValueSpecification","valueRequired":true,"valueName":"search_term_string"}}],"inLanguage":"et"},{"@type":"Organization","@id":"https:\/\/kraitofficial.com\/#organization","name":"KRAITOFFICIAL","url":"https:\/\/kraitofficial.com\/","logo":{"@type":"ImageObject","inLanguage":"et","@id":"https:\/\/kraitofficial.com\/#\/schema\/logo\/image\/","url":"https:\/\/kraitofficial.com\/wp-content\/uploads\/2025\/12\/logosign.jpg","contentUrl":"https:\/\/kraitofficial.com\/wp-content\/uploads\/2025\/12\/logosign.jpg","width":500,"height":500,"caption":"KRAITOFFICIAL"},"image":{"@id":"https:\/\/kraitofficial.com\/#\/schema\/logo\/image\/"},"sameAs":["https:\/\/www.facebook.com\/profile.php?id=61584570081371","https:\/\/www.instagram.com\/kraitofficial_com\/"]}]}},"_links":{"self":[{"href":"https:\/\/kraitofficial.com\/et\/wp-json\/wp\/v2\/product\/11173","targetHints":{"allow":["GET"]}}],"collection":[{"href":"https:\/\/kraitofficial.com\/et\/wp-json\/wp\/v2\/product"}],"about":[{"href":"https:\/\/kraitofficial.com\/et\/wp-json\/wp\/v2\/types\/product"}],"replies":[{"embeddable":true,"href":"https:\/\/kraitofficial.com\/et\/wp-json\/wp\/v2\/comments?post=11173"}],"version-history":[{"count":3,"href":"https:\/\/kraitofficial.com\/et\/wp-json\/wp\/v2\/product\/11173\/revisions"}],"predecessor-version":[{"id":12317,"href":"https:\/\/kraitofficial.com\/et\/wp-json\/wp\/v2\/product\/11173\/revisions\/12317"}],"wp:featuredmedia":[{"embeddable":true,"href":"https:\/\/kraitofficial.com\/et\/wp-json\/wp\/v2\/media\/11848"}],"wp:attachment":[{"href":"https:\/\/kraitofficial.com\/et\/wp-json\/wp\/v2\/media?parent=11173"}],"wp:term":[{"taxonomy":"product_brand","embeddable":true,"href":"https:\/\/kraitofficial.com\/et\/wp-json\/wp\/v2\/product_brand?post=11173"},{"taxonomy":"product_cat","embeddable":true,"href":"https:\/\/kraitofficial.com\/et\/wp-json\/wp\/v2\/product_cat?post=11173"},{"taxonomy":"product_tag","embeddable":true,"href":"https:\/\/kraitofficial.com\/et\/wp-json\/wp\/v2\/product_tag?post=11173"}],"curies":[{"name":"wp","href":"https:\/\/api.w.org\/{rel}","templated":true}]}}