{"id":11165,"date":"2025-11-01T13:18:55","date_gmt":"2025-11-01T13:18:55","guid":{"rendered":"https:\/\/kraitofficial.com\/?post_type=product&#038;p=11165"},"modified":"2026-03-11T08:38:55","modified_gmt":"2026-03-11T08:38:55","slug":"krait-sokid-uks","status":"publish","type":"product","link":"https:\/\/kraitofficial.com\/et\/product\/krait-socks-one\/","title":{"rendered":"KRAIT SOCKS ONE"},"content":{"rendered":"<p><strong>KRAIT ONE<\/strong> - Step into Performance Premium tulemuslikkuse sokid, mis on loodud maksimaalse mugavuse ja toe tagamiseks.<\/p>\n<p>Tugevdatud tald tagab parema pehmenduse ja l\u00f6\u00f6gisummutuse.<br \/>\nHingav v\u00f5rkkattega pealmine osa hoiab jalad jahedana ja kuivana.<br \/>\nStretch-fit disain tagab t\u00e4iusliku ja turvalise istuvuse.<\/p>\n<p>KRAIT ONE on valmistatud k\u00f5rgekvaliteedilistest materjalidest ja \u00fchendab endas vastupidavuse, mugavuse ja j\u00f5udluse igal sammul, mis on m\u00f5eldud sportlastele, kes n\u00f5uavad parimat.<\/p>","protected":false},"excerpt":{"rendered":"<p>Sinu esimene samm v\u00f5idule<\/p>","protected":false},"featured_media":11897,"comment_status":"open","ping_status":"closed","template":"","meta":{"_acf_changed":false},"product_brand":[],"product_cat":[29],"product_tag":[],"class_list":{"0":"post-11165","1":"product","2":"type-product","3":"status-publish","4":"has-post-thumbnail","6":"product_cat-socks","8":"first","9":"instock","10":"taxable","11":"shipping-taxable","12":"purchasable","13":"product-type-variable","14":"has-default-attributes"},"acf":[],"yoast_head":"<!-- This site is optimized with the Yoast SEO plugin v27.3 - https:\/\/yoast.com\/product\/yoast-seo-wordpress\/ -->\n<title>KRAIT SOCKS ONE | Premium Performance Socks | KRAIT Official<\/title>\n<meta name=\"description\" content=\"Your first step to victory. KRAIT ONE premium performance socks. Thickened sole for superior cushioning. Breathable mesh upper. Maximum comfort and support. \u20ac7. Free shipping. Shop premium padel socks at KRAIT Official.\" \/>\n<meta name=\"robots\" content=\"index, follow, max-snippet:-1, max-image-preview:large, max-video-preview:-1\" \/>\n<link rel=\"canonical\" href=\"https:\/\/kraitofficial.com\/et\/toode\/krait-sokid-uks\/\" \/>\n<meta property=\"og:locale\" content=\"et_EE\" \/>\n<meta property=\"og:type\" content=\"article\" \/>\n<meta property=\"og:title\" content=\"KRAIT SOCKS ONE | Premium Performance Socks | KRAIT Official\" \/>\n<meta property=\"og:description\" content=\"Your first step to victory. KRAIT ONE premium performance socks. Thickened sole for superior cushioning. Breathable mesh upper. Maximum comfort and support. \u20ac7. Free shipping. Shop premium padel socks at KRAIT Official.\" \/>\n<meta property=\"og:url\" content=\"https:\/\/kraitofficial.com\/et\/toode\/krait-sokid-uks\/\" \/>\n<meta property=\"og:site_name\" content=\"KRAITOFFICIAL\" \/>\n<meta property=\"article:publisher\" content=\"https:\/\/www.facebook.com\/profile.php?id=61584570081371\" \/>\n<meta property=\"article:modified_time\" content=\"2026-03-11T08:38:55+00:00\" \/>\n<meta property=\"og:image\" content=\"https:\/\/kraitofficial.com\/wp-content\/uploads\/2025\/11\/WhiteSocks1webp-scaled.webp\" \/>\n\t<meta property=\"og:image:width\" content=\"2560\" \/>\n\t<meta property=\"og:image:height\" content=\"2560\" \/>\n\t<meta property=\"og:image:type\" content=\"image\/webp\" \/>\n<meta name=\"twitter:card\" content=\"summary_large_image\" \/>\n<meta name=\"twitter:label1\" content=\"Est. reading time\" \/>\n\t<meta name=\"twitter:data1\" content=\"1 minut\" \/>\n<script type=\"application\/ld+json\" class=\"yoast-schema-graph\">{\"@context\":\"https:\\\/\\\/schema.org\",\"@graph\":[{\"@type\":\"WebPage\",\"@id\":\"https:\\\/\\\/kraitofficial.com\\\/product\\\/krait-socks-one\\\/\",\"url\":\"https:\\\/\\\/kraitofficial.com\\\/product\\\/krait-socks-one\\\/\",\"name\":\"KRAIT SOCKS ONE | Premium Performance Socks | KRAIT Official\",\"isPartOf\":{\"@id\":\"https:\\\/\\\/kraitofficial.com\\\/#website\"},\"primaryImageOfPage\":{\"@id\":\"https:\\\/\\\/kraitofficial.com\\\/product\\\/krait-socks-one\\\/#primaryimage\"},\"image\":{\"@id\":\"https:\\\/\\\/kraitofficial.com\\\/product\\\/krait-socks-one\\\/#primaryimage\"},\"thumbnailUrl\":\"https:\\\/\\\/kraitofficial.com\\\/wp-content\\\/uploads\\\/2025\\\/11\\\/WhiteSocks1webp-scaled.webp\",\"datePublished\":\"2025-11-01T13:18:55+00:00\",\"dateModified\":\"2026-03-11T08:38:55+00:00\",\"description\":\"Your first step to victory. KRAIT ONE premium performance socks. Thickened sole for superior cushioning. Breathable mesh upper. Maximum comfort and support. \u20ac7. Free shipping. Shop premium padel socks at KRAIT Official.\",\"breadcrumb\":{\"@id\":\"https:\\\/\\\/kraitofficial.com\\\/product\\\/krait-socks-one\\\/#breadcrumb\"},\"inLanguage\":\"et\",\"potentialAction\":[{\"@type\":\"ReadAction\",\"target\":[\"https:\\\/\\\/kraitofficial.com\\\/product\\\/krait-socks-one\\\/\"]}]},{\"@type\":\"ImageObject\",\"inLanguage\":\"et\",\"@id\":\"https:\\\/\\\/kraitofficial.com\\\/product\\\/krait-socks-one\\\/#primaryimage\",\"url\":\"https:\\\/\\\/kraitofficial.com\\\/wp-content\\\/uploads\\\/2025\\\/11\\\/WhiteSocks1webp-scaled.webp\",\"contentUrl\":\"https:\\\/\\\/kraitofficial.com\\\/wp-content\\\/uploads\\\/2025\\\/11\\\/WhiteSocks1webp-scaled.webp\",\"width\":2560,\"height\":2560},{\"@type\":\"BreadcrumbList\",\"@id\":\"https:\\\/\\\/kraitofficial.com\\\/product\\\/krait-socks-one\\\/#breadcrumb\",\"itemListElement\":[{\"@type\":\"ListItem\",\"position\":1,\"name\":\"Home\",\"item\":\"https:\\\/\\\/kraitofficial.com\\\/\"},{\"@type\":\"ListItem\",\"position\":2,\"name\":\"Catalog\",\"item\":\"https:\\\/\\\/kraitofficial.com\\\/catalog\\\/\"},{\"@type\":\"ListItem\",\"position\":3,\"name\":\"KRAIT SOCKS ONE\"}]},{\"@type\":\"WebSite\",\"@id\":\"https:\\\/\\\/kraitofficial.com\\\/#website\",\"url\":\"https:\\\/\\\/kraitofficial.com\\\/\",\"name\":\"KRAITOFFICIAL\",\"description\":\"\",\"publisher\":{\"@id\":\"https:\\\/\\\/kraitofficial.com\\\/#organization\"},\"potentialAction\":[{\"@type\":\"SearchAction\",\"target\":{\"@type\":\"EntryPoint\",\"urlTemplate\":\"https:\\\/\\\/kraitofficial.com\\\/?s={search_term_string}\"},\"query-input\":{\"@type\":\"PropertyValueSpecification\",\"valueRequired\":true,\"valueName\":\"search_term_string\"}}],\"inLanguage\":\"et\"},{\"@type\":\"Organization\",\"@id\":\"https:\\\/\\\/kraitofficial.com\\\/#organization\",\"name\":\"KRAITOFFICIAL\",\"url\":\"https:\\\/\\\/kraitofficial.com\\\/\",\"logo\":{\"@type\":\"ImageObject\",\"inLanguage\":\"et\",\"@id\":\"https:\\\/\\\/kraitofficial.com\\\/#\\\/schema\\\/logo\\\/image\\\/\",\"url\":\"https:\\\/\\\/kraitofficial.com\\\/wp-content\\\/uploads\\\/2025\\\/12\\\/logosign.jpg\",\"contentUrl\":\"https:\\\/\\\/kraitofficial.com\\\/wp-content\\\/uploads\\\/2025\\\/12\\\/logosign.jpg\",\"width\":500,\"height\":500,\"caption\":\"KRAITOFFICIAL\"},\"image\":{\"@id\":\"https:\\\/\\\/kraitofficial.com\\\/#\\\/schema\\\/logo\\\/image\\\/\"},\"sameAs\":[\"https:\\\/\\\/www.facebook.com\\\/profile.php?id=61584570081371\",\"https:\\\/\\\/www.instagram.com\\\/kraitofficial_com\\\/\"]}]}<\/script>\n<!-- \/ Yoast SEO plugin. -->","yoast_head_json":{"title":"KRAIT SOCKS ONE | Premium Performance sokid | KRAIT Official","description":"Teie esimene samm v\u00f5idule. KRAIT ONE premium performance sokid. Paksendatud tald tagab suurep\u00e4rase pehmenduse. Hingav v\u00f5rkkattega pealmine osa. Maksimaalne mugavus ja tugi. 7 \u20ac. Tasuta kohaletoimetamine. Osta esmaklassilisi padi sokke KRAIT Officialist.","robots":{"index":"index","follow":"follow","max-snippet":"max-snippet:-1","max-image-preview":"max-image-preview:large","max-video-preview":"max-video-preview:-1"},"canonical":"https:\/\/kraitofficial.com\/et\/toode\/krait-sokid-uks\/","og_locale":"et_EE","og_type":"article","og_title":"KRAIT SOCKS ONE | Premium Performance Socks | KRAIT Official","og_description":"Your first step to victory. KRAIT ONE premium performance socks. Thickened sole for superior cushioning. Breathable mesh upper. Maximum comfort and support. \u20ac7. Free shipping. Shop premium padel socks at KRAIT Official.","og_url":"https:\/\/kraitofficial.com\/et\/toode\/krait-sokid-uks\/","og_site_name":"KRAITOFFICIAL","article_publisher":"https:\/\/www.facebook.com\/profile.php?id=61584570081371","article_modified_time":"2026-03-11T08:38:55+00:00","og_image":[{"width":2560,"height":2560,"url":"https:\/\/kraitofficial.com\/wp-content\/uploads\/2025\/11\/WhiteSocks1webp-scaled.webp","type":"image\/webp"}],"twitter_card":"summary_large_image","twitter_misc":{"Est. reading time":"1 minut"},"schema":{"@context":"https:\/\/schema.org","@graph":[{"@type":"WebPage","@id":"https:\/\/kraitofficial.com\/product\/krait-socks-one\/","url":"https:\/\/kraitofficial.com\/product\/krait-socks-one\/","name":"KRAIT SOCKS ONE | Premium Performance sokid | KRAIT Official","isPartOf":{"@id":"https:\/\/kraitofficial.com\/#website"},"primaryImageOfPage":{"@id":"https:\/\/kraitofficial.com\/product\/krait-socks-one\/#primaryimage"},"image":{"@id":"https:\/\/kraitofficial.com\/product\/krait-socks-one\/#primaryimage"},"thumbnailUrl":"https:\/\/kraitofficial.com\/wp-content\/uploads\/2025\/11\/WhiteSocks1webp-scaled.webp","datePublished":"2025-11-01T13:18:55+00:00","dateModified":"2026-03-11T08:38:55+00:00","description":"Teie esimene samm v\u00f5idule. KRAIT ONE premium performance sokid. Paksendatud tald tagab suurep\u00e4rase pehmenduse. Hingav v\u00f5rkkattega pealmine osa. Maksimaalne mugavus ja tugi. 7 \u20ac. Tasuta kohaletoimetamine. Osta esmaklassilisi padi sokke KRAIT Officialist.","breadcrumb":{"@id":"https:\/\/kraitofficial.com\/product\/krait-socks-one\/#breadcrumb"},"inLanguage":"et","potentialAction":[{"@type":"ReadAction","target":["https:\/\/kraitofficial.com\/product\/krait-socks-one\/"]}]},{"@type":"ImageObject","inLanguage":"et","@id":"https:\/\/kraitofficial.com\/product\/krait-socks-one\/#primaryimage","url":"https:\/\/kraitofficial.com\/wp-content\/uploads\/2025\/11\/WhiteSocks1webp-scaled.webp","contentUrl":"https:\/\/kraitofficial.com\/wp-content\/uploads\/2025\/11\/WhiteSocks1webp-scaled.webp","width":2560,"height":2560},{"@type":"BreadcrumbList","@id":"https:\/\/kraitofficial.com\/product\/krait-socks-one\/#breadcrumb","itemListElement":[{"@type":"ListItem","position":1,"name":"Home","item":"https:\/\/kraitofficial.com\/"},{"@type":"ListItem","position":2,"name":"Catalog","item":"https:\/\/kraitofficial.com\/catalog\/"},{"@type":"ListItem","position":3,"name":"KRAIT SOCKS ONE"}]},{"@type":"WebSite","@id":"https:\/\/kraitofficial.com\/#website","url":"https:\/\/kraitofficial.com\/","name":"KRAITOFFICIAL","description":"","publisher":{"@id":"https:\/\/kraitofficial.com\/#organization"},"potentialAction":[{"@type":"SearchAction","target":{"@type":"EntryPoint","urlTemplate":"https:\/\/kraitofficial.com\/?s={search_term_string}"},"query-input":{"@type":"PropertyValueSpecification","valueRequired":true,"valueName":"search_term_string"}}],"inLanguage":"et"},{"@type":"Organization","@id":"https:\/\/kraitofficial.com\/#organization","name":"KRAITOFFICIAL","url":"https:\/\/kraitofficial.com\/","logo":{"@type":"ImageObject","inLanguage":"et","@id":"https:\/\/kraitofficial.com\/#\/schema\/logo\/image\/","url":"https:\/\/kraitofficial.com\/wp-content\/uploads\/2025\/12\/logosign.jpg","contentUrl":"https:\/\/kraitofficial.com\/wp-content\/uploads\/2025\/12\/logosign.jpg","width":500,"height":500,"caption":"KRAITOFFICIAL"},"image":{"@id":"https:\/\/kraitofficial.com\/#\/schema\/logo\/image\/"},"sameAs":["https:\/\/www.facebook.com\/profile.php?id=61584570081371","https:\/\/www.instagram.com\/kraitofficial_com\/"]}]}},"_links":{"self":[{"href":"https:\/\/kraitofficial.com\/et\/wp-json\/wp\/v2\/product\/11165","targetHints":{"allow":["GET"]}}],"collection":[{"href":"https:\/\/kraitofficial.com\/et\/wp-json\/wp\/v2\/product"}],"about":[{"href":"https:\/\/kraitofficial.com\/et\/wp-json\/wp\/v2\/types\/product"}],"replies":[{"embeddable":true,"href":"https:\/\/kraitofficial.com\/et\/wp-json\/wp\/v2\/comments?post=11165"}],"version-history":[{"count":10,"href":"https:\/\/kraitofficial.com\/et\/wp-json\/wp\/v2\/product\/11165\/revisions"}],"predecessor-version":[{"id":11614,"href":"https:\/\/kraitofficial.com\/et\/wp-json\/wp\/v2\/product\/11165\/revisions\/11614"}],"wp:featuredmedia":[{"embeddable":true,"href":"https:\/\/kraitofficial.com\/et\/wp-json\/wp\/v2\/media\/11897"}],"wp:attachment":[{"href":"https:\/\/kraitofficial.com\/et\/wp-json\/wp\/v2\/media?parent=11165"}],"wp:term":[{"taxonomy":"product_brand","embeddable":true,"href":"https:\/\/kraitofficial.com\/et\/wp-json\/wp\/v2\/product_brand?post=11165"},{"taxonomy":"product_cat","embeddable":true,"href":"https:\/\/kraitofficial.com\/et\/wp-json\/wp\/v2\/product_cat?post=11165"},{"taxonomy":"product_tag","embeddable":true,"href":"https:\/\/kraitofficial.com\/et\/wp-json\/wp\/v2\/product_tag?post=11165"}],"curies":[{"name":"wp","href":"https:\/\/api.w.org\/{rel}","templated":true}]}}