{"id":11145,"date":"2025-11-01T12:50:48","date_gmt":"2025-11-01T12:50:48","guid":{"rendered":"https:\/\/kraitofficial.com\/?post_type=product&#038;p=11145"},"modified":"2026-02-04T13:05:53","modified_gmt":"2026-02-04T13:05:53","slug":"krait-murgine-hiir-3k","status":"publish","type":"product","link":"https:\/\/kraitofficial.com\/et\/product\/krait-venomouse-3k\/","title":{"rendered":"KRAIT M\u00dcRGINE V\u00d5IMSUS 3K"},"content":{"rendered":"<p>KRAIT Padel - Engineered for Champions Valige oma t\u00e4iuslik tase 3K, 12K ja 18K s\u00fcsiniku seeriaga, mis on loodud m\u00e4ngijatele, kes n\u00f5uavad t\u00e4psust, j\u00f5udu ja kontrolli.<\/p>\n<p>- Teemantstruktuur - Eva reaktsioon - kiudude kontroll<\/p>\n<p>- Kaal 360 +- 10G<\/p>\n<p>- 3K Carbon Power - kerge ja vilgas, ideaalne kiireks reageerimiseks ja mitmek\u00fclgsuseks.<\/p>\n<p>Iga reket on valmistatud esmaklassilistest materjalidest, \u00fchendades t\u00e4iustatud s\u00fcsinikutehnoloogia ja elegantse disaini, mis annab sulle v\u00e4ljakul v\u00f5rratu tunnetuse, vastupidavuse ja stiili.<\/p>","protected":false},"excerpt":{"rendered":"<p>Coldmind m\u00fcrgine streik<\/p>","protected":false},"featured_media":11874,"comment_status":"open","ping_status":"closed","template":"","meta":{"_acf_changed":false},"product_brand":[],"product_cat":[19],"product_tag":[],"class_list":{"0":"post-11145","1":"product","2":"type-product","3":"status-publish","4":"has-post-thumbnail","6":"product_cat-rackets","8":"first","9":"instock","10":"taxable","11":"shipping-taxable","12":"purchasable","13":"product-type-simple"},"acf":[],"yoast_head":"<!-- This site is optimized with the Yoast SEO plugin v27.3 - https:\/\/yoast.com\/product\/yoast-seo-wordpress\/ -->\n<title>KRAIT VENOMOUS POWER 3K - KRAITOFFICIAL<\/title>\n<meta name=\"description\" content=\"Coldmind venomous strike\" \/>\n<meta name=\"robots\" content=\"index, follow, max-snippet:-1, max-image-preview:large, max-video-preview:-1\" \/>\n<link rel=\"canonical\" href=\"https:\/\/kraitofficial.com\/et\/toode\/krait-murgine-hiir-3k\/\" \/>\n<meta property=\"og:locale\" content=\"et_EE\" \/>\n<meta property=\"og:type\" content=\"article\" \/>\n<meta property=\"og:title\" content=\"KRAIT VENOMOUS POWER 3K - KRAITOFFICIAL\" \/>\n<meta property=\"og:description\" content=\"Coldmind venomous strike\" \/>\n<meta property=\"og:url\" content=\"https:\/\/kraitofficial.com\/et\/toode\/krait-murgine-hiir-3k\/\" \/>\n<meta property=\"og:site_name\" content=\"KRAITOFFICIAL\" \/>\n<meta property=\"article:publisher\" content=\"https:\/\/www.facebook.com\/profile.php?id=61584570081371\" \/>\n<meta property=\"article:modified_time\" content=\"2026-02-04T13:05:53+00:00\" \/>\n<meta property=\"og:image\" content=\"https:\/\/kraitofficial.com\/wp-content\/uploads\/2025\/11\/padelraket4webp-1-scaled.webp\" \/>\n\t<meta property=\"og:image:width\" content=\"2560\" \/>\n\t<meta property=\"og:image:height\" content=\"2560\" \/>\n\t<meta property=\"og:image:type\" content=\"image\/webp\" \/>\n<meta name=\"twitter:card\" content=\"summary_large_image\" \/>\n<meta name=\"twitter:label1\" content=\"Est. reading time\" \/>\n\t<meta name=\"twitter:data1\" content=\"1 minut\" \/>\n<script type=\"application\/ld+json\" class=\"yoast-schema-graph\">{\"@context\":\"https:\\\/\\\/schema.org\",\"@graph\":[{\"@type\":\"WebPage\",\"@id\":\"https:\\\/\\\/kraitofficial.com\\\/product\\\/krait-venomouse-3k\\\/\",\"url\":\"https:\\\/\\\/kraitofficial.com\\\/product\\\/krait-venomouse-3k\\\/\",\"name\":\"KRAIT VENOMOUS POWER 3K - KRAITOFFICIAL\",\"isPartOf\":{\"@id\":\"https:\\\/\\\/kraitofficial.com\\\/#website\"},\"primaryImageOfPage\":{\"@id\":\"https:\\\/\\\/kraitofficial.com\\\/product\\\/krait-venomouse-3k\\\/#primaryimage\"},\"image\":{\"@id\":\"https:\\\/\\\/kraitofficial.com\\\/product\\\/krait-venomouse-3k\\\/#primaryimage\"},\"thumbnailUrl\":\"https:\\\/\\\/kraitofficial.com\\\/wp-content\\\/uploads\\\/2025\\\/11\\\/padelraket4webp-1-scaled.webp\",\"datePublished\":\"2025-11-01T12:50:48+00:00\",\"dateModified\":\"2026-02-04T13:05:53+00:00\",\"description\":\"Coldmind venomous strike\",\"breadcrumb\":{\"@id\":\"https:\\\/\\\/kraitofficial.com\\\/product\\\/krait-venomouse-3k\\\/#breadcrumb\"},\"inLanguage\":\"et\",\"potentialAction\":[{\"@type\":\"ReadAction\",\"target\":[\"https:\\\/\\\/kraitofficial.com\\\/product\\\/krait-venomouse-3k\\\/\"]}]},{\"@type\":\"ImageObject\",\"inLanguage\":\"et\",\"@id\":\"https:\\\/\\\/kraitofficial.com\\\/product\\\/krait-venomouse-3k\\\/#primaryimage\",\"url\":\"https:\\\/\\\/kraitofficial.com\\\/wp-content\\\/uploads\\\/2025\\\/11\\\/padelraket4webp-1-scaled.webp\",\"contentUrl\":\"https:\\\/\\\/kraitofficial.com\\\/wp-content\\\/uploads\\\/2025\\\/11\\\/padelraket4webp-1-scaled.webp\",\"width\":2560,\"height\":2560},{\"@type\":\"BreadcrumbList\",\"@id\":\"https:\\\/\\\/kraitofficial.com\\\/product\\\/krait-venomouse-3k\\\/#breadcrumb\",\"itemListElement\":[{\"@type\":\"ListItem\",\"position\":1,\"name\":\"Home\",\"item\":\"https:\\\/\\\/kraitofficial.com\\\/\"},{\"@type\":\"ListItem\",\"position\":2,\"name\":\"Catalog\",\"item\":\"https:\\\/\\\/kraitofficial.com\\\/catalog\\\/\"},{\"@type\":\"ListItem\",\"position\":3,\"name\":\"KRAIT VENOMOUS POWER 3K\"}]},{\"@type\":\"WebSite\",\"@id\":\"https:\\\/\\\/kraitofficial.com\\\/#website\",\"url\":\"https:\\\/\\\/kraitofficial.com\\\/\",\"name\":\"KRAITOFFICIAL\",\"description\":\"\",\"publisher\":{\"@id\":\"https:\\\/\\\/kraitofficial.com\\\/#organization\"},\"potentialAction\":[{\"@type\":\"SearchAction\",\"target\":{\"@type\":\"EntryPoint\",\"urlTemplate\":\"https:\\\/\\\/kraitofficial.com\\\/?s={search_term_string}\"},\"query-input\":{\"@type\":\"PropertyValueSpecification\",\"valueRequired\":true,\"valueName\":\"search_term_string\"}}],\"inLanguage\":\"et\"},{\"@type\":\"Organization\",\"@id\":\"https:\\\/\\\/kraitofficial.com\\\/#organization\",\"name\":\"KRAITOFFICIAL\",\"url\":\"https:\\\/\\\/kraitofficial.com\\\/\",\"logo\":{\"@type\":\"ImageObject\",\"inLanguage\":\"et\",\"@id\":\"https:\\\/\\\/kraitofficial.com\\\/#\\\/schema\\\/logo\\\/image\\\/\",\"url\":\"https:\\\/\\\/kraitofficial.com\\\/wp-content\\\/uploads\\\/2025\\\/12\\\/logosign.jpg\",\"contentUrl\":\"https:\\\/\\\/kraitofficial.com\\\/wp-content\\\/uploads\\\/2025\\\/12\\\/logosign.jpg\",\"width\":500,\"height\":500,\"caption\":\"KRAITOFFICIAL\"},\"image\":{\"@id\":\"https:\\\/\\\/kraitofficial.com\\\/#\\\/schema\\\/logo\\\/image\\\/\"},\"sameAs\":[\"https:\\\/\\\/www.facebook.com\\\/profile.php?id=61584570081371\",\"https:\\\/\\\/www.instagram.com\\\/kraitofficial_com\\\/\"]}]}<\/script>\n<!-- \/ Yoast SEO plugin. -->","yoast_head_json":{"title":"KRAIT M\u00dcRGINE V\u00d5IMSUS 3K - KRAITOFFICIAL","description":"Coldmind m\u00fcrgine streik","robots":{"index":"index","follow":"follow","max-snippet":"max-snippet:-1","max-image-preview":"max-image-preview:large","max-video-preview":"max-video-preview:-1"},"canonical":"https:\/\/kraitofficial.com\/et\/toode\/krait-murgine-hiir-3k\/","og_locale":"et_EE","og_type":"article","og_title":"KRAIT VENOMOUS POWER 3K - KRAITOFFICIAL","og_description":"Coldmind venomous strike","og_url":"https:\/\/kraitofficial.com\/et\/toode\/krait-murgine-hiir-3k\/","og_site_name":"KRAITOFFICIAL","article_publisher":"https:\/\/www.facebook.com\/profile.php?id=61584570081371","article_modified_time":"2026-02-04T13:05:53+00:00","og_image":[{"width":2560,"height":2560,"url":"https:\/\/kraitofficial.com\/wp-content\/uploads\/2025\/11\/padelraket4webp-1-scaled.webp","type":"image\/webp"}],"twitter_card":"summary_large_image","twitter_misc":{"Est. reading time":"1 minut"},"schema":{"@context":"https:\/\/schema.org","@graph":[{"@type":"WebPage","@id":"https:\/\/kraitofficial.com\/product\/krait-venomouse-3k\/","url":"https:\/\/kraitofficial.com\/product\/krait-venomouse-3k\/","name":"KRAIT M\u00dcRGINE V\u00d5IMSUS 3K - KRAITOFFICIAL","isPartOf":{"@id":"https:\/\/kraitofficial.com\/#website"},"primaryImageOfPage":{"@id":"https:\/\/kraitofficial.com\/product\/krait-venomouse-3k\/#primaryimage"},"image":{"@id":"https:\/\/kraitofficial.com\/product\/krait-venomouse-3k\/#primaryimage"},"thumbnailUrl":"https:\/\/kraitofficial.com\/wp-content\/uploads\/2025\/11\/padelraket4webp-1-scaled.webp","datePublished":"2025-11-01T12:50:48+00:00","dateModified":"2026-02-04T13:05:53+00:00","description":"Coldmind m\u00fcrgine streik","breadcrumb":{"@id":"https:\/\/kraitofficial.com\/product\/krait-venomouse-3k\/#breadcrumb"},"inLanguage":"et","potentialAction":[{"@type":"ReadAction","target":["https:\/\/kraitofficial.com\/product\/krait-venomouse-3k\/"]}]},{"@type":"ImageObject","inLanguage":"et","@id":"https:\/\/kraitofficial.com\/product\/krait-venomouse-3k\/#primaryimage","url":"https:\/\/kraitofficial.com\/wp-content\/uploads\/2025\/11\/padelraket4webp-1-scaled.webp","contentUrl":"https:\/\/kraitofficial.com\/wp-content\/uploads\/2025\/11\/padelraket4webp-1-scaled.webp","width":2560,"height":2560},{"@type":"BreadcrumbList","@id":"https:\/\/kraitofficial.com\/product\/krait-venomouse-3k\/#breadcrumb","itemListElement":[{"@type":"ListItem","position":1,"name":"Home","item":"https:\/\/kraitofficial.com\/"},{"@type":"ListItem","position":2,"name":"Catalog","item":"https:\/\/kraitofficial.com\/catalog\/"},{"@type":"ListItem","position":3,"name":"KRAIT VENOMOUS POWER 3K"}]},{"@type":"WebSite","@id":"https:\/\/kraitofficial.com\/#website","url":"https:\/\/kraitofficial.com\/","name":"KRAITOFFICIAL","description":"","publisher":{"@id":"https:\/\/kraitofficial.com\/#organization"},"potentialAction":[{"@type":"SearchAction","target":{"@type":"EntryPoint","urlTemplate":"https:\/\/kraitofficial.com\/?s={search_term_string}"},"query-input":{"@type":"PropertyValueSpecification","valueRequired":true,"valueName":"search_term_string"}}],"inLanguage":"et"},{"@type":"Organization","@id":"https:\/\/kraitofficial.com\/#organization","name":"KRAITOFFICIAL","url":"https:\/\/kraitofficial.com\/","logo":{"@type":"ImageObject","inLanguage":"et","@id":"https:\/\/kraitofficial.com\/#\/schema\/logo\/image\/","url":"https:\/\/kraitofficial.com\/wp-content\/uploads\/2025\/12\/logosign.jpg","contentUrl":"https:\/\/kraitofficial.com\/wp-content\/uploads\/2025\/12\/logosign.jpg","width":500,"height":500,"caption":"KRAITOFFICIAL"},"image":{"@id":"https:\/\/kraitofficial.com\/#\/schema\/logo\/image\/"},"sameAs":["https:\/\/www.facebook.com\/profile.php?id=61584570081371","https:\/\/www.instagram.com\/kraitofficial_com\/"]}]}},"_links":{"self":[{"href":"https:\/\/kraitofficial.com\/et\/wp-json\/wp\/v2\/product\/11145","targetHints":{"allow":["GET"]}}],"collection":[{"href":"https:\/\/kraitofficial.com\/et\/wp-json\/wp\/v2\/product"}],"about":[{"href":"https:\/\/kraitofficial.com\/et\/wp-json\/wp\/v2\/types\/product"}],"replies":[{"embeddable":true,"href":"https:\/\/kraitofficial.com\/et\/wp-json\/wp\/v2\/comments?post=11145"}],"version-history":[{"count":4,"href":"https:\/\/kraitofficial.com\/et\/wp-json\/wp\/v2\/product\/11145\/revisions"}],"predecessor-version":[{"id":12460,"href":"https:\/\/kraitofficial.com\/et\/wp-json\/wp\/v2\/product\/11145\/revisions\/12460"}],"wp:featuredmedia":[{"embeddable":true,"href":"https:\/\/kraitofficial.com\/et\/wp-json\/wp\/v2\/media\/11874"}],"wp:attachment":[{"href":"https:\/\/kraitofficial.com\/et\/wp-json\/wp\/v2\/media?parent=11145"}],"wp:term":[{"taxonomy":"product_brand","embeddable":true,"href":"https:\/\/kraitofficial.com\/et\/wp-json\/wp\/v2\/product_brand?post=11145"},{"taxonomy":"product_cat","embeddable":true,"href":"https:\/\/kraitofficial.com\/et\/wp-json\/wp\/v2\/product_cat?post=11145"},{"taxonomy":"product_tag","embeddable":true,"href":"https:\/\/kraitofficial.com\/et\/wp-json\/wp\/v2\/product_tag?post=11145"}],"curies":[{"name":"wp","href":"https:\/\/api.w.org\/{rel}","templated":true}]}}