{"id":11143,"date":"2025-11-01T12:48:08","date_gmt":"2025-11-01T12:48:08","guid":{"rendered":"https:\/\/kraitofficial.com\/?post_type=product&#038;p=11143"},"modified":"2026-02-23T09:54:04","modified_gmt":"2026-02-23T09:54:04","slug":"krait-kiirus-77","status":"publish","type":"product","link":"https:\/\/kraitofficial.com\/et\/product\/krait-speed-77\/","title":{"rendered":"KRAIT SPEED 77"},"content":{"rendered":"<p>KRAIT Speed 77 - Strike Fast. Fly True. Premium-kvaliteediga s\u00fcstikud, mis on m\u00f5eldud t\u00e4psuse, kiiruse ja j\u00e4rjepidevuse saavutamiseks.<\/p>\n<p>- Speed 77, mis tagab t\u00e4iusliku tasakaalu kontrolli ja lennu vahel.<\/p>\n<p>- Vastupidavad materjalid tagavad pikaajalise toimivuse.<\/p>\n<p>- Konstrueeritud v\u00f5istlusm\u00e4nguks, mis annab sulle enesekindlust igas smashis ja rallis.<\/p>\n<p>Kogemused professionaalse taseme tulemuslikkusest iga l\u00f6\u00f6gi puhul - sest iga punkt on oluline.<\/p>","protected":false},"excerpt":{"rendered":"<p>Turniirivalmis. Pro heaks kiidetud.<\/p>","protected":false},"featured_media":11938,"comment_status":"open","ping_status":"closed","template":"","meta":{"_acf_changed":false},"product_brand":[],"product_cat":[32],"product_tag":[],"class_list":{"0":"post-11143","1":"product","2":"type-product","3":"status-publish","4":"has-post-thumbnail","6":"product_cat-shuttlecocks","8":"first","9":"instock","10":"taxable","11":"shipping-taxable","12":"purchasable","13":"product-type-simple"},"acf":[],"yoast_head":"<!-- This site is optimized with the Yoast SEO plugin v27.3 - https:\/\/yoast.com\/product\/yoast-seo-wordpress\/ -->\n<title>KRAIT SPEED 77 Shuttlecocks | Tournament Ready | KRAIT Official<\/title>\n<meta name=\"description\" content=\"Premium KRAIT SPEED 77 shuttlecocks for badminton. Tournament ready, pro approved. Perfect balance of control and flight. \u20ac35. Free shipping. Shop professional badminton shuttlecocks at KRAIT Official.\" \/>\n<meta name=\"robots\" content=\"index, follow, max-snippet:-1, max-image-preview:large, max-video-preview:-1\" \/>\n<link rel=\"canonical\" href=\"https:\/\/kraitofficial.com\/et\/toode\/krait-kiirus-77\/\" \/>\n<meta property=\"og:locale\" content=\"et_EE\" \/>\n<meta property=\"og:type\" content=\"article\" \/>\n<meta property=\"og:title\" content=\"KRAIT SPEED 77 Shuttlecocks | Tournament Ready | KRAIT Official\" \/>\n<meta property=\"og:description\" content=\"Premium KRAIT SPEED 77 shuttlecocks for badminton. Tournament ready, pro approved. Perfect balance of control and flight. \u20ac35. Free shipping. Shop professional badminton shuttlecocks at KRAIT Official.\" \/>\n<meta property=\"og:url\" content=\"https:\/\/kraitofficial.com\/et\/toode\/krait-kiirus-77\/\" \/>\n<meta property=\"og:site_name\" content=\"KRAITOFFICIAL\" \/>\n<meta property=\"article:publisher\" content=\"https:\/\/www.facebook.com\/profile.php?id=61584570081371\" \/>\n<meta property=\"article:modified_time\" content=\"2026-02-23T09:54:04+00:00\" \/>\n<meta property=\"og:image\" content=\"https:\/\/kraitofficial.com\/wp-content\/uploads\/2025\/11\/vln4k3webp-scaled.webp\" \/>\n\t<meta property=\"og:image:width\" content=\"2560\" \/>\n\t<meta property=\"og:image:height\" content=\"2560\" \/>\n\t<meta property=\"og:image:type\" content=\"image\/webp\" \/>\n<meta name=\"twitter:card\" content=\"summary_large_image\" \/>\n<meta name=\"twitter:label1\" content=\"Est. reading time\" \/>\n\t<meta name=\"twitter:data1\" content=\"1 minut\" \/>\n<script type=\"application\/ld+json\" class=\"yoast-schema-graph\">{\"@context\":\"https:\\\/\\\/schema.org\",\"@graph\":[{\"@type\":\"WebPage\",\"@id\":\"https:\\\/\\\/kraitofficial.com\\\/product\\\/krait-speed-77\\\/\",\"url\":\"https:\\\/\\\/kraitofficial.com\\\/product\\\/krait-speed-77\\\/\",\"name\":\"KRAIT SPEED 77 Shuttlecocks | Tournament Ready | KRAIT Official\",\"isPartOf\":{\"@id\":\"https:\\\/\\\/kraitofficial.com\\\/#website\"},\"primaryImageOfPage\":{\"@id\":\"https:\\\/\\\/kraitofficial.com\\\/product\\\/krait-speed-77\\\/#primaryimage\"},\"image\":{\"@id\":\"https:\\\/\\\/kraitofficial.com\\\/product\\\/krait-speed-77\\\/#primaryimage\"},\"thumbnailUrl\":\"https:\\\/\\\/kraitofficial.com\\\/wp-content\\\/uploads\\\/2025\\\/11\\\/vln4k3webp-scaled.webp\",\"datePublished\":\"2025-11-01T12:48:08+00:00\",\"dateModified\":\"2026-02-23T09:54:04+00:00\",\"description\":\"Premium KRAIT SPEED 77 shuttlecocks for badminton. Tournament ready, pro approved. Perfect balance of control and flight. \u20ac35. Free shipping. Shop professional badminton shuttlecocks at KRAIT Official.\",\"breadcrumb\":{\"@id\":\"https:\\\/\\\/kraitofficial.com\\\/product\\\/krait-speed-77\\\/#breadcrumb\"},\"inLanguage\":\"et\",\"potentialAction\":[{\"@type\":\"ReadAction\",\"target\":[\"https:\\\/\\\/kraitofficial.com\\\/product\\\/krait-speed-77\\\/\"]}]},{\"@type\":\"ImageObject\",\"inLanguage\":\"et\",\"@id\":\"https:\\\/\\\/kraitofficial.com\\\/product\\\/krait-speed-77\\\/#primaryimage\",\"url\":\"https:\\\/\\\/kraitofficial.com\\\/wp-content\\\/uploads\\\/2025\\\/11\\\/vln4k3webp-scaled.webp\",\"contentUrl\":\"https:\\\/\\\/kraitofficial.com\\\/wp-content\\\/uploads\\\/2025\\\/11\\\/vln4k3webp-scaled.webp\",\"width\":2560,\"height\":2560},{\"@type\":\"BreadcrumbList\",\"@id\":\"https:\\\/\\\/kraitofficial.com\\\/product\\\/krait-speed-77\\\/#breadcrumb\",\"itemListElement\":[{\"@type\":\"ListItem\",\"position\":1,\"name\":\"Home\",\"item\":\"https:\\\/\\\/kraitofficial.com\\\/\"},{\"@type\":\"ListItem\",\"position\":2,\"name\":\"Catalog\",\"item\":\"https:\\\/\\\/kraitofficial.com\\\/catalog\\\/\"},{\"@type\":\"ListItem\",\"position\":3,\"name\":\"KRAIT SPEED 77\"}]},{\"@type\":\"WebSite\",\"@id\":\"https:\\\/\\\/kraitofficial.com\\\/#website\",\"url\":\"https:\\\/\\\/kraitofficial.com\\\/\",\"name\":\"KRAITOFFICIAL\",\"description\":\"\",\"publisher\":{\"@id\":\"https:\\\/\\\/kraitofficial.com\\\/#organization\"},\"potentialAction\":[{\"@type\":\"SearchAction\",\"target\":{\"@type\":\"EntryPoint\",\"urlTemplate\":\"https:\\\/\\\/kraitofficial.com\\\/?s={search_term_string}\"},\"query-input\":{\"@type\":\"PropertyValueSpecification\",\"valueRequired\":true,\"valueName\":\"search_term_string\"}}],\"inLanguage\":\"et\"},{\"@type\":\"Organization\",\"@id\":\"https:\\\/\\\/kraitofficial.com\\\/#organization\",\"name\":\"KRAITOFFICIAL\",\"url\":\"https:\\\/\\\/kraitofficial.com\\\/\",\"logo\":{\"@type\":\"ImageObject\",\"inLanguage\":\"et\",\"@id\":\"https:\\\/\\\/kraitofficial.com\\\/#\\\/schema\\\/logo\\\/image\\\/\",\"url\":\"https:\\\/\\\/kraitofficial.com\\\/wp-content\\\/uploads\\\/2025\\\/12\\\/logosign.jpg\",\"contentUrl\":\"https:\\\/\\\/kraitofficial.com\\\/wp-content\\\/uploads\\\/2025\\\/12\\\/logosign.jpg\",\"width\":500,\"height\":500,\"caption\":\"KRAITOFFICIAL\"},\"image\":{\"@id\":\"https:\\\/\\\/kraitofficial.com\\\/#\\\/schema\\\/logo\\\/image\\\/\"},\"sameAs\":[\"https:\\\/\\\/www.facebook.com\\\/profile.php?id=61584570081371\",\"https:\\\/\\\/www.instagram.com\\\/kraitofficial_com\\\/\"]}]}<\/script>\n<!-- \/ Yoast SEO plugin. -->","yoast_head_json":{"title":"KRAIT SPEED 77 Shuttlecocks | Turniirivalmis | KRAIT Official","description":"Premium KRAIT SPEED 77 sulgpallim\u00e4ngijaid sulgpalli jaoks. Turniirivalmis, profi poolt heaks kiidetud. T\u00e4iuslik tasakaal kontrolli ja lennu vahel. 35 \u20ac. Tasuta kohaletoimetamine. Osta professionaalseid sulgpalli suttlecocks KRAIT Officialist.","robots":{"index":"index","follow":"follow","max-snippet":"max-snippet:-1","max-image-preview":"max-image-preview:large","max-video-preview":"max-video-preview:-1"},"canonical":"https:\/\/kraitofficial.com\/et\/toode\/krait-kiirus-77\/","og_locale":"et_EE","og_type":"article","og_title":"KRAIT SPEED 77 Shuttlecocks | Tournament Ready | KRAIT Official","og_description":"Premium KRAIT SPEED 77 shuttlecocks for badminton. Tournament ready, pro approved. Perfect balance of control and flight. \u20ac35. Free shipping. Shop professional badminton shuttlecocks at KRAIT Official.","og_url":"https:\/\/kraitofficial.com\/et\/toode\/krait-kiirus-77\/","og_site_name":"KRAITOFFICIAL","article_publisher":"https:\/\/www.facebook.com\/profile.php?id=61584570081371","article_modified_time":"2026-02-23T09:54:04+00:00","og_image":[{"width":2560,"height":2560,"url":"https:\/\/kraitofficial.com\/wp-content\/uploads\/2025\/11\/vln4k3webp-scaled.webp","type":"image\/webp"}],"twitter_card":"summary_large_image","twitter_misc":{"Est. reading time":"1 minut"},"schema":{"@context":"https:\/\/schema.org","@graph":[{"@type":"WebPage","@id":"https:\/\/kraitofficial.com\/product\/krait-speed-77\/","url":"https:\/\/kraitofficial.com\/product\/krait-speed-77\/","name":"KRAIT SPEED 77 Shuttlecocks | Turniirivalmis | KRAIT Official","isPartOf":{"@id":"https:\/\/kraitofficial.com\/#website"},"primaryImageOfPage":{"@id":"https:\/\/kraitofficial.com\/product\/krait-speed-77\/#primaryimage"},"image":{"@id":"https:\/\/kraitofficial.com\/product\/krait-speed-77\/#primaryimage"},"thumbnailUrl":"https:\/\/kraitofficial.com\/wp-content\/uploads\/2025\/11\/vln4k3webp-scaled.webp","datePublished":"2025-11-01T12:48:08+00:00","dateModified":"2026-02-23T09:54:04+00:00","description":"Premium KRAIT SPEED 77 sulgpallim\u00e4ngijaid sulgpalli jaoks. Turniirivalmis, profi poolt heaks kiidetud. T\u00e4iuslik tasakaal kontrolli ja lennu vahel. 35 \u20ac. Tasuta kohaletoimetamine. Osta professionaalseid sulgpalli suttlecocks KRAIT Officialist.","breadcrumb":{"@id":"https:\/\/kraitofficial.com\/product\/krait-speed-77\/#breadcrumb"},"inLanguage":"et","potentialAction":[{"@type":"ReadAction","target":["https:\/\/kraitofficial.com\/product\/krait-speed-77\/"]}]},{"@type":"ImageObject","inLanguage":"et","@id":"https:\/\/kraitofficial.com\/product\/krait-speed-77\/#primaryimage","url":"https:\/\/kraitofficial.com\/wp-content\/uploads\/2025\/11\/vln4k3webp-scaled.webp","contentUrl":"https:\/\/kraitofficial.com\/wp-content\/uploads\/2025\/11\/vln4k3webp-scaled.webp","width":2560,"height":2560},{"@type":"BreadcrumbList","@id":"https:\/\/kraitofficial.com\/product\/krait-speed-77\/#breadcrumb","itemListElement":[{"@type":"ListItem","position":1,"name":"Home","item":"https:\/\/kraitofficial.com\/"},{"@type":"ListItem","position":2,"name":"Catalog","item":"https:\/\/kraitofficial.com\/catalog\/"},{"@type":"ListItem","position":3,"name":"KRAIT SPEED 77"}]},{"@type":"WebSite","@id":"https:\/\/kraitofficial.com\/#website","url":"https:\/\/kraitofficial.com\/","name":"KRAITOFFICIAL","description":"","publisher":{"@id":"https:\/\/kraitofficial.com\/#organization"},"potentialAction":[{"@type":"SearchAction","target":{"@type":"EntryPoint","urlTemplate":"https:\/\/kraitofficial.com\/?s={search_term_string}"},"query-input":{"@type":"PropertyValueSpecification","valueRequired":true,"valueName":"search_term_string"}}],"inLanguage":"et"},{"@type":"Organization","@id":"https:\/\/kraitofficial.com\/#organization","name":"KRAITOFFICIAL","url":"https:\/\/kraitofficial.com\/","logo":{"@type":"ImageObject","inLanguage":"et","@id":"https:\/\/kraitofficial.com\/#\/schema\/logo\/image\/","url":"https:\/\/kraitofficial.com\/wp-content\/uploads\/2025\/12\/logosign.jpg","contentUrl":"https:\/\/kraitofficial.com\/wp-content\/uploads\/2025\/12\/logosign.jpg","width":500,"height":500,"caption":"KRAITOFFICIAL"},"image":{"@id":"https:\/\/kraitofficial.com\/#\/schema\/logo\/image\/"},"sameAs":["https:\/\/www.facebook.com\/profile.php?id=61584570081371","https:\/\/www.instagram.com\/kraitofficial_com\/"]}]}},"_links":{"self":[{"href":"https:\/\/kraitofficial.com\/et\/wp-json\/wp\/v2\/product\/11143","targetHints":{"allow":["GET"]}}],"collection":[{"href":"https:\/\/kraitofficial.com\/et\/wp-json\/wp\/v2\/product"}],"about":[{"href":"https:\/\/kraitofficial.com\/et\/wp-json\/wp\/v2\/types\/product"}],"replies":[{"embeddable":true,"href":"https:\/\/kraitofficial.com\/et\/wp-json\/wp\/v2\/comments?post=11143"}],"version-history":[{"count":2,"href":"https:\/\/kraitofficial.com\/et\/wp-json\/wp\/v2\/product\/11143\/revisions"}],"predecessor-version":[{"id":12314,"href":"https:\/\/kraitofficial.com\/et\/wp-json\/wp\/v2\/product\/11143\/revisions\/12314"}],"wp:featuredmedia":[{"embeddable":true,"href":"https:\/\/kraitofficial.com\/et\/wp-json\/wp\/v2\/media\/11938"}],"wp:attachment":[{"href":"https:\/\/kraitofficial.com\/et\/wp-json\/wp\/v2\/media?parent=11143"}],"wp:term":[{"taxonomy":"product_brand","embeddable":true,"href":"https:\/\/kraitofficial.com\/et\/wp-json\/wp\/v2\/product_brand?post=11143"},{"taxonomy":"product_cat","embeddable":true,"href":"https:\/\/kraitofficial.com\/et\/wp-json\/wp\/v2\/product_cat?post=11143"},{"taxonomy":"product_tag","embeddable":true,"href":"https:\/\/kraitofficial.com\/et\/wp-json\/wp\/v2\/product_tag?post=11143"}],"curies":[{"name":"wp","href":"https:\/\/api.w.org\/{rel}","templated":true}]}}