{"id":11141,"date":"2025-11-01T12:46:34","date_gmt":"2025-11-01T12:46:34","guid":{"rendered":"https:\/\/kraitofficial.com\/?post_type=product&#038;p=11141"},"modified":"2026-03-11T08:41:03","modified_gmt":"2026-03-11T08:41:03","slug":"krait-murgine-700","status":"publish","type":"product","link":"https:\/\/kraitofficial.com\/et\/product\/krait-venomous-700\/","title":{"rendered":"KRAIT VENOMOUS 700"},"content":{"rendered":"<p>KRAIT Venomouse 700 - Kontrolli v\u00e4ljakut Domineeri iga ralliga v\u00f5rratu t\u00e4psuse ja kiirusega. Venomouse 700 on m\u00f5eldud tippsulgpalluritele ja pakub erakordset kontrolli, v\u00e4lkkiiret reageerimist ja surmavat t\u00e4psust. Selle t\u00e4iustatud raamtehnoloogia tagab t\u00e4iusliku tasakaalu ja j\u00f5u igas l\u00f6\u00f6gis, samas kui sile, aerod\u00fcnaamiline disain maksimeerib liikuvust ja mugavust.<br \/>\nAstuge enesekindlalt v\u00e4ljakule. K\u00e4skige iga liigutust. Omandage iga punkt.<\/p>\n<p>Materjal : Carbon Fiber 46T<\/p>\n<p>Kaal: 84+-2g (4U)<\/p>\n<p>Tasakaal : Pearaskus (HH)<\/p>\n<p>Varre painduvus : Paindlik<\/p>\n<p>Soovitatav keelpinge: 22-32 lbs<\/p>","protected":false},"excerpt":{"rendered":"<p>Kontrollida v\u00e4ljakut.<\/p>","protected":false},"featured_media":11869,"comment_status":"open","ping_status":"closed","template":"","meta":{"_acf_changed":false},"product_brand":[],"product_cat":[31],"product_tag":[],"class_list":{"0":"post-11141","1":"product","2":"type-product","3":"status-publish","4":"has-post-thumbnail","6":"product_cat-rackets-badminton","8":"first","9":"instock","10":"taxable","11":"shipping-taxable","12":"purchasable","13":"product-type-simple"},"acf":[],"yoast_head":"<!-- This site is optimized with the Yoast SEO plugin v27.3 - https:\/\/yoast.com\/product\/yoast-seo-wordpress\/ -->\n<title>KRAIT VENOMOUS 700 Badminton Racket | Elite Control | KRAIT Official<\/title>\n<meta name=\"description\" content=\"KRAIT Venomous 700 badminton racket for elite players. Control the court with unmatched precision and lightning-fast response. \u20ac149. Free shipping. Shop premium badminton rackets at KRAIT Official.\" \/>\n<meta name=\"robots\" content=\"index, follow, max-snippet:-1, max-image-preview:large, max-video-preview:-1\" \/>\n<link rel=\"canonical\" href=\"https:\/\/kraitofficial.com\/et\/toode\/krait-murgine-700\/\" \/>\n<meta property=\"og:locale\" content=\"et_EE\" \/>\n<meta property=\"og:type\" content=\"article\" \/>\n<meta property=\"og:title\" content=\"KRAIT VENOMOUS 700 Badminton Racket | Elite Control | KRAIT Official\" \/>\n<meta property=\"og:description\" content=\"KRAIT Venomous 700 badminton racket for elite players. Control the court with unmatched precision and lightning-fast response. \u20ac149. Free shipping. Shop premium badminton rackets at KRAIT Official.\" \/>\n<meta property=\"og:url\" content=\"https:\/\/kraitofficial.com\/et\/toode\/krait-murgine-700\/\" \/>\n<meta property=\"og:site_name\" content=\"KRAITOFFICIAL\" \/>\n<meta property=\"article:publisher\" content=\"https:\/\/www.facebook.com\/profile.php?id=61584570081371\" \/>\n<meta property=\"article:modified_time\" content=\"2026-03-11T08:41:03+00:00\" \/>\n<meta property=\"og:image\" content=\"https:\/\/kraitofficial.com\/wp-content\/uploads\/2025\/11\/tennisraket2webp-scaled.webp\" \/>\n\t<meta property=\"og:image:width\" content=\"2560\" \/>\n\t<meta property=\"og:image:height\" content=\"2560\" \/>\n\t<meta property=\"og:image:type\" content=\"image\/webp\" \/>\n<meta name=\"twitter:card\" content=\"summary_large_image\" \/>\n<meta name=\"twitter:label1\" content=\"Est. reading time\" \/>\n\t<meta name=\"twitter:data1\" content=\"1 minut\" \/>\n<script type=\"application\/ld+json\" class=\"yoast-schema-graph\">{\"@context\":\"https:\\\/\\\/schema.org\",\"@graph\":[{\"@type\":\"WebPage\",\"@id\":\"https:\\\/\\\/kraitofficial.com\\\/product\\\/krait-venomous-700\\\/\",\"url\":\"https:\\\/\\\/kraitofficial.com\\\/product\\\/krait-venomous-700\\\/\",\"name\":\"KRAIT VENOMOUS 700 Badminton Racket | Elite Control | KRAIT Official\",\"isPartOf\":{\"@id\":\"https:\\\/\\\/kraitofficial.com\\\/#website\"},\"primaryImageOfPage\":{\"@id\":\"https:\\\/\\\/kraitofficial.com\\\/product\\\/krait-venomous-700\\\/#primaryimage\"},\"image\":{\"@id\":\"https:\\\/\\\/kraitofficial.com\\\/product\\\/krait-venomous-700\\\/#primaryimage\"},\"thumbnailUrl\":\"https:\\\/\\\/kraitofficial.com\\\/wp-content\\\/uploads\\\/2025\\\/11\\\/tennisraket2webp-scaled.webp\",\"datePublished\":\"2025-11-01T12:46:34+00:00\",\"dateModified\":\"2026-03-11T08:41:03+00:00\",\"description\":\"KRAIT Venomous 700 badminton racket for elite players. Control the court with unmatched precision and lightning-fast response. \u20ac149. Free shipping. Shop premium badminton rackets at KRAIT Official.\",\"breadcrumb\":{\"@id\":\"https:\\\/\\\/kraitofficial.com\\\/product\\\/krait-venomous-700\\\/#breadcrumb\"},\"inLanguage\":\"et\",\"potentialAction\":[{\"@type\":\"ReadAction\",\"target\":[\"https:\\\/\\\/kraitofficial.com\\\/product\\\/krait-venomous-700\\\/\"]}]},{\"@type\":\"ImageObject\",\"inLanguage\":\"et\",\"@id\":\"https:\\\/\\\/kraitofficial.com\\\/product\\\/krait-venomous-700\\\/#primaryimage\",\"url\":\"https:\\\/\\\/kraitofficial.com\\\/wp-content\\\/uploads\\\/2025\\\/11\\\/tennisraket2webp-scaled.webp\",\"contentUrl\":\"https:\\\/\\\/kraitofficial.com\\\/wp-content\\\/uploads\\\/2025\\\/11\\\/tennisraket2webp-scaled.webp\",\"width\":2560,\"height\":2560},{\"@type\":\"BreadcrumbList\",\"@id\":\"https:\\\/\\\/kraitofficial.com\\\/product\\\/krait-venomous-700\\\/#breadcrumb\",\"itemListElement\":[{\"@type\":\"ListItem\",\"position\":1,\"name\":\"Home\",\"item\":\"https:\\\/\\\/kraitofficial.com\\\/\"},{\"@type\":\"ListItem\",\"position\":2,\"name\":\"Catalog\",\"item\":\"https:\\\/\\\/kraitofficial.com\\\/catalog\\\/\"},{\"@type\":\"ListItem\",\"position\":3,\"name\":\"KRAIT VENOMOUS 700\"}]},{\"@type\":\"WebSite\",\"@id\":\"https:\\\/\\\/kraitofficial.com\\\/#website\",\"url\":\"https:\\\/\\\/kraitofficial.com\\\/\",\"name\":\"KRAITOFFICIAL\",\"description\":\"\",\"publisher\":{\"@id\":\"https:\\\/\\\/kraitofficial.com\\\/#organization\"},\"potentialAction\":[{\"@type\":\"SearchAction\",\"target\":{\"@type\":\"EntryPoint\",\"urlTemplate\":\"https:\\\/\\\/kraitofficial.com\\\/?s={search_term_string}\"},\"query-input\":{\"@type\":\"PropertyValueSpecification\",\"valueRequired\":true,\"valueName\":\"search_term_string\"}}],\"inLanguage\":\"et\"},{\"@type\":\"Organization\",\"@id\":\"https:\\\/\\\/kraitofficial.com\\\/#organization\",\"name\":\"KRAITOFFICIAL\",\"url\":\"https:\\\/\\\/kraitofficial.com\\\/\",\"logo\":{\"@type\":\"ImageObject\",\"inLanguage\":\"et\",\"@id\":\"https:\\\/\\\/kraitofficial.com\\\/#\\\/schema\\\/logo\\\/image\\\/\",\"url\":\"https:\\\/\\\/kraitofficial.com\\\/wp-content\\\/uploads\\\/2025\\\/12\\\/logosign.jpg\",\"contentUrl\":\"https:\\\/\\\/kraitofficial.com\\\/wp-content\\\/uploads\\\/2025\\\/12\\\/logosign.jpg\",\"width\":500,\"height\":500,\"caption\":\"KRAITOFFICIAL\"},\"image\":{\"@id\":\"https:\\\/\\\/kraitofficial.com\\\/#\\\/schema\\\/logo\\\/image\\\/\"},\"sameAs\":[\"https:\\\/\\\/www.facebook.com\\\/profile.php?id=61584570081371\",\"https:\\\/\\\/www.instagram.com\\\/kraitofficial_com\\\/\"]}]}<\/script>\n<!-- \/ Yoast SEO plugin. -->","yoast_head_json":{"title":"KRAIT VENOMOUS 700 sulgpallim\u00e4ngija | Elite Control | KRAIT Official","description":"KRAIT Venomous 700 sulgpallim\u00e4ngijaile eliitm\u00e4ngijatele. Kontrollida v\u00e4ljakul v\u00f5rratu t\u00e4psuse ja v\u00e4lkkiire reageerimisega. \u20ac149. Tasuta kohaletoimetamine. Osta esmaklassilisi sulgpallim\u00e4ngu reketeid KRAIT Officialist.","robots":{"index":"index","follow":"follow","max-snippet":"max-snippet:-1","max-image-preview":"max-image-preview:large","max-video-preview":"max-video-preview:-1"},"canonical":"https:\/\/kraitofficial.com\/et\/toode\/krait-murgine-700\/","og_locale":"et_EE","og_type":"article","og_title":"KRAIT VENOMOUS 700 Badminton Racket | Elite Control | KRAIT Official","og_description":"KRAIT Venomous 700 badminton racket for elite players. Control the court with unmatched precision and lightning-fast response. \u20ac149. Free shipping. Shop premium badminton rackets at KRAIT Official.","og_url":"https:\/\/kraitofficial.com\/et\/toode\/krait-murgine-700\/","og_site_name":"KRAITOFFICIAL","article_publisher":"https:\/\/www.facebook.com\/profile.php?id=61584570081371","article_modified_time":"2026-03-11T08:41:03+00:00","og_image":[{"width":2560,"height":2560,"url":"https:\/\/kraitofficial.com\/wp-content\/uploads\/2025\/11\/tennisraket2webp-scaled.webp","type":"image\/webp"}],"twitter_card":"summary_large_image","twitter_misc":{"Est. reading time":"1 minut"},"schema":{"@context":"https:\/\/schema.org","@graph":[{"@type":"WebPage","@id":"https:\/\/kraitofficial.com\/product\/krait-venomous-700\/","url":"https:\/\/kraitofficial.com\/product\/krait-venomous-700\/","name":"KRAIT VENOMOUS 700 sulgpallim\u00e4ngija | Elite Control | KRAIT Official","isPartOf":{"@id":"https:\/\/kraitofficial.com\/#website"},"primaryImageOfPage":{"@id":"https:\/\/kraitofficial.com\/product\/krait-venomous-700\/#primaryimage"},"image":{"@id":"https:\/\/kraitofficial.com\/product\/krait-venomous-700\/#primaryimage"},"thumbnailUrl":"https:\/\/kraitofficial.com\/wp-content\/uploads\/2025\/11\/tennisraket2webp-scaled.webp","datePublished":"2025-11-01T12:46:34+00:00","dateModified":"2026-03-11T08:41:03+00:00","description":"KRAIT Venomous 700 sulgpallim\u00e4ngijaile eliitm\u00e4ngijatele. Kontrollida v\u00e4ljakul v\u00f5rratu t\u00e4psuse ja v\u00e4lkkiire reageerimisega. \u20ac149. Tasuta kohaletoimetamine. Osta esmaklassilisi sulgpallim\u00e4ngu reketeid KRAIT Officialist.","breadcrumb":{"@id":"https:\/\/kraitofficial.com\/product\/krait-venomous-700\/#breadcrumb"},"inLanguage":"et","potentialAction":[{"@type":"ReadAction","target":["https:\/\/kraitofficial.com\/product\/krait-venomous-700\/"]}]},{"@type":"ImageObject","inLanguage":"et","@id":"https:\/\/kraitofficial.com\/product\/krait-venomous-700\/#primaryimage","url":"https:\/\/kraitofficial.com\/wp-content\/uploads\/2025\/11\/tennisraket2webp-scaled.webp","contentUrl":"https:\/\/kraitofficial.com\/wp-content\/uploads\/2025\/11\/tennisraket2webp-scaled.webp","width":2560,"height":2560},{"@type":"BreadcrumbList","@id":"https:\/\/kraitofficial.com\/product\/krait-venomous-700\/#breadcrumb","itemListElement":[{"@type":"ListItem","position":1,"name":"Home","item":"https:\/\/kraitofficial.com\/"},{"@type":"ListItem","position":2,"name":"Catalog","item":"https:\/\/kraitofficial.com\/catalog\/"},{"@type":"ListItem","position":3,"name":"KRAIT VENOMOUS 700"}]},{"@type":"WebSite","@id":"https:\/\/kraitofficial.com\/#website","url":"https:\/\/kraitofficial.com\/","name":"KRAITOFFICIAL","description":"","publisher":{"@id":"https:\/\/kraitofficial.com\/#organization"},"potentialAction":[{"@type":"SearchAction","target":{"@type":"EntryPoint","urlTemplate":"https:\/\/kraitofficial.com\/?s={search_term_string}"},"query-input":{"@type":"PropertyValueSpecification","valueRequired":true,"valueName":"search_term_string"}}],"inLanguage":"et"},{"@type":"Organization","@id":"https:\/\/kraitofficial.com\/#organization","name":"KRAITOFFICIAL","url":"https:\/\/kraitofficial.com\/","logo":{"@type":"ImageObject","inLanguage":"et","@id":"https:\/\/kraitofficial.com\/#\/schema\/logo\/image\/","url":"https:\/\/kraitofficial.com\/wp-content\/uploads\/2025\/12\/logosign.jpg","contentUrl":"https:\/\/kraitofficial.com\/wp-content\/uploads\/2025\/12\/logosign.jpg","width":500,"height":500,"caption":"KRAITOFFICIAL"},"image":{"@id":"https:\/\/kraitofficial.com\/#\/schema\/logo\/image\/"},"sameAs":["https:\/\/www.facebook.com\/profile.php?id=61584570081371","https:\/\/www.instagram.com\/kraitofficial_com\/"]}]}},"_links":{"self":[{"href":"https:\/\/kraitofficial.com\/et\/wp-json\/wp\/v2\/product\/11141","targetHints":{"allow":["GET"]}}],"collection":[{"href":"https:\/\/kraitofficial.com\/et\/wp-json\/wp\/v2\/product"}],"about":[{"href":"https:\/\/kraitofficial.com\/et\/wp-json\/wp\/v2\/types\/product"}],"replies":[{"embeddable":true,"href":"https:\/\/kraitofficial.com\/et\/wp-json\/wp\/v2\/comments?post=11141"}],"version-history":[{"count":3,"href":"https:\/\/kraitofficial.com\/et\/wp-json\/wp\/v2\/product\/11141\/revisions"}],"predecessor-version":[{"id":12462,"href":"https:\/\/kraitofficial.com\/et\/wp-json\/wp\/v2\/product\/11141\/revisions\/12462"}],"wp:featuredmedia":[{"embeddable":true,"href":"https:\/\/kraitofficial.com\/et\/wp-json\/wp\/v2\/media\/11869"}],"wp:attachment":[{"href":"https:\/\/kraitofficial.com\/et\/wp-json\/wp\/v2\/media?parent=11141"}],"wp:term":[{"taxonomy":"product_brand","embeddable":true,"href":"https:\/\/kraitofficial.com\/et\/wp-json\/wp\/v2\/product_brand?post=11141"},{"taxonomy":"product_cat","embeddable":true,"href":"https:\/\/kraitofficial.com\/et\/wp-json\/wp\/v2\/product_cat?post=11141"},{"taxonomy":"product_tag","embeddable":true,"href":"https:\/\/kraitofficial.com\/et\/wp-json\/wp\/v2\/product_tag?post=11141"}],"curies":[{"name":"wp","href":"https:\/\/api.w.org\/{rel}","templated":true}]}}