{"id":11132,"date":"2025-11-01T12:37:22","date_gmt":"2025-11-01T12:37:22","guid":{"rendered":"https:\/\/kraitofficial.com\/?post_type=product&#038;p=11132"},"modified":"2026-02-23T09:57:28","modified_gmt":"2026-02-23T09:57:28","slug":"krait-gushion-wrap","status":"publish","type":"product","link":"https:\/\/kraitofficial.com\/et\/product\/krait-gushion-wrap\/","title":{"rendered":"KRAIT CUSHION WRAP"},"content":{"rendered":"<p>KRAIT CUSHION WRAP See esmaklassiline m\u00e4his, mida kasutatakse enne haaret, suurendab mugavust, v\u00e4hendab vibratsiooni ja parandab kontrolli iga l\u00f6\u00f6gi ajal. Selle kvaliteetne, pehme materjal tagab turvalise ja pehmendatud tunde, mis v\u00f5imaldab teil kauem kindlalt m\u00e4ngida. Sobib ideaalselt sportlastele, kes n\u00f5uavad t\u00e4psust, mugavust ja tipptulemust igal l\u00f6\u00f6gil.<\/p>","protected":false},"excerpt":{"rendered":"<p>KRAIT CUSHION WRAP See esmaklassiline m\u00e4his, mida kasutatakse enne haaret, suurendab mugavust, v\u00e4hendab vibratsiooni ja parandab kontrolli iga l\u00f6\u00f6gi ajal. Selle kvaliteetne, pehme materjal tagab turvalise ja pehmendatud tunde, mis v\u00f5imaldab teil kauem kindlalt m\u00e4ngida. Sobib ideaalselt sportlastele, kes n\u00f5uavad t\u00e4psust, mugavust ja tipptulemust igal l\u00f6\u00f6gil.<\/p>","protected":false},"featured_media":11922,"comment_status":"open","ping_status":"closed","template":"","meta":{"_acf_changed":false},"product_brand":[],"product_cat":[35],"product_tag":[],"class_list":{"0":"post-11132","1":"product","2":"type-product","3":"status-publish","4":"has-post-thumbnail","6":"product_cat-grips","8":"first","9":"instock","10":"taxable","11":"shipping-taxable","12":"purchasable","13":"product-type-variable"},"acf":[],"yoast_head":"<!-- This site is optimized with the Yoast SEO plugin v27.3 - https:\/\/yoast.com\/product\/yoast-seo-wordpress\/ -->\n<title>KRAIT CUSHION WRAP | Premium Padel Grip Wrap | KRAIT Official<\/title>\n<meta name=\"description\" content=\"Premium KRAIT CUSHION WRAP grip enhancement. Applied before the grip for enhanced comfort, reduced vibration, improved control. High-quality soft material. Secure, cushioned feel. \u20ac9. Free shipping. Shop padel grips at KRAIT Official.\" \/>\n<meta name=\"robots\" content=\"index, follow, max-snippet:-1, max-image-preview:large, max-video-preview:-1\" \/>\n<link rel=\"canonical\" href=\"https:\/\/kraitofficial.com\/et\/toode\/krait-gushion-wrap\/\" \/>\n<meta property=\"og:locale\" content=\"et_EE\" \/>\n<meta property=\"og:type\" content=\"article\" \/>\n<meta property=\"og:title\" content=\"KRAIT CUSHION WRAP | Premium Padel Grip Wrap | KRAIT Official\" \/>\n<meta property=\"og:description\" content=\"Premium KRAIT CUSHION WRAP grip enhancement. Applied before the grip for enhanced comfort, reduced vibration, improved control. High-quality soft material. Secure, cushioned feel. \u20ac9. Free shipping. Shop padel grips at KRAIT Official.\" \/>\n<meta property=\"og:url\" content=\"https:\/\/kraitofficial.com\/et\/toode\/krait-gushion-wrap\/\" \/>\n<meta property=\"og:site_name\" content=\"KRAITOFFICIAL\" \/>\n<meta property=\"article:publisher\" content=\"https:\/\/www.facebook.com\/profile.php?id=61584570081371\" \/>\n<meta property=\"article:modified_time\" content=\"2026-02-23T09:57:28+00:00\" \/>\n<meta property=\"og:image\" content=\"https:\/\/kraitofficial.com\/wp-content\/uploads\/2025\/11\/wrapnew1webp-scaled.webp\" \/>\n\t<meta property=\"og:image:width\" content=\"2560\" \/>\n\t<meta property=\"og:image:height\" content=\"2560\" \/>\n\t<meta property=\"og:image:type\" content=\"image\/webp\" \/>\n<meta name=\"twitter:card\" content=\"summary_large_image\" \/>\n<meta name=\"twitter:label1\" content=\"Est. reading time\" \/>\n\t<meta name=\"twitter:data1\" content=\"1 minut\" \/>\n<script type=\"application\/ld+json\" class=\"yoast-schema-graph\">{\"@context\":\"https:\\\/\\\/schema.org\",\"@graph\":[{\"@type\":\"WebPage\",\"@id\":\"https:\\\/\\\/kraitofficial.com\\\/product\\\/krait-gushion-wrap\\\/\",\"url\":\"https:\\\/\\\/kraitofficial.com\\\/product\\\/krait-gushion-wrap\\\/\",\"name\":\"KRAIT CUSHION WRAP | Premium Padel Grip Wrap | KRAIT Official\",\"isPartOf\":{\"@id\":\"https:\\\/\\\/kraitofficial.com\\\/#website\"},\"primaryImageOfPage\":{\"@id\":\"https:\\\/\\\/kraitofficial.com\\\/product\\\/krait-gushion-wrap\\\/#primaryimage\"},\"image\":{\"@id\":\"https:\\\/\\\/kraitofficial.com\\\/product\\\/krait-gushion-wrap\\\/#primaryimage\"},\"thumbnailUrl\":\"https:\\\/\\\/kraitofficial.com\\\/wp-content\\\/uploads\\\/2025\\\/11\\\/wrapnew1webp-scaled.webp\",\"datePublished\":\"2025-11-01T12:37:22+00:00\",\"dateModified\":\"2026-02-23T09:57:28+00:00\",\"description\":\"Premium KRAIT CUSHION WRAP grip enhancement. Applied before the grip for enhanced comfort, reduced vibration, improved control. High-quality soft material. Secure, cushioned feel. \u20ac9. Free shipping. Shop padel grips at KRAIT Official.\",\"breadcrumb\":{\"@id\":\"https:\\\/\\\/kraitofficial.com\\\/product\\\/krait-gushion-wrap\\\/#breadcrumb\"},\"inLanguage\":\"et\",\"potentialAction\":[{\"@type\":\"ReadAction\",\"target\":[\"https:\\\/\\\/kraitofficial.com\\\/product\\\/krait-gushion-wrap\\\/\"]}]},{\"@type\":\"ImageObject\",\"inLanguage\":\"et\",\"@id\":\"https:\\\/\\\/kraitofficial.com\\\/product\\\/krait-gushion-wrap\\\/#primaryimage\",\"url\":\"https:\\\/\\\/kraitofficial.com\\\/wp-content\\\/uploads\\\/2025\\\/11\\\/wrapnew1webp-scaled.webp\",\"contentUrl\":\"https:\\\/\\\/kraitofficial.com\\\/wp-content\\\/uploads\\\/2025\\\/11\\\/wrapnew1webp-scaled.webp\",\"width\":2560,\"height\":2560},{\"@type\":\"BreadcrumbList\",\"@id\":\"https:\\\/\\\/kraitofficial.com\\\/product\\\/krait-gushion-wrap\\\/#breadcrumb\",\"itemListElement\":[{\"@type\":\"ListItem\",\"position\":1,\"name\":\"Home\",\"item\":\"https:\\\/\\\/kraitofficial.com\\\/\"},{\"@type\":\"ListItem\",\"position\":2,\"name\":\"Catalog\",\"item\":\"https:\\\/\\\/kraitofficial.com\\\/catalog\\\/\"},{\"@type\":\"ListItem\",\"position\":3,\"name\":\"KRAIT CUSHION WRAP\"}]},{\"@type\":\"WebSite\",\"@id\":\"https:\\\/\\\/kraitofficial.com\\\/#website\",\"url\":\"https:\\\/\\\/kraitofficial.com\\\/\",\"name\":\"KRAITOFFICIAL\",\"description\":\"\",\"publisher\":{\"@id\":\"https:\\\/\\\/kraitofficial.com\\\/#organization\"},\"potentialAction\":[{\"@type\":\"SearchAction\",\"target\":{\"@type\":\"EntryPoint\",\"urlTemplate\":\"https:\\\/\\\/kraitofficial.com\\\/?s={search_term_string}\"},\"query-input\":{\"@type\":\"PropertyValueSpecification\",\"valueRequired\":true,\"valueName\":\"search_term_string\"}}],\"inLanguage\":\"et\"},{\"@type\":\"Organization\",\"@id\":\"https:\\\/\\\/kraitofficial.com\\\/#organization\",\"name\":\"KRAITOFFICIAL\",\"url\":\"https:\\\/\\\/kraitofficial.com\\\/\",\"logo\":{\"@type\":\"ImageObject\",\"inLanguage\":\"et\",\"@id\":\"https:\\\/\\\/kraitofficial.com\\\/#\\\/schema\\\/logo\\\/image\\\/\",\"url\":\"https:\\\/\\\/kraitofficial.com\\\/wp-content\\\/uploads\\\/2025\\\/12\\\/logosign.jpg\",\"contentUrl\":\"https:\\\/\\\/kraitofficial.com\\\/wp-content\\\/uploads\\\/2025\\\/12\\\/logosign.jpg\",\"width\":500,\"height\":500,\"caption\":\"KRAITOFFICIAL\"},\"image\":{\"@id\":\"https:\\\/\\\/kraitofficial.com\\\/#\\\/schema\\\/logo\\\/image\\\/\"},\"sameAs\":[\"https:\\\/\\\/www.facebook.com\\\/profile.php?id=61584570081371\",\"https:\\\/\\\/www.instagram.com\\\/kraitofficial_com\\\/\"]}]}<\/script>\n<!-- \/ Yoast SEO plugin. -->","yoast_head_json":{"title":"KRAIT CUSHION WRAP | Premium Padel Grip Wrap | KRAIT Official","description":"Premium KRAIT CUSHION WRAP haardetugevdus. Rakendatakse enne haaratsi, et suurendada mugavust, v\u00e4hendada vibratsiooni ja parandada kontrolli. Kvaliteetne pehme materjal. Turvaline, pehmendatud tunne. 9 \u20ac. Tasuta kohaletoimetamine. Osta padel haaratsid KRAIT Officialist.","robots":{"index":"index","follow":"follow","max-snippet":"max-snippet:-1","max-image-preview":"max-image-preview:large","max-video-preview":"max-video-preview:-1"},"canonical":"https:\/\/kraitofficial.com\/et\/toode\/krait-gushion-wrap\/","og_locale":"et_EE","og_type":"article","og_title":"KRAIT CUSHION WRAP | Premium Padel Grip Wrap | KRAIT Official","og_description":"Premium KRAIT CUSHION WRAP grip enhancement. Applied before the grip for enhanced comfort, reduced vibration, improved control. High-quality soft material. Secure, cushioned feel. \u20ac9. Free shipping. Shop padel grips at KRAIT Official.","og_url":"https:\/\/kraitofficial.com\/et\/toode\/krait-gushion-wrap\/","og_site_name":"KRAITOFFICIAL","article_publisher":"https:\/\/www.facebook.com\/profile.php?id=61584570081371","article_modified_time":"2026-02-23T09:57:28+00:00","og_image":[{"width":2560,"height":2560,"url":"https:\/\/kraitofficial.com\/wp-content\/uploads\/2025\/11\/wrapnew1webp-scaled.webp","type":"image\/webp"}],"twitter_card":"summary_large_image","twitter_misc":{"Est. reading time":"1 minut"},"schema":{"@context":"https:\/\/schema.org","@graph":[{"@type":"WebPage","@id":"https:\/\/kraitofficial.com\/product\/krait-gushion-wrap\/","url":"https:\/\/kraitofficial.com\/product\/krait-gushion-wrap\/","name":"KRAIT CUSHION WRAP | Premium Padel Grip Wrap | KRAIT Official","isPartOf":{"@id":"https:\/\/kraitofficial.com\/#website"},"primaryImageOfPage":{"@id":"https:\/\/kraitofficial.com\/product\/krait-gushion-wrap\/#primaryimage"},"image":{"@id":"https:\/\/kraitofficial.com\/product\/krait-gushion-wrap\/#primaryimage"},"thumbnailUrl":"https:\/\/kraitofficial.com\/wp-content\/uploads\/2025\/11\/wrapnew1webp-scaled.webp","datePublished":"2025-11-01T12:37:22+00:00","dateModified":"2026-02-23T09:57:28+00:00","description":"Premium KRAIT CUSHION WRAP haardetugevdus. Rakendatakse enne haaratsi, et suurendada mugavust, v\u00e4hendada vibratsiooni ja parandada kontrolli. Kvaliteetne pehme materjal. Turvaline, pehmendatud tunne. 9 \u20ac. Tasuta kohaletoimetamine. Osta padel haaratsid KRAIT Officialist.","breadcrumb":{"@id":"https:\/\/kraitofficial.com\/product\/krait-gushion-wrap\/#breadcrumb"},"inLanguage":"et","potentialAction":[{"@type":"ReadAction","target":["https:\/\/kraitofficial.com\/product\/krait-gushion-wrap\/"]}]},{"@type":"ImageObject","inLanguage":"et","@id":"https:\/\/kraitofficial.com\/product\/krait-gushion-wrap\/#primaryimage","url":"https:\/\/kraitofficial.com\/wp-content\/uploads\/2025\/11\/wrapnew1webp-scaled.webp","contentUrl":"https:\/\/kraitofficial.com\/wp-content\/uploads\/2025\/11\/wrapnew1webp-scaled.webp","width":2560,"height":2560},{"@type":"BreadcrumbList","@id":"https:\/\/kraitofficial.com\/product\/krait-gushion-wrap\/#breadcrumb","itemListElement":[{"@type":"ListItem","position":1,"name":"Home","item":"https:\/\/kraitofficial.com\/"},{"@type":"ListItem","position":2,"name":"Catalog","item":"https:\/\/kraitofficial.com\/catalog\/"},{"@type":"ListItem","position":3,"name":"KRAIT CUSHION WRAP"}]},{"@type":"WebSite","@id":"https:\/\/kraitofficial.com\/#website","url":"https:\/\/kraitofficial.com\/","name":"KRAITOFFICIAL","description":"","publisher":{"@id":"https:\/\/kraitofficial.com\/#organization"},"potentialAction":[{"@type":"SearchAction","target":{"@type":"EntryPoint","urlTemplate":"https:\/\/kraitofficial.com\/?s={search_term_string}"},"query-input":{"@type":"PropertyValueSpecification","valueRequired":true,"valueName":"search_term_string"}}],"inLanguage":"et"},{"@type":"Organization","@id":"https:\/\/kraitofficial.com\/#organization","name":"KRAITOFFICIAL","url":"https:\/\/kraitofficial.com\/","logo":{"@type":"ImageObject","inLanguage":"et","@id":"https:\/\/kraitofficial.com\/#\/schema\/logo\/image\/","url":"https:\/\/kraitofficial.com\/wp-content\/uploads\/2025\/12\/logosign.jpg","contentUrl":"https:\/\/kraitofficial.com\/wp-content\/uploads\/2025\/12\/logosign.jpg","width":500,"height":500,"caption":"KRAITOFFICIAL"},"image":{"@id":"https:\/\/kraitofficial.com\/#\/schema\/logo\/image\/"},"sameAs":["https:\/\/www.facebook.com\/profile.php?id=61584570081371","https:\/\/www.instagram.com\/kraitofficial_com\/"]}]}},"_links":{"self":[{"href":"https:\/\/kraitofficial.com\/et\/wp-json\/wp\/v2\/product\/11132","targetHints":{"allow":["GET"]}}],"collection":[{"href":"https:\/\/kraitofficial.com\/et\/wp-json\/wp\/v2\/product"}],"about":[{"href":"https:\/\/kraitofficial.com\/et\/wp-json\/wp\/v2\/types\/product"}],"replies":[{"embeddable":true,"href":"https:\/\/kraitofficial.com\/et\/wp-json\/wp\/v2\/comments?post=11132"}],"version-history":[{"count":2,"href":"https:\/\/kraitofficial.com\/et\/wp-json\/wp\/v2\/product\/11132\/revisions"}],"predecessor-version":[{"id":11695,"href":"https:\/\/kraitofficial.com\/et\/wp-json\/wp\/v2\/product\/11132\/revisions\/11695"}],"wp:featuredmedia":[{"embeddable":true,"href":"https:\/\/kraitofficial.com\/et\/wp-json\/wp\/v2\/media\/11922"}],"wp:attachment":[{"href":"https:\/\/kraitofficial.com\/et\/wp-json\/wp\/v2\/media?parent=11132"}],"wp:term":[{"taxonomy":"product_brand","embeddable":true,"href":"https:\/\/kraitofficial.com\/et\/wp-json\/wp\/v2\/product_brand?post=11132"},{"taxonomy":"product_cat","embeddable":true,"href":"https:\/\/kraitofficial.com\/et\/wp-json\/wp\/v2\/product_cat?post=11132"},{"taxonomy":"product_tag","embeddable":true,"href":"https:\/\/kraitofficial.com\/et\/wp-json\/wp\/v2\/product_tag?post=11132"}],"curies":[{"name":"wp","href":"https:\/\/api.w.org\/{rel}","templated":true}]}}