{"id":11126,"date":"2025-11-01T12:35:11","date_gmt":"2025-11-01T12:35:11","guid":{"rendered":"https:\/\/kraitofficial.com\/?post_type=product&#038;p=11126"},"modified":"2026-02-23T10:00:55","modified_gmt":"2026-02-23T10:00:55","slug":"krait-draakon-haaret","status":"publish","type":"product","link":"https:\/\/kraitofficial.com\/et\/product\/krait-dragon-grip\/","title":{"rendered":"KRAIT DRAGON GRIP"},"content":{"rendered":"<p>Krait Dragon Grip on m\u00f5eldud m\u00e4ngijatele, kes n\u00f5uavad maksimaalset kontrolli, stabiilsust ja mugavust. Selle t\u00e4iustatud perforeeritud struktuur koos ventilatsiooniavadega tagab suurep\u00e4rase \u00f5huvoolu ja kiire niiskusejuhtivuse, hoides teie k\u00e4epideme kuivana ka k\u00f5ige intensiivsemate m\u00e4ngude ajal.<\/p>\n<p>Ergonoomilised k\u00f5rgendatud tekstuurid j\u00e4rgivad teie k\u00e4e loomulikku kuju, tagades kindla ja kindla haarde - nii et reket on nagu teie k\u00e4e pikendus. Kvaliteetsetest k\u00f5rgekvaliteedilistest materjalidest valmistatud k\u00e4epide pakub vastupidavust, pehmust ja pikaajalist j\u00f5udlust. Loheskaala muster lisab silmatorkava visuaalse puudutuse, mis sobib kokku selle tipptasemel funktsionaalsusega.<\/p>","protected":false},"excerpt":{"rendered":"<p>Ehitatud meisterlikele k\u00e4tele<\/p>","protected":false},"featured_media":11912,"comment_status":"open","ping_status":"closed","template":"","meta":{"_acf_changed":false},"product_brand":[],"product_cat":[35],"product_tag":[],"class_list":{"0":"post-11126","1":"product","2":"type-product","3":"status-publish","4":"has-post-thumbnail","6":"product_cat-grips","8":"first","9":"instock","10":"taxable","11":"shipping-taxable","12":"purchasable","13":"product-type-variable"},"acf":[],"yoast_head":"<!-- This site is optimized with the Yoast SEO plugin v27.3 - https:\/\/yoast.com\/product\/yoast-seo-wordpress\/ -->\n<title>KRAIT DRAGON GRIP | Premium Perforated Padel Grip | KRAIT Official<\/title>\n<meta name=\"description\" content=\"Built for champion&#039;s hands. KRAIT DRAGON GRIP premium perforated padel grip. Maximum control, stability, comfort. Advanced ventilation holes for airflow and rapid moisture absorption. \u20ac6. Free shipping. Shop premium grips at KRAIT Official.\" \/>\n<meta name=\"robots\" content=\"index, follow, max-snippet:-1, max-image-preview:large, max-video-preview:-1\" \/>\n<link rel=\"canonical\" href=\"https:\/\/kraitofficial.com\/et\/toode\/krait-draakon-haaret\/\" \/>\n<meta property=\"og:locale\" content=\"et_EE\" \/>\n<meta property=\"og:type\" content=\"article\" \/>\n<meta property=\"og:title\" content=\"KRAIT DRAGON GRIP | Premium Perforated Padel Grip | KRAIT Official\" \/>\n<meta property=\"og:description\" content=\"Built for champion&#039;s hands. KRAIT DRAGON GRIP premium perforated padel grip. Maximum control, stability, comfort. Advanced ventilation holes for airflow and rapid moisture absorption. \u20ac6. Free shipping. Shop premium grips at KRAIT Official.\" \/>\n<meta property=\"og:url\" content=\"https:\/\/kraitofficial.com\/et\/toode\/krait-draakon-haaret\/\" \/>\n<meta property=\"og:site_name\" content=\"KRAITOFFICIAL\" \/>\n<meta property=\"article:publisher\" content=\"https:\/\/www.facebook.com\/profile.php?id=61584570081371\" \/>\n<meta property=\"article:modified_time\" content=\"2026-02-23T10:00:55+00:00\" \/>\n<meta property=\"og:image\" content=\"https:\/\/kraitofficial.com\/wp-content\/uploads\/2025\/11\/overgripwebp-scaled.webp\" \/>\n\t<meta property=\"og:image:width\" content=\"2560\" \/>\n\t<meta property=\"og:image:height\" content=\"2560\" \/>\n\t<meta property=\"og:image:type\" content=\"image\/webp\" \/>\n<meta name=\"twitter:card\" content=\"summary_large_image\" \/>\n<meta name=\"twitter:label1\" content=\"Est. reading time\" \/>\n\t<meta name=\"twitter:data1\" content=\"1 minut\" \/>\n<script type=\"application\/ld+json\" class=\"yoast-schema-graph\">{\"@context\":\"https:\\\/\\\/schema.org\",\"@graph\":[{\"@type\":\"WebPage\",\"@id\":\"https:\\\/\\\/kraitofficial.com\\\/product\\\/krait-dragon-grip\\\/\",\"url\":\"https:\\\/\\\/kraitofficial.com\\\/product\\\/krait-dragon-grip\\\/\",\"name\":\"KRAIT DRAGON GRIP | Premium Perforated Padel Grip | KRAIT Official\",\"isPartOf\":{\"@id\":\"https:\\\/\\\/kraitofficial.com\\\/#website\"},\"primaryImageOfPage\":{\"@id\":\"https:\\\/\\\/kraitofficial.com\\\/product\\\/krait-dragon-grip\\\/#primaryimage\"},\"image\":{\"@id\":\"https:\\\/\\\/kraitofficial.com\\\/product\\\/krait-dragon-grip\\\/#primaryimage\"},\"thumbnailUrl\":\"https:\\\/\\\/kraitofficial.com\\\/wp-content\\\/uploads\\\/2025\\\/11\\\/overgripwebp-scaled.webp\",\"datePublished\":\"2025-11-01T12:35:11+00:00\",\"dateModified\":\"2026-02-23T10:00:55+00:00\",\"description\":\"Built for champion's hands. KRAIT DRAGON GRIP premium perforated padel grip. Maximum control, stability, comfort. Advanced ventilation holes for airflow and rapid moisture absorption. \u20ac6. Free shipping. Shop premium grips at KRAIT Official.\",\"breadcrumb\":{\"@id\":\"https:\\\/\\\/kraitofficial.com\\\/product\\\/krait-dragon-grip\\\/#breadcrumb\"},\"inLanguage\":\"et\",\"potentialAction\":[{\"@type\":\"ReadAction\",\"target\":[\"https:\\\/\\\/kraitofficial.com\\\/product\\\/krait-dragon-grip\\\/\"]}]},{\"@type\":\"ImageObject\",\"inLanguage\":\"et\",\"@id\":\"https:\\\/\\\/kraitofficial.com\\\/product\\\/krait-dragon-grip\\\/#primaryimage\",\"url\":\"https:\\\/\\\/kraitofficial.com\\\/wp-content\\\/uploads\\\/2025\\\/11\\\/overgripwebp-scaled.webp\",\"contentUrl\":\"https:\\\/\\\/kraitofficial.com\\\/wp-content\\\/uploads\\\/2025\\\/11\\\/overgripwebp-scaled.webp\",\"width\":2560,\"height\":2560},{\"@type\":\"BreadcrumbList\",\"@id\":\"https:\\\/\\\/kraitofficial.com\\\/product\\\/krait-dragon-grip\\\/#breadcrumb\",\"itemListElement\":[{\"@type\":\"ListItem\",\"position\":1,\"name\":\"Home\",\"item\":\"https:\\\/\\\/kraitofficial.com\\\/\"},{\"@type\":\"ListItem\",\"position\":2,\"name\":\"Catalog\",\"item\":\"https:\\\/\\\/kraitofficial.com\\\/catalog\\\/\"},{\"@type\":\"ListItem\",\"position\":3,\"name\":\"KRAIT DRAGON GRIP\"}]},{\"@type\":\"WebSite\",\"@id\":\"https:\\\/\\\/kraitofficial.com\\\/#website\",\"url\":\"https:\\\/\\\/kraitofficial.com\\\/\",\"name\":\"KRAITOFFICIAL\",\"description\":\"\",\"publisher\":{\"@id\":\"https:\\\/\\\/kraitofficial.com\\\/#organization\"},\"potentialAction\":[{\"@type\":\"SearchAction\",\"target\":{\"@type\":\"EntryPoint\",\"urlTemplate\":\"https:\\\/\\\/kraitofficial.com\\\/?s={search_term_string}\"},\"query-input\":{\"@type\":\"PropertyValueSpecification\",\"valueRequired\":true,\"valueName\":\"search_term_string\"}}],\"inLanguage\":\"et\"},{\"@type\":\"Organization\",\"@id\":\"https:\\\/\\\/kraitofficial.com\\\/#organization\",\"name\":\"KRAITOFFICIAL\",\"url\":\"https:\\\/\\\/kraitofficial.com\\\/\",\"logo\":{\"@type\":\"ImageObject\",\"inLanguage\":\"et\",\"@id\":\"https:\\\/\\\/kraitofficial.com\\\/#\\\/schema\\\/logo\\\/image\\\/\",\"url\":\"https:\\\/\\\/kraitofficial.com\\\/wp-content\\\/uploads\\\/2025\\\/12\\\/logosign.jpg\",\"contentUrl\":\"https:\\\/\\\/kraitofficial.com\\\/wp-content\\\/uploads\\\/2025\\\/12\\\/logosign.jpg\",\"width\":500,\"height\":500,\"caption\":\"KRAITOFFICIAL\"},\"image\":{\"@id\":\"https:\\\/\\\/kraitofficial.com\\\/#\\\/schema\\\/logo\\\/image\\\/\"},\"sameAs\":[\"https:\\\/\\\/www.facebook.com\\\/profile.php?id=61584570081371\",\"https:\\\/\\\/www.instagram.com\\\/kraitofficial_com\\\/\"]}]}<\/script>\n<!-- \/ Yoast SEO plugin. -->","yoast_head_json":{"title":"KRAIT DRAGON GRIP | Premium Perforeeritud Padel Grip | KRAIT Official","description":"Ehitatud meisterlikele k\u00e4tele. KRAIT DRAGON GRIP k\u00f5rgekvaliteediline perforeeritud k\u00e4epide. Maksimaalne kontroll, stabiilsus, mugavus. T\u00e4iustatud ventilatsiooniavad \u00f5huvooluks ja kiireks niiskuse imendumiseks. 6 \u20ac. Tasuta kohaletoimetamine. Osta esmaklassilisi haaratsid KRAIT Officialist.","robots":{"index":"index","follow":"follow","max-snippet":"max-snippet:-1","max-image-preview":"max-image-preview:large","max-video-preview":"max-video-preview:-1"},"canonical":"https:\/\/kraitofficial.com\/et\/toode\/krait-draakon-haaret\/","og_locale":"et_EE","og_type":"article","og_title":"KRAIT DRAGON GRIP | Premium Perforated Padel Grip | KRAIT Official","og_description":"Built for champion's hands. KRAIT DRAGON GRIP premium perforated padel grip. Maximum control, stability, comfort. Advanced ventilation holes for airflow and rapid moisture absorption. \u20ac6. Free shipping. Shop premium grips at KRAIT Official.","og_url":"https:\/\/kraitofficial.com\/et\/toode\/krait-draakon-haaret\/","og_site_name":"KRAITOFFICIAL","article_publisher":"https:\/\/www.facebook.com\/profile.php?id=61584570081371","article_modified_time":"2026-02-23T10:00:55+00:00","og_image":[{"width":2560,"height":2560,"url":"https:\/\/kraitofficial.com\/wp-content\/uploads\/2025\/11\/overgripwebp-scaled.webp","type":"image\/webp"}],"twitter_card":"summary_large_image","twitter_misc":{"Est. reading time":"1 minut"},"schema":{"@context":"https:\/\/schema.org","@graph":[{"@type":"WebPage","@id":"https:\/\/kraitofficial.com\/product\/krait-dragon-grip\/","url":"https:\/\/kraitofficial.com\/product\/krait-dragon-grip\/","name":"KRAIT DRAGON GRIP | Premium Perforeeritud Padel Grip | KRAIT Official","isPartOf":{"@id":"https:\/\/kraitofficial.com\/#website"},"primaryImageOfPage":{"@id":"https:\/\/kraitofficial.com\/product\/krait-dragon-grip\/#primaryimage"},"image":{"@id":"https:\/\/kraitofficial.com\/product\/krait-dragon-grip\/#primaryimage"},"thumbnailUrl":"https:\/\/kraitofficial.com\/wp-content\/uploads\/2025\/11\/overgripwebp-scaled.webp","datePublished":"2025-11-01T12:35:11+00:00","dateModified":"2026-02-23T10:00:55+00:00","description":"Ehitatud meisterlikele k\u00e4tele. KRAIT DRAGON GRIP k\u00f5rgekvaliteediline perforeeritud k\u00e4epide. Maksimaalne kontroll, stabiilsus, mugavus. T\u00e4iustatud ventilatsiooniavad \u00f5huvooluks ja kiireks niiskuse imendumiseks. 6 \u20ac. Tasuta kohaletoimetamine. Osta esmaklassilisi haaratsid KRAIT Officialist.","breadcrumb":{"@id":"https:\/\/kraitofficial.com\/product\/krait-dragon-grip\/#breadcrumb"},"inLanguage":"et","potentialAction":[{"@type":"ReadAction","target":["https:\/\/kraitofficial.com\/product\/krait-dragon-grip\/"]}]},{"@type":"ImageObject","inLanguage":"et","@id":"https:\/\/kraitofficial.com\/product\/krait-dragon-grip\/#primaryimage","url":"https:\/\/kraitofficial.com\/wp-content\/uploads\/2025\/11\/overgripwebp-scaled.webp","contentUrl":"https:\/\/kraitofficial.com\/wp-content\/uploads\/2025\/11\/overgripwebp-scaled.webp","width":2560,"height":2560},{"@type":"BreadcrumbList","@id":"https:\/\/kraitofficial.com\/product\/krait-dragon-grip\/#breadcrumb","itemListElement":[{"@type":"ListItem","position":1,"name":"Home","item":"https:\/\/kraitofficial.com\/"},{"@type":"ListItem","position":2,"name":"Catalog","item":"https:\/\/kraitofficial.com\/catalog\/"},{"@type":"ListItem","position":3,"name":"KRAIT DRAGON GRIP"}]},{"@type":"WebSite","@id":"https:\/\/kraitofficial.com\/#website","url":"https:\/\/kraitofficial.com\/","name":"KRAITOFFICIAL","description":"","publisher":{"@id":"https:\/\/kraitofficial.com\/#organization"},"potentialAction":[{"@type":"SearchAction","target":{"@type":"EntryPoint","urlTemplate":"https:\/\/kraitofficial.com\/?s={search_term_string}"},"query-input":{"@type":"PropertyValueSpecification","valueRequired":true,"valueName":"search_term_string"}}],"inLanguage":"et"},{"@type":"Organization","@id":"https:\/\/kraitofficial.com\/#organization","name":"KRAITOFFICIAL","url":"https:\/\/kraitofficial.com\/","logo":{"@type":"ImageObject","inLanguage":"et","@id":"https:\/\/kraitofficial.com\/#\/schema\/logo\/image\/","url":"https:\/\/kraitofficial.com\/wp-content\/uploads\/2025\/12\/logosign.jpg","contentUrl":"https:\/\/kraitofficial.com\/wp-content\/uploads\/2025\/12\/logosign.jpg","width":500,"height":500,"caption":"KRAITOFFICIAL"},"image":{"@id":"https:\/\/kraitofficial.com\/#\/schema\/logo\/image\/"},"sameAs":["https:\/\/www.facebook.com\/profile.php?id=61584570081371","https:\/\/www.instagram.com\/kraitofficial_com\/"]}]}},"_links":{"self":[{"href":"https:\/\/kraitofficial.com\/et\/wp-json\/wp\/v2\/product\/11126","targetHints":{"allow":["GET"]}}],"collection":[{"href":"https:\/\/kraitofficial.com\/et\/wp-json\/wp\/v2\/product"}],"about":[{"href":"https:\/\/kraitofficial.com\/et\/wp-json\/wp\/v2\/types\/product"}],"replies":[{"embeddable":true,"href":"https:\/\/kraitofficial.com\/et\/wp-json\/wp\/v2\/comments?post=11126"}],"version-history":[{"count":2,"href":"https:\/\/kraitofficial.com\/et\/wp-json\/wp\/v2\/product\/11126\/revisions"}],"predecessor-version":[{"id":11815,"href":"https:\/\/kraitofficial.com\/et\/wp-json\/wp\/v2\/product\/11126\/revisions\/11815"}],"wp:featuredmedia":[{"embeddable":true,"href":"https:\/\/kraitofficial.com\/et\/wp-json\/wp\/v2\/media\/11912"}],"wp:attachment":[{"href":"https:\/\/kraitofficial.com\/et\/wp-json\/wp\/v2\/media?parent=11126"}],"wp:term":[{"taxonomy":"product_brand","embeddable":true,"href":"https:\/\/kraitofficial.com\/et\/wp-json\/wp\/v2\/product_brand?post=11126"},{"taxonomy":"product_cat","embeddable":true,"href":"https:\/\/kraitofficial.com\/et\/wp-json\/wp\/v2\/product_cat?post=11126"},{"taxonomy":"product_tag","embeddable":true,"href":"https:\/\/kraitofficial.com\/et\/wp-json\/wp\/v2\/product_tag?post=11126"}],"curies":[{"name":"wp","href":"https:\/\/api.w.org\/{rel}","templated":true}]}}