{"id":11120,"date":"2025-11-01T12:31:07","date_gmt":"2025-11-01T12:31:07","guid":{"rendered":"https:\/\/kraitofficial.com\/?post_type=product&#038;p=11120"},"modified":"2026-02-23T10:02:10","modified_gmt":"2026-02-23T10:02:10","slug":"krait-thermiq","status":"publish","type":"product","link":"https:\/\/kraitofficial.com\/et\/product\/krait-thermiq\/","title":{"rendered":"KRAIT THERMIQ"},"content":{"rendered":"<p>KRAIT THERMIQ - THERMIQ on loodud selleks, et hoida teie jooki ideaalsel temperatuuril kuni 24 tundi, ning \u00fchendab endas t\u00e4iustatud termotehnoloogia ja minimalistliku, sportliku disaini. Iga detail peegeldab KRAITi vaimu - liikumist, j\u00f5udu ja eesm\u00e4rki. See ei ole lihtsalt pudel. See on avaldus j\u00f5udluse kohta.<\/p>","protected":false},"excerpt":{"rendered":"<p>Hoidke t\u00e4iuslikku temperatuuri<\/p>","protected":false},"featured_media":11901,"comment_status":"open","ping_status":"closed","template":"","meta":{"_acf_changed":false},"product_brand":[],"product_cat":[36],"product_tag":[],"class_list":{"0":"post-11120","1":"product","2":"type-product","3":"status-publish","4":"has-post-thumbnail","6":"product_cat-bottles","8":"first","9":"instock","10":"taxable","11":"shipping-taxable","12":"purchasable","13":"product-type-variable"},"acf":[],"yoast_head":"<!-- This site is optimized with the Yoast SEO plugin v27.3 - https:\/\/yoast.com\/product\/yoast-seo-wordpress\/ -->\n<title>KRAIT THERMIQ | Premium Sports Water Bottle | 24h Temperature | KRAIT Official<\/title>\n<meta name=\"description\" content=\"Hold the perfect temperature. KRAIT THERMIQ premium sports water bottle. Engineered for motion. Keeps drinks at ideal temperature for up to 24 hours. Advanced thermal technology. \u20ac12. Free shipping. Shop premium sports bottles at KRAIT Official.\" \/>\n<meta name=\"robots\" content=\"index, follow, max-snippet:-1, max-image-preview:large, max-video-preview:-1\" \/>\n<link rel=\"canonical\" href=\"https:\/\/kraitofficial.com\/et\/toode\/krait-thermiq\/\" \/>\n<meta property=\"og:locale\" content=\"et_EE\" \/>\n<meta property=\"og:type\" content=\"article\" \/>\n<meta property=\"og:title\" content=\"KRAIT THERMIQ | Premium Sports Water Bottle | 24h Temperature | KRAIT Official\" \/>\n<meta property=\"og:description\" content=\"Hold the perfect temperature. KRAIT THERMIQ premium sports water bottle. Engineered for motion. Keeps drinks at ideal temperature for up to 24 hours. Advanced thermal technology. \u20ac12. Free shipping. Shop premium sports bottles at KRAIT Official.\" \/>\n<meta property=\"og:url\" content=\"https:\/\/kraitofficial.com\/et\/toode\/krait-thermiq\/\" \/>\n<meta property=\"og:site_name\" content=\"KRAITOFFICIAL\" \/>\n<meta property=\"article:publisher\" content=\"https:\/\/www.facebook.com\/profile.php?id=61584570081371\" \/>\n<meta property=\"article:modified_time\" content=\"2026-02-23T10:02:10+00:00\" \/>\n<meta property=\"og:image\" content=\"https:\/\/kraitofficial.com\/wp-content\/uploads\/2025\/11\/2butilkwebp.webp\" \/>\n\t<meta property=\"og:image:width\" content=\"1952\" \/>\n\t<meta property=\"og:image:height\" content=\"1952\" \/>\n\t<meta property=\"og:image:type\" content=\"image\/webp\" \/>\n<meta name=\"twitter:card\" content=\"summary_large_image\" \/>\n<meta name=\"twitter:label1\" content=\"Est. reading time\" \/>\n\t<meta name=\"twitter:data1\" content=\"1 minut\" \/>\n<script type=\"application\/ld+json\" class=\"yoast-schema-graph\">{\"@context\":\"https:\\\/\\\/schema.org\",\"@graph\":[{\"@type\":\"WebPage\",\"@id\":\"https:\\\/\\\/kraitofficial.com\\\/product\\\/krait-thermiq\\\/\",\"url\":\"https:\\\/\\\/kraitofficial.com\\\/product\\\/krait-thermiq\\\/\",\"name\":\"KRAIT THERMIQ | Premium Sports Water Bottle | 24h Temperature | KRAIT Official\",\"isPartOf\":{\"@id\":\"https:\\\/\\\/kraitofficial.com\\\/#website\"},\"primaryImageOfPage\":{\"@id\":\"https:\\\/\\\/kraitofficial.com\\\/product\\\/krait-thermiq\\\/#primaryimage\"},\"image\":{\"@id\":\"https:\\\/\\\/kraitofficial.com\\\/product\\\/krait-thermiq\\\/#primaryimage\"},\"thumbnailUrl\":\"https:\\\/\\\/kraitofficial.com\\\/wp-content\\\/uploads\\\/2025\\\/11\\\/2butilkwebp.webp\",\"datePublished\":\"2025-11-01T12:31:07+00:00\",\"dateModified\":\"2026-02-23T10:02:10+00:00\",\"description\":\"Hold the perfect temperature. KRAIT THERMIQ premium sports water bottle. Engineered for motion. Keeps drinks at ideal temperature for up to 24 hours. Advanced thermal technology. \u20ac12. Free shipping. Shop premium sports bottles at KRAIT Official.\",\"breadcrumb\":{\"@id\":\"https:\\\/\\\/kraitofficial.com\\\/product\\\/krait-thermiq\\\/#breadcrumb\"},\"inLanguage\":\"et\",\"potentialAction\":[{\"@type\":\"ReadAction\",\"target\":[\"https:\\\/\\\/kraitofficial.com\\\/product\\\/krait-thermiq\\\/\"]}]},{\"@type\":\"ImageObject\",\"inLanguage\":\"et\",\"@id\":\"https:\\\/\\\/kraitofficial.com\\\/product\\\/krait-thermiq\\\/#primaryimage\",\"url\":\"https:\\\/\\\/kraitofficial.com\\\/wp-content\\\/uploads\\\/2025\\\/11\\\/2butilkwebp.webp\",\"contentUrl\":\"https:\\\/\\\/kraitofficial.com\\\/wp-content\\\/uploads\\\/2025\\\/11\\\/2butilkwebp.webp\",\"width\":1952,\"height\":1952},{\"@type\":\"BreadcrumbList\",\"@id\":\"https:\\\/\\\/kraitofficial.com\\\/product\\\/krait-thermiq\\\/#breadcrumb\",\"itemListElement\":[{\"@type\":\"ListItem\",\"position\":1,\"name\":\"Home\",\"item\":\"https:\\\/\\\/kraitofficial.com\\\/\"},{\"@type\":\"ListItem\",\"position\":2,\"name\":\"Catalog\",\"item\":\"https:\\\/\\\/kraitofficial.com\\\/catalog\\\/\"},{\"@type\":\"ListItem\",\"position\":3,\"name\":\"KRAIT THERMIQ\"}]},{\"@type\":\"WebSite\",\"@id\":\"https:\\\/\\\/kraitofficial.com\\\/#website\",\"url\":\"https:\\\/\\\/kraitofficial.com\\\/\",\"name\":\"KRAITOFFICIAL\",\"description\":\"\",\"publisher\":{\"@id\":\"https:\\\/\\\/kraitofficial.com\\\/#organization\"},\"potentialAction\":[{\"@type\":\"SearchAction\",\"target\":{\"@type\":\"EntryPoint\",\"urlTemplate\":\"https:\\\/\\\/kraitofficial.com\\\/?s={search_term_string}\"},\"query-input\":{\"@type\":\"PropertyValueSpecification\",\"valueRequired\":true,\"valueName\":\"search_term_string\"}}],\"inLanguage\":\"et\"},{\"@type\":\"Organization\",\"@id\":\"https:\\\/\\\/kraitofficial.com\\\/#organization\",\"name\":\"KRAITOFFICIAL\",\"url\":\"https:\\\/\\\/kraitofficial.com\\\/\",\"logo\":{\"@type\":\"ImageObject\",\"inLanguage\":\"et\",\"@id\":\"https:\\\/\\\/kraitofficial.com\\\/#\\\/schema\\\/logo\\\/image\\\/\",\"url\":\"https:\\\/\\\/kraitofficial.com\\\/wp-content\\\/uploads\\\/2025\\\/12\\\/logosign.jpg\",\"contentUrl\":\"https:\\\/\\\/kraitofficial.com\\\/wp-content\\\/uploads\\\/2025\\\/12\\\/logosign.jpg\",\"width\":500,\"height\":500,\"caption\":\"KRAITOFFICIAL\"},\"image\":{\"@id\":\"https:\\\/\\\/kraitofficial.com\\\/#\\\/schema\\\/logo\\\/image\\\/\"},\"sameAs\":[\"https:\\\/\\\/www.facebook.com\\\/profile.php?id=61584570081371\",\"https:\\\/\\\/www.instagram.com\\\/kraitofficial_com\\\/\"]}]}<\/script>\n<!-- \/ Yoast SEO plugin. -->","yoast_head_json":{"title":"KRAIT THERMIQ | Premium spordiveepudel | 24h temperatuur | KRAIT Official","description":"Hoida ideaalne temperatuur. KRAIT THERMIQ k\u00f5rgekvaliteediline spordiveepudel. Konstrueeritud liikumiseks. Hoiab joogid ideaalsel temperatuuril kuni 24 tundi. T\u00e4iustatud termotehnoloogia. 12 \u20ac. Tasuta kohaletoimetamine. Osta esmaklassilisi spordipudeleid KRAIT Officialist.","robots":{"index":"index","follow":"follow","max-snippet":"max-snippet:-1","max-image-preview":"max-image-preview:large","max-video-preview":"max-video-preview:-1"},"canonical":"https:\/\/kraitofficial.com\/et\/toode\/krait-thermiq\/","og_locale":"et_EE","og_type":"article","og_title":"KRAIT THERMIQ | Premium Sports Water Bottle | 24h Temperature | KRAIT Official","og_description":"Hold the perfect temperature. KRAIT THERMIQ premium sports water bottle. Engineered for motion. Keeps drinks at ideal temperature for up to 24 hours. Advanced thermal technology. \u20ac12. Free shipping. Shop premium sports bottles at KRAIT Official.","og_url":"https:\/\/kraitofficial.com\/et\/toode\/krait-thermiq\/","og_site_name":"KRAITOFFICIAL","article_publisher":"https:\/\/www.facebook.com\/profile.php?id=61584570081371","article_modified_time":"2026-02-23T10:02:10+00:00","og_image":[{"width":1952,"height":1952,"url":"https:\/\/kraitofficial.com\/wp-content\/uploads\/2025\/11\/2butilkwebp.webp","type":"image\/webp"}],"twitter_card":"summary_large_image","twitter_misc":{"Est. reading time":"1 minut"},"schema":{"@context":"https:\/\/schema.org","@graph":[{"@type":"WebPage","@id":"https:\/\/kraitofficial.com\/product\/krait-thermiq\/","url":"https:\/\/kraitofficial.com\/product\/krait-thermiq\/","name":"KRAIT THERMIQ | Premium spordiveepudel | 24h temperatuur | KRAIT Official","isPartOf":{"@id":"https:\/\/kraitofficial.com\/#website"},"primaryImageOfPage":{"@id":"https:\/\/kraitofficial.com\/product\/krait-thermiq\/#primaryimage"},"image":{"@id":"https:\/\/kraitofficial.com\/product\/krait-thermiq\/#primaryimage"},"thumbnailUrl":"https:\/\/kraitofficial.com\/wp-content\/uploads\/2025\/11\/2butilkwebp.webp","datePublished":"2025-11-01T12:31:07+00:00","dateModified":"2026-02-23T10:02:10+00:00","description":"Hoida ideaalne temperatuur. KRAIT THERMIQ k\u00f5rgekvaliteediline spordiveepudel. Konstrueeritud liikumiseks. Hoiab joogid ideaalsel temperatuuril kuni 24 tundi. T\u00e4iustatud termotehnoloogia. 12 \u20ac. Tasuta kohaletoimetamine. Osta esmaklassilisi spordipudeleid KRAIT Officialist.","breadcrumb":{"@id":"https:\/\/kraitofficial.com\/product\/krait-thermiq\/#breadcrumb"},"inLanguage":"et","potentialAction":[{"@type":"ReadAction","target":["https:\/\/kraitofficial.com\/product\/krait-thermiq\/"]}]},{"@type":"ImageObject","inLanguage":"et","@id":"https:\/\/kraitofficial.com\/product\/krait-thermiq\/#primaryimage","url":"https:\/\/kraitofficial.com\/wp-content\/uploads\/2025\/11\/2butilkwebp.webp","contentUrl":"https:\/\/kraitofficial.com\/wp-content\/uploads\/2025\/11\/2butilkwebp.webp","width":1952,"height":1952},{"@type":"BreadcrumbList","@id":"https:\/\/kraitofficial.com\/product\/krait-thermiq\/#breadcrumb","itemListElement":[{"@type":"ListItem","position":1,"name":"Home","item":"https:\/\/kraitofficial.com\/"},{"@type":"ListItem","position":2,"name":"Catalog","item":"https:\/\/kraitofficial.com\/catalog\/"},{"@type":"ListItem","position":3,"name":"KRAIT THERMIQ"}]},{"@type":"WebSite","@id":"https:\/\/kraitofficial.com\/#website","url":"https:\/\/kraitofficial.com\/","name":"KRAITOFFICIAL","description":"","publisher":{"@id":"https:\/\/kraitofficial.com\/#organization"},"potentialAction":[{"@type":"SearchAction","target":{"@type":"EntryPoint","urlTemplate":"https:\/\/kraitofficial.com\/?s={search_term_string}"},"query-input":{"@type":"PropertyValueSpecification","valueRequired":true,"valueName":"search_term_string"}}],"inLanguage":"et"},{"@type":"Organization","@id":"https:\/\/kraitofficial.com\/#organization","name":"KRAITOFFICIAL","url":"https:\/\/kraitofficial.com\/","logo":{"@type":"ImageObject","inLanguage":"et","@id":"https:\/\/kraitofficial.com\/#\/schema\/logo\/image\/","url":"https:\/\/kraitofficial.com\/wp-content\/uploads\/2025\/12\/logosign.jpg","contentUrl":"https:\/\/kraitofficial.com\/wp-content\/uploads\/2025\/12\/logosign.jpg","width":500,"height":500,"caption":"KRAITOFFICIAL"},"image":{"@id":"https:\/\/kraitofficial.com\/#\/schema\/logo\/image\/"},"sameAs":["https:\/\/www.facebook.com\/profile.php?id=61584570081371","https:\/\/www.instagram.com\/kraitofficial_com\/"]}]}},"_links":{"self":[{"href":"https:\/\/kraitofficial.com\/et\/wp-json\/wp\/v2\/product\/11120","targetHints":{"allow":["GET"]}}],"collection":[{"href":"https:\/\/kraitofficial.com\/et\/wp-json\/wp\/v2\/product"}],"about":[{"href":"https:\/\/kraitofficial.com\/et\/wp-json\/wp\/v2\/types\/product"}],"replies":[{"embeddable":true,"href":"https:\/\/kraitofficial.com\/et\/wp-json\/wp\/v2\/comments?post=11120"}],"version-history":[{"count":2,"href":"https:\/\/kraitofficial.com\/et\/wp-json\/wp\/v2\/product\/11120\/revisions"}],"predecessor-version":[{"id":12409,"href":"https:\/\/kraitofficial.com\/et\/wp-json\/wp\/v2\/product\/11120\/revisions\/12409"}],"wp:featuredmedia":[{"embeddable":true,"href":"https:\/\/kraitofficial.com\/et\/wp-json\/wp\/v2\/media\/11901"}],"wp:attachment":[{"href":"https:\/\/kraitofficial.com\/et\/wp-json\/wp\/v2\/media?parent=11120"}],"wp:term":[{"taxonomy":"product_brand","embeddable":true,"href":"https:\/\/kraitofficial.com\/et\/wp-json\/wp\/v2\/product_brand?post=11120"},{"taxonomy":"product_cat","embeddable":true,"href":"https:\/\/kraitofficial.com\/et\/wp-json\/wp\/v2\/product_cat?post=11120"},{"taxonomy":"product_tag","embeddable":true,"href":"https:\/\/kraitofficial.com\/et\/wp-json\/wp\/v2\/product_tag?post=11120"}],"curies":[{"name":"wp","href":"https:\/\/api.w.org\/{rel}","templated":true}]}}