{"id":11100,"date":"2025-10-25T11:37:22","date_gmt":"2025-10-25T11:37:22","guid":{"rendered":"https:\/\/kraitofficial.com\/?post_type=product&#038;p=11100"},"modified":"2026-02-23T10:03:17","modified_gmt":"2026-02-23T10:03:17","slug":"krait-superior-kott","status":"publish","type":"product","link":"https:\/\/kraitofficial.com\/et\/product\/krait-superior-bag\/","title":{"rendered":"KRAIT SUPERIOR BAG"},"content":{"rendered":"<p><strong>KRAIT SUPERIOR BAG - Carry Your Game M\u00f5eldud sportlastele, kes n\u00f5uavad organiseeritust, kaitset ja j\u00f5udlust.<\/strong><br \/>\nNeli spetsiaalset kambrikohta \u00fclimaks mugavuseks:<\/p>\n<ul>\n<li>Jalan\u00f5udeosakond hoiab jalatsid eraldi ja puhtana.<\/li>\n<li>Thermo racket compartment s\u00e4ilitab teie varustuse jaoks t\u00e4iusliku temperatuuri.<\/li>\n<li>Kaks mahukat lahtrit riiete, aksessuaaride ja h\u00e4davajalike asjade jaoks.<\/li>\n<li>KRAIT SUPERIOR BAG on valmistatud esmaklassilistest materjalidest, pidades silmas vastupidavust ja stiili, ning tagab, et sa kannad oma m\u00e4ngu t\u00e4ielikult kontrolli all.<\/li>\n<\/ul>","protected":false},"excerpt":{"rendered":"<p>Teie m\u00e4ng , t\u00e4iuslikult pakitud.<\/p>","protected":false},"featured_media":11919,"comment_status":"open","ping_status":"closed","template":"","meta":{"_acf_changed":false},"product_brand":[],"product_cat":[34],"product_tag":[],"class_list":{"0":"post-11100","1":"product","2":"type-product","3":"status-publish","4":"has-post-thumbnail","6":"product_cat-bags","8":"first","9":"instock","10":"taxable","11":"shipping-taxable","12":"purchasable","13":"product-type-simple"},"acf":[],"yoast_head":"<!-- This site is optimized with the Yoast SEO plugin v27.3 - https:\/\/yoast.com\/product\/yoast-seo-wordpress\/ -->\n<title>KRAIT SUPERIOR BAG | Premium Padel Sports Bag | 4 Compartments | KRAIT Official<\/title>\n<meta name=\"description\" content=\"Carry your game. KRAIT SUPERIOR BAG premium padel sports bag. Four dedicated compartments for ultimate organization. Shoe compartment, racket protection, performance design. \u20ac79. Free shipping. Shop premium padel bags at KRAIT Official.\" \/>\n<meta name=\"robots\" content=\"index, follow, max-snippet:-1, max-image-preview:large, max-video-preview:-1\" \/>\n<link rel=\"canonical\" href=\"https:\/\/kraitofficial.com\/et\/toode\/krait-superior-kott\/\" \/>\n<meta property=\"og:locale\" content=\"et_EE\" \/>\n<meta property=\"og:type\" content=\"article\" \/>\n<meta property=\"og:title\" content=\"KRAIT SUPERIOR BAG | Premium Padel Sports Bag | 4 Compartments | KRAIT Official\" \/>\n<meta property=\"og:description\" content=\"Carry your game. KRAIT SUPERIOR BAG premium padel sports bag. Four dedicated compartments for ultimate organization. Shoe compartment, racket protection, performance design. \u20ac79. Free shipping. Shop premium padel bags at KRAIT Official.\" \/>\n<meta property=\"og:url\" content=\"https:\/\/kraitofficial.com\/et\/toode\/krait-superior-kott\/\" \/>\n<meta property=\"og:site_name\" content=\"KRAITOFFICIAL\" \/>\n<meta property=\"article:publisher\" content=\"https:\/\/www.facebook.com\/profile.php?id=61584570081371\" \/>\n<meta property=\"article:modified_time\" content=\"2026-02-23T10:03:17+00:00\" \/>\n<meta property=\"og:image\" content=\"https:\/\/kraitofficial.com\/wp-content\/uploads\/2025\/10\/sumka2webp-scaled.webp\" \/>\n\t<meta property=\"og:image:width\" content=\"2560\" \/>\n\t<meta property=\"og:image:height\" content=\"2560\" \/>\n\t<meta property=\"og:image:type\" content=\"image\/webp\" \/>\n<meta name=\"twitter:card\" content=\"summary_large_image\" \/>\n<meta name=\"twitter:label1\" content=\"Est. reading time\" \/>\n\t<meta name=\"twitter:data1\" content=\"1 minut\" \/>\n<script type=\"application\/ld+json\" class=\"yoast-schema-graph\">{\"@context\":\"https:\\\/\\\/schema.org\",\"@graph\":[{\"@type\":\"WebPage\",\"@id\":\"https:\\\/\\\/kraitofficial.com\\\/product\\\/krait-superior-bag\\\/\",\"url\":\"https:\\\/\\\/kraitofficial.com\\\/product\\\/krait-superior-bag\\\/\",\"name\":\"KRAIT SUPERIOR BAG | Premium Padel Sports Bag | 4 Compartments | KRAIT Official\",\"isPartOf\":{\"@id\":\"https:\\\/\\\/kraitofficial.com\\\/#website\"},\"primaryImageOfPage\":{\"@id\":\"https:\\\/\\\/kraitofficial.com\\\/product\\\/krait-superior-bag\\\/#primaryimage\"},\"image\":{\"@id\":\"https:\\\/\\\/kraitofficial.com\\\/product\\\/krait-superior-bag\\\/#primaryimage\"},\"thumbnailUrl\":\"https:\\\/\\\/kraitofficial.com\\\/wp-content\\\/uploads\\\/2025\\\/10\\\/sumka2webp-scaled.webp\",\"datePublished\":\"2025-10-25T11:37:22+00:00\",\"dateModified\":\"2026-02-23T10:03:17+00:00\",\"description\":\"Carry your game. KRAIT SUPERIOR BAG premium padel sports bag. Four dedicated compartments for ultimate organization. Shoe compartment, racket protection, performance design. \u20ac79. Free shipping. Shop premium padel bags at KRAIT Official.\",\"breadcrumb\":{\"@id\":\"https:\\\/\\\/kraitofficial.com\\\/product\\\/krait-superior-bag\\\/#breadcrumb\"},\"inLanguage\":\"et\",\"potentialAction\":[{\"@type\":\"ReadAction\",\"target\":[\"https:\\\/\\\/kraitofficial.com\\\/product\\\/krait-superior-bag\\\/\"]}]},{\"@type\":\"ImageObject\",\"inLanguage\":\"et\",\"@id\":\"https:\\\/\\\/kraitofficial.com\\\/product\\\/krait-superior-bag\\\/#primaryimage\",\"url\":\"https:\\\/\\\/kraitofficial.com\\\/wp-content\\\/uploads\\\/2025\\\/10\\\/sumka2webp-scaled.webp\",\"contentUrl\":\"https:\\\/\\\/kraitofficial.com\\\/wp-content\\\/uploads\\\/2025\\\/10\\\/sumka2webp-scaled.webp\",\"width\":2560,\"height\":2560},{\"@type\":\"BreadcrumbList\",\"@id\":\"https:\\\/\\\/kraitofficial.com\\\/product\\\/krait-superior-bag\\\/#breadcrumb\",\"itemListElement\":[{\"@type\":\"ListItem\",\"position\":1,\"name\":\"Home\",\"item\":\"https:\\\/\\\/kraitofficial.com\\\/\"},{\"@type\":\"ListItem\",\"position\":2,\"name\":\"Catalog\",\"item\":\"https:\\\/\\\/kraitofficial.com\\\/catalog\\\/\"},{\"@type\":\"ListItem\",\"position\":3,\"name\":\"KRAIT SUPERIOR BAG\"}]},{\"@type\":\"WebSite\",\"@id\":\"https:\\\/\\\/kraitofficial.com\\\/#website\",\"url\":\"https:\\\/\\\/kraitofficial.com\\\/\",\"name\":\"KRAITOFFICIAL\",\"description\":\"\",\"publisher\":{\"@id\":\"https:\\\/\\\/kraitofficial.com\\\/#organization\"},\"potentialAction\":[{\"@type\":\"SearchAction\",\"target\":{\"@type\":\"EntryPoint\",\"urlTemplate\":\"https:\\\/\\\/kraitofficial.com\\\/?s={search_term_string}\"},\"query-input\":{\"@type\":\"PropertyValueSpecification\",\"valueRequired\":true,\"valueName\":\"search_term_string\"}}],\"inLanguage\":\"et\"},{\"@type\":\"Organization\",\"@id\":\"https:\\\/\\\/kraitofficial.com\\\/#organization\",\"name\":\"KRAITOFFICIAL\",\"url\":\"https:\\\/\\\/kraitofficial.com\\\/\",\"logo\":{\"@type\":\"ImageObject\",\"inLanguage\":\"et\",\"@id\":\"https:\\\/\\\/kraitofficial.com\\\/#\\\/schema\\\/logo\\\/image\\\/\",\"url\":\"https:\\\/\\\/kraitofficial.com\\\/wp-content\\\/uploads\\\/2025\\\/12\\\/logosign.jpg\",\"contentUrl\":\"https:\\\/\\\/kraitofficial.com\\\/wp-content\\\/uploads\\\/2025\\\/12\\\/logosign.jpg\",\"width\":500,\"height\":500,\"caption\":\"KRAITOFFICIAL\"},\"image\":{\"@id\":\"https:\\\/\\\/kraitofficial.com\\\/#\\\/schema\\\/logo\\\/image\\\/\"},\"sameAs\":[\"https:\\\/\\\/www.facebook.com\\\/profile.php?id=61584570081371\",\"https:\\\/\\\/www.instagram.com\\\/kraitofficial_com\\\/\"]}]}<\/script>\n<!-- \/ Yoast SEO plugin. -->","yoast_head_json":{"title":"KRAIT SUPERIOR BAG | Premium Padel spordikott | 4 kambrit | KRAIT Official","description":"Kanna oma m\u00e4ngu. KRAIT SUPERIOR BAG premium padel spordikott. Neli spetsiaalset sektsiooni \u00fclimaks organiseerimiseks. Jalan\u00f5udeosakond, reketikaitse, tulemuslik disain. 79 \u20ac. Tasuta kohaletoimetamine. Osta esmaklassilisi padel-kotte KRAIT Officialist.","robots":{"index":"index","follow":"follow","max-snippet":"max-snippet:-1","max-image-preview":"max-image-preview:large","max-video-preview":"max-video-preview:-1"},"canonical":"https:\/\/kraitofficial.com\/et\/toode\/krait-superior-kott\/","og_locale":"et_EE","og_type":"article","og_title":"KRAIT SUPERIOR BAG | Premium Padel Sports Bag | 4 Compartments | KRAIT Official","og_description":"Carry your game. KRAIT SUPERIOR BAG premium padel sports bag. Four dedicated compartments for ultimate organization. Shoe compartment, racket protection, performance design. \u20ac79. Free shipping. Shop premium padel bags at KRAIT Official.","og_url":"https:\/\/kraitofficial.com\/et\/toode\/krait-superior-kott\/","og_site_name":"KRAITOFFICIAL","article_publisher":"https:\/\/www.facebook.com\/profile.php?id=61584570081371","article_modified_time":"2026-02-23T10:03:17+00:00","og_image":[{"width":2560,"height":2560,"url":"https:\/\/kraitofficial.com\/wp-content\/uploads\/2025\/10\/sumka2webp-scaled.webp","type":"image\/webp"}],"twitter_card":"summary_large_image","twitter_misc":{"Est. reading time":"1 minut"},"schema":{"@context":"https:\/\/schema.org","@graph":[{"@type":"WebPage","@id":"https:\/\/kraitofficial.com\/product\/krait-superior-bag\/","url":"https:\/\/kraitofficial.com\/product\/krait-superior-bag\/","name":"KRAIT SUPERIOR BAG | Premium Padel spordikott | 4 kambrit | KRAIT Official","isPartOf":{"@id":"https:\/\/kraitofficial.com\/#website"},"primaryImageOfPage":{"@id":"https:\/\/kraitofficial.com\/product\/krait-superior-bag\/#primaryimage"},"image":{"@id":"https:\/\/kraitofficial.com\/product\/krait-superior-bag\/#primaryimage"},"thumbnailUrl":"https:\/\/kraitofficial.com\/wp-content\/uploads\/2025\/10\/sumka2webp-scaled.webp","datePublished":"2025-10-25T11:37:22+00:00","dateModified":"2026-02-23T10:03:17+00:00","description":"Kanna oma m\u00e4ngu. KRAIT SUPERIOR BAG premium padel spordikott. Neli spetsiaalset sektsiooni \u00fclimaks organiseerimiseks. Jalan\u00f5udeosakond, reketikaitse, tulemuslik disain. 79 \u20ac. Tasuta kohaletoimetamine. Osta esmaklassilisi padel-kotte KRAIT Officialist.","breadcrumb":{"@id":"https:\/\/kraitofficial.com\/product\/krait-superior-bag\/#breadcrumb"},"inLanguage":"et","potentialAction":[{"@type":"ReadAction","target":["https:\/\/kraitofficial.com\/product\/krait-superior-bag\/"]}]},{"@type":"ImageObject","inLanguage":"et","@id":"https:\/\/kraitofficial.com\/product\/krait-superior-bag\/#primaryimage","url":"https:\/\/kraitofficial.com\/wp-content\/uploads\/2025\/10\/sumka2webp-scaled.webp","contentUrl":"https:\/\/kraitofficial.com\/wp-content\/uploads\/2025\/10\/sumka2webp-scaled.webp","width":2560,"height":2560},{"@type":"BreadcrumbList","@id":"https:\/\/kraitofficial.com\/product\/krait-superior-bag\/#breadcrumb","itemListElement":[{"@type":"ListItem","position":1,"name":"Home","item":"https:\/\/kraitofficial.com\/"},{"@type":"ListItem","position":2,"name":"Catalog","item":"https:\/\/kraitofficial.com\/catalog\/"},{"@type":"ListItem","position":3,"name":"KRAIT SUPERIOR BAG"}]},{"@type":"WebSite","@id":"https:\/\/kraitofficial.com\/#website","url":"https:\/\/kraitofficial.com\/","name":"KRAITOFFICIAL","description":"","publisher":{"@id":"https:\/\/kraitofficial.com\/#organization"},"potentialAction":[{"@type":"SearchAction","target":{"@type":"EntryPoint","urlTemplate":"https:\/\/kraitofficial.com\/?s={search_term_string}"},"query-input":{"@type":"PropertyValueSpecification","valueRequired":true,"valueName":"search_term_string"}}],"inLanguage":"et"},{"@type":"Organization","@id":"https:\/\/kraitofficial.com\/#organization","name":"KRAITOFFICIAL","url":"https:\/\/kraitofficial.com\/","logo":{"@type":"ImageObject","inLanguage":"et","@id":"https:\/\/kraitofficial.com\/#\/schema\/logo\/image\/","url":"https:\/\/kraitofficial.com\/wp-content\/uploads\/2025\/12\/logosign.jpg","contentUrl":"https:\/\/kraitofficial.com\/wp-content\/uploads\/2025\/12\/logosign.jpg","width":500,"height":500,"caption":"KRAITOFFICIAL"},"image":{"@id":"https:\/\/kraitofficial.com\/#\/schema\/logo\/image\/"},"sameAs":["https:\/\/www.facebook.com\/profile.php?id=61584570081371","https:\/\/www.instagram.com\/kraitofficial_com\/"]}]}},"_links":{"self":[{"href":"https:\/\/kraitofficial.com\/et\/wp-json\/wp\/v2\/product\/11100","targetHints":{"allow":["GET"]}}],"collection":[{"href":"https:\/\/kraitofficial.com\/et\/wp-json\/wp\/v2\/product"}],"about":[{"href":"https:\/\/kraitofficial.com\/et\/wp-json\/wp\/v2\/types\/product"}],"replies":[{"embeddable":true,"href":"https:\/\/kraitofficial.com\/et\/wp-json\/wp\/v2\/comments?post=11100"}],"version-history":[{"count":11,"href":"https:\/\/kraitofficial.com\/et\/wp-json\/wp\/v2\/product\/11100\/revisions"}],"predecessor-version":[{"id":12431,"href":"https:\/\/kraitofficial.com\/et\/wp-json\/wp\/v2\/product\/11100\/revisions\/12431"}],"wp:featuredmedia":[{"embeddable":true,"href":"https:\/\/kraitofficial.com\/et\/wp-json\/wp\/v2\/media\/11919"}],"wp:attachment":[{"href":"https:\/\/kraitofficial.com\/et\/wp-json\/wp\/v2\/media?parent=11100"}],"wp:term":[{"taxonomy":"product_brand","embeddable":true,"href":"https:\/\/kraitofficial.com\/et\/wp-json\/wp\/v2\/product_brand?post=11100"},{"taxonomy":"product_cat","embeddable":true,"href":"https:\/\/kraitofficial.com\/et\/wp-json\/wp\/v2\/product_cat?post=11100"},{"taxonomy":"product_tag","embeddable":true,"href":"https:\/\/kraitofficial.com\/et\/wp-json\/wp\/v2\/product_tag?post=11100"}],"curies":[{"name":"wp","href":"https:\/\/api.w.org\/{rel}","templated":true}]}}