{"id":11384,"date":"2025-11-15T11:02:58","date_gmt":"2025-11-15T11:02:58","guid":{"rendered":"https:\/\/kraitofficial.com\/?page_id=11384"},"modified":"2026-02-03T13:14:41","modified_gmt":"2026-02-03T13:14:41","slug":"meist","status":"publish","type":"page","link":"https:\/\/kraitofficial.com\/et\/about-us\/","title":{"rendered":"Meist"},"content":{"rendered":"<div data-elementor-type=\"wp-page\" data-elementor-id=\"11384\" class=\"elementor elementor-11384\">\n\t\t\t\t<div class=\"elementor-element elementor-element-a99a4ca e-flex e-con-boxed e-con e-parent\" data-id=\"a99a4ca\" data-element_type=\"container\" data-e-type=\"container\">\n\t\t\t\t\t<div class=\"e-con-inner\">\n\t\t<div class=\"elementor-element elementor-element-d881c72 e-con-full e-flex e-con e-child\" data-id=\"d881c72\" data-element_type=\"container\" data-e-type=\"container\">\n\t\t\t\t<div class=\"elementor-element elementor-element-5e12af4 elementor-widget elementor-widget-heading\" data-id=\"5e12af4\" data-element_type=\"widget\" data-e-type=\"widget\" data-widget_type=\"heading.default\">\n\t\t\t\t\t<h2 class=\"elementor-heading-title elementor-size-default\">KRAIT - ehitatud kiiruse ja t\u00e4psuse jaoks<\/h2>\t\t\t\t<\/div>\n\t\t\t\t<div class=\"elementor-element elementor-element-52b58cc elementor-widget elementor-widget-text-editor\" data-id=\"52b58cc\" data-element_type=\"widget\" data-e-type=\"widget\" data-widget_type=\"text-editor.default\">\n\t\t\t\t\t\t\t\t\t<p>Meie nimi p\u00e4rineb KRAIT , madu, mis on tuntud oma osavuse ja kiirete, t\u00e4psete liigutuste poolest.<\/p><p>Need omadused inspireerivad meie kaubam\u00e4rki ja peegeldavad seda, mida me loome - tulemustele suunatud r\u00f5ivaid ja tarvikuid padelile ja sulgpallile.<\/p><p>KRAIT t\u00e4histab kiirust, tasakaalu ja konkurentsiv\u00f5imelist energiat.<\/p>\t\t\t\t\t\t\t\t<\/div>\n\t\t\t\t<div class=\"elementor-element elementor-element-2a6787e elementor-widget-divider--view-line elementor-widget elementor-widget-divider\" data-id=\"2a6787e\" data-element_type=\"widget\" data-e-type=\"widget\" data-widget_type=\"divider.default\">\n\t\t\t\t\t\t\t<div class=\"elementor-divider\">\n\t\t\t<span class=\"elementor-divider-separator\">\n\t\t\t\t\t\t<\/span>\n\t\t<\/div>\n\t\t\t\t\t\t<\/div>\n\t\t\t\t<div class=\"elementor-element elementor-element-2914bec elementor-widget elementor-widget-text-editor\" data-id=\"2914bec\" data-element_type=\"widget\" data-e-type=\"widget\" data-widget_type=\"text-editor.default\">\n\t\t\t\t\t\t\t\t\t<h3>KRAIT - S\u00dcNDINUD DOMINEERIMA<\/h3><p>Meie missioon KRAITis on luua k\u00f5rgtehnoloogilisi r\u00f5ivaid ja aksessuaare, mis on inspireeritud kiirusest, t\u00e4psusest ja osavusest.<\/p><p>Me disainime tooteid, mis aitavad sportlastel kiiremini liikuda, nutikamalt m\u00e4ngida ja end igal v\u00e4ljakul kindlalt tunda.<\/p><p>Toome k\u00f5ik, mida padel- ja sulgpallim\u00e4ngija vajab, \u00fchte kohta - esmaklassiline kvaliteet, kaasaegne disain ja t\u00e4ielik mugavus \u00fches poes.<\/p>\t\t\t\t\t\t\t\t<\/div>\n\t\t\t\t<\/div>\n\t\t<div class=\"elementor-element elementor-element-1e430d5 e-con-full e-flex e-con e-child\" data-id=\"1e430d5\" data-element_type=\"container\" data-e-type=\"container\">\n\t\t\t\t<div class=\"elementor-element elementor-element-b042fe1 elementor-widget elementor-widget-image\" data-id=\"b042fe1\" data-element_type=\"widget\" data-e-type=\"widget\" data-widget_type=\"image.default\">\n\t\t\t\t\t\t\t\t\t\t\t\t\t\t\t<img fetchpriority=\"high\" decoding=\"async\" width=\"1911\" height=\"2560\" src=\"https:\/\/kraitofficial.com\/wp-content\/uploads\/2025\/12\/bigbosswebp-scaled.webp\" class=\"attachment-full size-full wp-image-11953\" alt=\"\" srcset=\"https:\/\/kraitofficial.com\/wp-content\/uploads\/2025\/12\/bigbosswebp-scaled.webp 1911w, https:\/\/kraitofficial.com\/wp-content\/uploads\/2025\/12\/bigbosswebp-224x300.webp 224w, https:\/\/kraitofficial.com\/wp-content\/uploads\/2025\/12\/bigbosswebp-765x1024.webp 765w, https:\/\/kraitofficial.com\/wp-content\/uploads\/2025\/12\/bigbosswebp-768x1029.webp 768w, https:\/\/kraitofficial.com\/wp-content\/uploads\/2025\/12\/bigbosswebp-1147x1536.webp 1147w, https:\/\/kraitofficial.com\/wp-content\/uploads\/2025\/12\/bigbosswebp-1529x2048.webp 1529w, https:\/\/kraitofficial.com\/wp-content\/uploads\/2025\/12\/bigbosswebp-600x804.webp 600w, https:\/\/kraitofficial.com\/wp-content\/uploads\/2025\/12\/bigbosswebp-300x402.webp 300w\" sizes=\"(max-width: 1911px) 100vw, 1911px\" \/>\t\t\t\t\t\t\t\t\t\t\t\t\t\t\t<\/div>\n\t\t\t\t<div class=\"elementor-element elementor-element-b03f37c elementor-widget elementor-widget-text-editor\" data-id=\"b03f37c\" data-element_type=\"widget\" data-e-type=\"widget\" data-widget_type=\"text-editor.default\">\n\t\t\t\t\t\t\t\t\t<h4>ALUSTAMINE<\/h4><p>Erik Gudkov S\u00fcndis 7. juulil 1993. aastal Eestis. Alustas oma sportlaskarj\u00e4\u00e4ri profihokis, tuli rahvusmeistriks ja esindas Eestit U18 ja U20 rahvuskoondistes. P\u00e4rast j\u00e4\u00e4hokist loobumist p\u00f6\u00f6rdus ta sulgpalli ja padelisse, kus ta regulaarselt v\u00f5istles ja teenis arvukalt medaleid. Viimase aasta jooksul on ta p\u00fchendunud t\u00e4ielikult oma poe jaoks toodete arendamisele ja testimisele, tagades, et pakutakse ainult k\u00f5ige usaldusv\u00e4\u00e4rsemaid ja kvaliteetsemaid tooteid.<\/p>\t\t\t\t\t\t\t\t<\/div>\n\t\t\t\t<\/div>\n\t\t\t\t\t<\/div>\n\t\t\t\t<\/div>\n\t\t<div class=\"elementor-element elementor-element-d3bfb3a e-flex e-con-boxed e-con e-parent\" data-id=\"d3bfb3a\" data-element_type=\"container\" data-e-type=\"container\">\n\t\t\t\t\t<div class=\"e-con-inner\">\n\t\t\t\t\t<\/div>\n\t\t\t\t<\/div>\n\t\t\t\t<\/div>","protected":false},"excerpt":{"rendered":"<p>KRAIT &#8211; Built for speed and Precision Our name comes from the KRAIT , a snake known for its agility and quick, accurate movements. These qualities inspire our brand and reflect what we create &#8211; performance -focused apparel and accesories for padel and badminton. KRAIT stands for speed, balance, and competivite energy. KRAIT &#8211; BORN [&hellip;]<\/p>\n","protected":false},"author":1,"featured_media":0,"parent":0,"menu_order":0,"comment_status":"closed","ping_status":"closed","template":"","meta":{"_acf_changed":false,"footnotes":""},"class_list":["post-11384","page","type-page","status-publish","hentry"],"acf":[],"yoast_head":"<!-- This site is optimized with the Yoast SEO plugin v27.3 - https:\/\/yoast.com\/product\/yoast-seo-wordpress\/ -->\n<title>About KRAIT \u2013 Quality Sports Gear Brand<\/title>\n<meta name=\"description\" content=\"Learn about KRAIT\u2019s mission to deliver durable, performance-oriented padel and badminton equipment. Built for athletes and enthusiasts.\" \/>\n<meta name=\"robots\" content=\"index, follow, max-snippet:-1, max-image-preview:large, max-video-preview:-1\" \/>\n<link rel=\"canonical\" href=\"https:\/\/kraitofficial.com\/et\/meist\/\" \/>\n<meta property=\"og:locale\" content=\"et_EE\" \/>\n<meta property=\"og:type\" content=\"article\" \/>\n<meta property=\"og:title\" content=\"About KRAIT \u2013 Quality Sports Gear Brand\" \/>\n<meta property=\"og:description\" content=\"Learn about KRAIT\u2019s mission to deliver durable, performance-oriented padel and badminton equipment. Built for athletes and enthusiasts.\" \/>\n<meta property=\"og:url\" content=\"https:\/\/kraitofficial.com\/et\/meist\/\" \/>\n<meta property=\"og:site_name\" content=\"KRAITOFFICIAL\" \/>\n<meta property=\"article:publisher\" content=\"https:\/\/www.facebook.com\/profile.php?id=61584570081371\" \/>\n<meta property=\"article:modified_time\" content=\"2026-02-03T13:14:41+00:00\" \/>\n<meta property=\"og:image\" content=\"https:\/\/kraitofficial.com\/wp-content\/uploads\/2025\/12\/bigbosswebp-scaled.webp\" \/>\n\t<meta property=\"og:image:width\" content=\"1911\" \/>\n\t<meta property=\"og:image:height\" content=\"2560\" \/>\n\t<meta property=\"og:image:type\" content=\"image\/webp\" \/>\n<meta name=\"twitter:card\" content=\"summary_large_image\" \/>\n<meta name=\"twitter:label1\" content=\"Est. reading time\" \/>\n\t<meta name=\"twitter:data1\" content=\"1 minut\" \/>\n<script type=\"application\/ld+json\" class=\"yoast-schema-graph\">{\"@context\":\"https:\\\/\\\/schema.org\",\"@graph\":[{\"@type\":\"WebPage\",\"@id\":\"https:\\\/\\\/kraitofficial.com\\\/about-us\\\/\",\"url\":\"https:\\\/\\\/kraitofficial.com\\\/about-us\\\/\",\"name\":\"About KRAIT \u2013 Quality Sports Gear Brand\",\"isPartOf\":{\"@id\":\"https:\\\/\\\/kraitofficial.com\\\/#website\"},\"primaryImageOfPage\":{\"@id\":\"https:\\\/\\\/kraitofficial.com\\\/about-us\\\/#primaryimage\"},\"image\":{\"@id\":\"https:\\\/\\\/kraitofficial.com\\\/about-us\\\/#primaryimage\"},\"thumbnailUrl\":\"https:\\\/\\\/kraitofficial.com\\\/wp-content\\\/uploads\\\/2025\\\/12\\\/bigbosswebp-scaled.webp\",\"datePublished\":\"2025-11-15T11:02:58+00:00\",\"dateModified\":\"2026-02-03T13:14:41+00:00\",\"description\":\"Learn about KRAIT\u2019s mission to deliver durable, performance-oriented padel and badminton equipment. Built for athletes and enthusiasts.\",\"breadcrumb\":{\"@id\":\"https:\\\/\\\/kraitofficial.com\\\/about-us\\\/#breadcrumb\"},\"inLanguage\":\"et\",\"potentialAction\":[{\"@type\":\"ReadAction\",\"target\":[\"https:\\\/\\\/kraitofficial.com\\\/about-us\\\/\"]}]},{\"@type\":\"ImageObject\",\"inLanguage\":\"et\",\"@id\":\"https:\\\/\\\/kraitofficial.com\\\/about-us\\\/#primaryimage\",\"url\":\"https:\\\/\\\/kraitofficial.com\\\/wp-content\\\/uploads\\\/2025\\\/12\\\/bigbosswebp-scaled.webp\",\"contentUrl\":\"https:\\\/\\\/kraitofficial.com\\\/wp-content\\\/uploads\\\/2025\\\/12\\\/bigbosswebp-scaled.webp\"},{\"@type\":\"BreadcrumbList\",\"@id\":\"https:\\\/\\\/kraitofficial.com\\\/about-us\\\/#breadcrumb\",\"itemListElement\":[{\"@type\":\"ListItem\",\"position\":1,\"name\":\"Home\",\"item\":\"https:\\\/\\\/kraitofficial.com\\\/\"},{\"@type\":\"ListItem\",\"position\":2,\"name\":\"About Us\"}]},{\"@type\":\"WebSite\",\"@id\":\"https:\\\/\\\/kraitofficial.com\\\/#website\",\"url\":\"https:\\\/\\\/kraitofficial.com\\\/\",\"name\":\"KRAITOFFICIAL\",\"description\":\"\",\"publisher\":{\"@id\":\"https:\\\/\\\/kraitofficial.com\\\/#organization\"},\"potentialAction\":[{\"@type\":\"SearchAction\",\"target\":{\"@type\":\"EntryPoint\",\"urlTemplate\":\"https:\\\/\\\/kraitofficial.com\\\/?s={search_term_string}\"},\"query-input\":{\"@type\":\"PropertyValueSpecification\",\"valueRequired\":true,\"valueName\":\"search_term_string\"}}],\"inLanguage\":\"et\"},{\"@type\":\"Organization\",\"@id\":\"https:\\\/\\\/kraitofficial.com\\\/#organization\",\"name\":\"KRAITOFFICIAL\",\"url\":\"https:\\\/\\\/kraitofficial.com\\\/\",\"logo\":{\"@type\":\"ImageObject\",\"inLanguage\":\"et\",\"@id\":\"https:\\\/\\\/kraitofficial.com\\\/#\\\/schema\\\/logo\\\/image\\\/\",\"url\":\"https:\\\/\\\/kraitofficial.com\\\/wp-content\\\/uploads\\\/2025\\\/12\\\/logosign.jpg\",\"contentUrl\":\"https:\\\/\\\/kraitofficial.com\\\/wp-content\\\/uploads\\\/2025\\\/12\\\/logosign.jpg\",\"width\":500,\"height\":500,\"caption\":\"KRAITOFFICIAL\"},\"image\":{\"@id\":\"https:\\\/\\\/kraitofficial.com\\\/#\\\/schema\\\/logo\\\/image\\\/\"},\"sameAs\":[\"https:\\\/\\\/www.facebook.com\\\/profile.php?id=61584570081371\",\"https:\\\/\\\/www.instagram.com\\\/kraitofficial_com\\\/\"]}]}<\/script>\n<!-- \/ Yoast SEO plugin. -->","yoast_head_json":{"title":"KRAITi kohta - kvaliteetne spordivarustuse kaubam\u00e4rk","description":"Tutvu KRAITi missiooniga pakkuda vastupidavaid, tulemuslikkusele orienteeritud padel- ja sulgpallivarustust. Ehitatud sportlastele ja entusiastidele.","robots":{"index":"index","follow":"follow","max-snippet":"max-snippet:-1","max-image-preview":"max-image-preview:large","max-video-preview":"max-video-preview:-1"},"canonical":"https:\/\/kraitofficial.com\/et\/meist\/","og_locale":"et_EE","og_type":"article","og_title":"About KRAIT \u2013 Quality Sports Gear Brand","og_description":"Learn about KRAIT\u2019s mission to deliver durable, performance-oriented padel and badminton equipment. Built for athletes and enthusiasts.","og_url":"https:\/\/kraitofficial.com\/et\/meist\/","og_site_name":"KRAITOFFICIAL","article_publisher":"https:\/\/www.facebook.com\/profile.php?id=61584570081371","article_modified_time":"2026-02-03T13:14:41+00:00","og_image":[{"width":1911,"height":2560,"url":"https:\/\/kraitofficial.com\/wp-content\/uploads\/2025\/12\/bigbosswebp-scaled.webp","type":"image\/webp"}],"twitter_card":"summary_large_image","twitter_misc":{"Est. reading time":"1 minut"},"schema":{"@context":"https:\/\/schema.org","@graph":[{"@type":"WebPage","@id":"https:\/\/kraitofficial.com\/about-us\/","url":"https:\/\/kraitofficial.com\/about-us\/","name":"KRAITi kohta - kvaliteetne spordivarustuse kaubam\u00e4rk","isPartOf":{"@id":"https:\/\/kraitofficial.com\/#website"},"primaryImageOfPage":{"@id":"https:\/\/kraitofficial.com\/about-us\/#primaryimage"},"image":{"@id":"https:\/\/kraitofficial.com\/about-us\/#primaryimage"},"thumbnailUrl":"https:\/\/kraitofficial.com\/wp-content\/uploads\/2025\/12\/bigbosswebp-scaled.webp","datePublished":"2025-11-15T11:02:58+00:00","dateModified":"2026-02-03T13:14:41+00:00","description":"Tutvu KRAITi missiooniga pakkuda vastupidavaid, tulemuslikkusele orienteeritud padel- ja sulgpallivarustust. Ehitatud sportlastele ja entusiastidele.","breadcrumb":{"@id":"https:\/\/kraitofficial.com\/about-us\/#breadcrumb"},"inLanguage":"et","potentialAction":[{"@type":"ReadAction","target":["https:\/\/kraitofficial.com\/about-us\/"]}]},{"@type":"ImageObject","inLanguage":"et","@id":"https:\/\/kraitofficial.com\/about-us\/#primaryimage","url":"https:\/\/kraitofficial.com\/wp-content\/uploads\/2025\/12\/bigbosswebp-scaled.webp","contentUrl":"https:\/\/kraitofficial.com\/wp-content\/uploads\/2025\/12\/bigbosswebp-scaled.webp"},{"@type":"BreadcrumbList","@id":"https:\/\/kraitofficial.com\/about-us\/#breadcrumb","itemListElement":[{"@type":"ListItem","position":1,"name":"Home","item":"https:\/\/kraitofficial.com\/"},{"@type":"ListItem","position":2,"name":"About Us"}]},{"@type":"WebSite","@id":"https:\/\/kraitofficial.com\/#website","url":"https:\/\/kraitofficial.com\/","name":"KRAITOFFICIAL","description":"","publisher":{"@id":"https:\/\/kraitofficial.com\/#organization"},"potentialAction":[{"@type":"SearchAction","target":{"@type":"EntryPoint","urlTemplate":"https:\/\/kraitofficial.com\/?s={search_term_string}"},"query-input":{"@type":"PropertyValueSpecification","valueRequired":true,"valueName":"search_term_string"}}],"inLanguage":"et"},{"@type":"Organization","@id":"https:\/\/kraitofficial.com\/#organization","name":"KRAITOFFICIAL","url":"https:\/\/kraitofficial.com\/","logo":{"@type":"ImageObject","inLanguage":"et","@id":"https:\/\/kraitofficial.com\/#\/schema\/logo\/image\/","url":"https:\/\/kraitofficial.com\/wp-content\/uploads\/2025\/12\/logosign.jpg","contentUrl":"https:\/\/kraitofficial.com\/wp-content\/uploads\/2025\/12\/logosign.jpg","width":500,"height":500,"caption":"KRAITOFFICIAL"},"image":{"@id":"https:\/\/kraitofficial.com\/#\/schema\/logo\/image\/"},"sameAs":["https:\/\/www.facebook.com\/profile.php?id=61584570081371","https:\/\/www.instagram.com\/kraitofficial_com\/"]}]}},"_links":{"self":[{"href":"https:\/\/kraitofficial.com\/et\/wp-json\/wp\/v2\/pages\/11384","targetHints":{"allow":["GET"]}}],"collection":[{"href":"https:\/\/kraitofficial.com\/et\/wp-json\/wp\/v2\/pages"}],"about":[{"href":"https:\/\/kraitofficial.com\/et\/wp-json\/wp\/v2\/types\/page"}],"author":[{"embeddable":true,"href":"https:\/\/kraitofficial.com\/et\/wp-json\/wp\/v2\/users\/1"}],"replies":[{"embeddable":true,"href":"https:\/\/kraitofficial.com\/et\/wp-json\/wp\/v2\/comments?post=11384"}],"version-history":[{"count":31,"href":"https:\/\/kraitofficial.com\/et\/wp-json\/wp\/v2\/pages\/11384\/revisions"}],"predecessor-version":[{"id":12476,"href":"https:\/\/kraitofficial.com\/et\/wp-json\/wp\/v2\/pages\/11384\/revisions\/12476"}],"wp:attachment":[{"href":"https:\/\/kraitofficial.com\/et\/wp-json\/wp\/v2\/media?parent=11384"}],"curies":[{"name":"wp","href":"https:\/\/api.w.org\/{rel}","templated":true}]}}