{"id":11092,"date":"2025-10-25T11:17:19","date_gmt":"2025-10-25T11:17:19","guid":{"rendered":"https:\/\/kraitofficial.com\/?page_id=11092"},"modified":"2025-12-24T16:12:07","modified_gmt":"2025-12-24T16:12:07","slug":"tingimused","status":"publish","type":"page","link":"https:\/\/kraitofficial.com\/et\/terms-conditions\/","title":{"rendered":"Tingimused"},"content":{"rendered":"<div data-elementor-type=\"wp-page\" data-elementor-id=\"11092\" class=\"elementor elementor-11092\">\n\t\t\t\t<div class=\"elementor-element elementor-element-1dc8f346 e-flex e-con-boxed e-con e-parent\" data-id=\"1dc8f346\" data-element_type=\"container\" data-e-type=\"container\">\n\t\t\t\t\t<div class=\"e-con-inner\">\n\t\t\t\t<div class=\"elementor-element elementor-element-2514e546 elementor-widget elementor-widget-text-editor\" data-id=\"2514e546\" data-element_type=\"widget\" data-e-type=\"widget\" data-widget_type=\"text-editor.default\">\n\t\t\t\t\t\t\t\t\t\n<h2 class=\"wp-block-heading\">Tingimused<\/h2>\n\n\n\n<p>K\u00e4esolevad tingimused kehtivad k\u00f5igile ERX O\u00dc (edaspidi \u201cmeie\u201d, \u201cmeid\u201d) veebipoes aadressil kraitofficial.com tehtud ostudele.<\/p>\n\n\n\n<h2 class=\"wp-block-heading\">1. M\u00fc\u00fcja teave<\/h2>\n\n\n\n<p><strong>Ettev\u00f5te:<\/strong> ERX O\u00dc<br \/><strong>Registreerimiskood:<\/strong> 14478739<br \/>\n<strong>K\u00c4IBEMAKS:<\/strong> EE102066997<br \/><strong>Aadress:<\/strong> Turu 34-207, 51004 Tartu linn, Tartu maakond, Eesti<br \/><strong>E-post:<\/strong> info@kraitofficial.com<br \/><strong>Veebileht:<\/strong> https:\/\/kraitofficial.com<\/p>\n\n\n\n<h2 class=\"wp-block-heading\">2. Tooted ja hinnad<\/h2>\n\n\n\n<p>K\u00f5ik meie veebipoes n\u00e4idatud hinnad on eurodes (\u20ac) ja sisaldavad k\u00e4ibemaksu, kui see on Eesti seaduste kohaselt kohaldatav.<\/p>\n\n\n\n<p>J\u00e4tame endale \u00f5iguse muuta hindu ja tooteid ilma ette teatamata. Tellimuse hind kinnitatakse tellimuse kinnitamisel.<\/p>\n\n\n\n<p>K\u00f5ik tooted on kirjeldatud nii t\u00e4pselt kui v\u00f5imalik, kuid pakendites v\u00f5i v\u00e4rvides v\u00f5ib esineda v\u00e4ikesi erinevusi, mis ei m\u00f5juta toote omadusi.<\/p>\n\n\n\n<h2 class=\"wp-block-heading\">3. Tellimuse t\u00f6\u00f6tlemine<\/h2>\n\n\n\n<p>Tellimuse esitamiseks:<\/p>\n\n\n\n<ul class=\"wp-block-list\">\n<li>Valige soovitud tooted ja lisage need ostukorvi.<\/li>\n\n\n\n<li>Vaadake ostukorvi sisu \u00fcle<\/li>\n\n\n\n<li>Sisestage tarneandmed<\/li>\n\n\n\n<li>Valige tarneviis<\/li>\n\n\n\n<li>Vali makseviis (Montonio maksete t\u00f6\u00f6tlemine)<\/li>\n\n\n\n<li>Kinnitage tellimus<\/li>\n<\/ul>\n\n\n\n<p>P\u00e4rast tellimuse kinnitamist saadame teile tellimuse kinnituse e-posti teel. Tellimus loetakse vastuv\u00f5etuks p\u00e4rast maksekinnitust.<\/p>\n\n\n\n<h2 class=\"wp-block-heading\">4. Maksmine<\/h2>\n\n\n\n<p>Makseviisid:<\/p>\n\n\n\n<ul class=\"wp-block-list\">\n<li>Pangalink (Eesti, Soome, L\u00e4ti, Leedu, Poola ja Soome pankade kaudu)<\/li>\n\n\n\n<li>Krediitkaardimaksed<\/li>\n\n\n\n<li>Apple Pay<\/li>\n\n\n\n<li>Google Pay<\/li>\n\n\n\n<li>Revolut<\/li>\n\n\n\n<li>Muud Montonio pakutavad makseviisid<\/li>\n<\/ul>\n\n\n\n<p>Makseid t\u00f6\u00f6tleb Montonio. K\u00f5ik maksetehingud on kr\u00fcpteeritud ja turvalised. Me ei salvesta ega t\u00f6\u00f6tle teie makseandmeid otse - neid t\u00f6\u00f6tleb meie maksepartner Montonio vastavalt nende privaatsuspoliitikale.<\/p>\n\n\n\n<p>Tellimus t\u00e4idetakse p\u00e4rast makse kinnitamist.<\/p>\n\n\n\n<h2 class=\"wp-block-heading\">5. Kohaletoimetamine<\/h2>\n\n\n\n<p>Tarneviisid ja tarneajad:<\/p>\n\n\n\n<ul class=\"wp-block-list\">\n<li><strong>Eesti:<\/strong> 2-5 t\u00f6\u00f6p\u00e4eva<\/li>\n\n\n\n<li><strong>Euroopa Liit:<\/strong> 5-14 t\u00f6\u00f6p\u00e4eva<\/li>\n\n\n\n<li><strong>Rahvusvaheline:<\/strong> 10-30 t\u00f6\u00f6p\u00e4eva (s\u00f5ltuvalt sihtriigist)<\/li>\n<\/ul>\n\n\n\n<p>Tarnekulud arvutatakse tellimuse vormistamise ajal ning need s\u00f5ltuvad valitud tarneviisist ja sihtriigist.<\/p>\n\n\n\n<p>Tellimus saadetakse p\u00e4rast makse kinnitamist. Me teavitame teid, kui saatmine algab ja anname j\u00e4lgimiskoodi, kui see on saadaval.<\/p>\n\n\n\n<h2 class=\"wp-block-heading\">6. Taganemis\u00f5igus ja tagasimakse (14-p\u00e4evane \u00f5igus)<\/h2>\n\n\n\n<p>Vastavalt Euroopa Liidu \u00f5igusaktidele on teil \u00f5igus ostust taganeda 14 p\u00e4eva jooksul ilma p\u00f5hjendusi esitamata.<\/p>\n\n\n\n<h3 class=\"wp-block-heading\">6.1. Tagasiv\u00f5tmise periood<\/h3>\n\n\n\n<p>Algab t\u00fchistamisperiood:<\/p>\n\n\n\n<ul class=\"wp-block-list\">\n<li>Kui olete tellinud \u00fche v\u00f5i mitu toodet: p\u00e4eval, mil saate viimase toote k\u00e4tte.<\/li>\n\n\n\n<li>Kui olete tellinud toote, mis koosneb mitmest esemest v\u00f5i komponendist: p\u00e4eval, mil saate k\u00e4tte viimase eseme v\u00f5i komponendi.<\/li>\n<\/ul>\n\n\n\n<h3 class=\"wp-block-heading\">6.2. Tagastamistingimused<\/h3>\n\n\n\n<p>Tooted tuleb tagastada:<\/p>\n\n\n\n<ul class=\"wp-block-list\">\n<li>muutmata kujul (v\u00e4lja arvatud m\u00f5istlik \u00fclevaatus)<\/li>\n\n\n\n<li>V\u00f5imaluse korral originaalpakendis<\/li>\n\n\n\n<li>Koos k\u00f5igi tarvikute ja juhenditega<\/li>\n\n\n\n<li>Ilma kahjustusteta<\/li>\n<\/ul>\n\n\n\n<p>Meil on \u00f5igus v\u00e4hendada tagasimakseid, kui toode on kahjustatud toote mitten\u00f5uetekohase k\u00e4itlemise t\u00f5ttu.<\/p>\n\n\n\n<h3 class=\"wp-block-heading\">6.3. Taganemisest teatamine<\/h3>\n\n\n\n<p>Taganemisest teavitamiseks v\u00f5ite:<\/p>\n\n\n\n<ul class=\"wp-block-list\">\n<li>Saada e-kiri aadressil: info@kraitofficial.com<\/li>\n\n\n\n<li>Kasutage veebilehel olevat taganemisvormi (kui see on k\u00e4ttesaadav).<\/li>\n<\/ul>\n\n\n\n<p>Teavitamisel m\u00e4rkige palun:<\/p>\n\n\n\n<ul class=\"wp-block-list\">\n<li>Teie nimi ja kontaktandmed<\/li>\n\n\n\n<li>Tellimuse number<\/li>\n\n\n\n<li>Toote nimetus ja kogus<\/li>\n\n\n\n<li>Tagasiv\u00f5tmise p\u00f5hjus (vabatahtlik)<\/li>\n<\/ul>\n\n\n\n<h3 class=\"wp-block-heading\">6.4. Tagasimakse<\/h3>\n\n\n\n<p>Tagasimakse tehakse samale makseviisile, mida kasutati tellimuse puhul, 14 p\u00e4eva jooksul p\u00e4rast tagastatud toote k\u00e4ttesaamist v\u00f5i p\u00e4rast toote tagastamist t\u00f5endava dokumendi saamist.<\/p>\n\n\n\n<p>Tagasimakse summa sisaldab algset hinda, v\u00e4lja arvatud:<\/p>\n\n\n\n<ul class=\"wp-block-list\">\n<li>tarnekulud (kui te ei kasutanud k\u00f5ige odavamat varianti)<\/li>\n\n\n\n<li>Kulud, mis tulenevad otseselt tagastamisest<\/li>\n<\/ul>\n\n\n\n<h2 class=\"wp-block-heading\">7. Garantii ja defektid<\/h2>\n\n\n\n<p>K\u00f5ikidel meie toodetel on Eesti \u00f5igusaktide kohane garantii. Kui toode on defektne v\u00f5i ei vasta kirjeldusele, on teil \u00f5igus:<\/p>\n\n\n\n<ul class=\"wp-block-list\">\n<li>Taotleda defektse toote parandamist<\/li>\n\n\n\n<li>Taotleda defektse toote v\u00e4ljavahetamist<\/li>\n\n\n\n<li>Hinnaalanduse taotlemine<\/li>\n\n\n\n<li>Ostu t\u00fchistamine ja tagasimakse taotlemine<\/li>\n<\/ul>\n\n\n\n<h2 class=\"wp-block-heading\">8. Tarbijakaitse<\/h2>\n\n\n\n<p>Teie \u00f5igusi kaitsevad Eesti tarbijakaitseseadused ja Euroopa Liidu direktiivid. Kui teil on k\u00fcsimusi v\u00f5i kaebusi, v\u00f5ite v\u00f5tta \u00fchendust:<\/p>\n\n\n\n<p><strong>Eesti Tarbijakaitse ja Tehnilise J\u00e4relevalve Amet<\/strong><br \/>Aadress: Endla 10a, 10122 Tallinn<br \/>E-post: info@ttja.ee<br \/>Veebileht: <a href=\"https:\/\/www.ttja.ee\">https:\/\/www.ttja.ee<\/a><\/p>\n\n\n\n<h2 class=\"wp-block-heading\">9. Vastutuse piiramine<\/h2>\n\n\n\n<p>Meie vastutus on piiratud tellimuse v\u00e4\u00e4rtusega. Me ei vastuta:<\/p>\n\n\n\n<ul class=\"wp-block-list\">\n<li>tarne ajal tekkinud kahju, kui kohaletoimetamisteenust osutab kolmas isik.<\/li>\n\n\n\n<li>Meie kontrolli alt v\u00e4ljuvad asjaolud (nt v\u00e4\u00e4ramatu j\u00f5ud, looduskatastroofid).<\/li>\n\n\n\n<li>Kolmandate isikute p\u00f5hjustatud tarne hilinemine<\/li>\n<\/ul>\n\n\n\n<h2 class=\"wp-block-heading\">10. Isikuandmete t\u00f6\u00f6tlemine<\/h2>\n\n\n\n<p>Teavet isikuandmete t\u00f6\u00f6tlemise kohta leiate meie <a href=\"\/et\/privaatsuspoliitika-et\/\">Privaatsuspoliitika<\/a>.<\/p>\n\n\n\n<h2 class=\"wp-block-heading\">11. Tingimuste muutmine<\/h2>\n\n\n\n<p>Me j\u00e4tame endale \u00f5iguse neid tingimusi muuta. Muudatused j\u00f5ustuvad kohe p\u00e4rast nende avaldamist veebilehel. Enne muudatusi tehtud tellimuste puhul kehtivad eelmised tingimused.<\/p>\n\n\n\n<h2 class=\"wp-block-heading\">12. Kohaldatav \u00f5igus ja vaidluste lahendamine<\/h2>\n\n\n\n<p>Neid tingimusi reguleerivad Eesti Vabariigi seadused. K\u00f5ik vaidlused lahendatakse vastastikusel kokkuleppel. Kui kokkulepe ei ole v\u00f5imalik, lahendatakse vaidlused Eesti kohtutes.<\/p>\n\n\n\n<p>Euroopa Liidu \u00f5igusaktide kohaselt on teil \u00f5igus kasutada alternatiivseid vaidluste lahendamise meetodeid (ODR-platvorm).<\/p>\n\n\n\n<h2 class=\"wp-block-heading\">13. Kontakt<\/h2>\n\n\n\n<p>K\u00fcsimuste ja kaebuste korral v\u00f5tke meiega \u00fchendust:<\/p>\n\n\n\n<p><strong>ERX O\u00dc<\/strong><br \/>E-post: info@kraitofficial.com<br \/>Aadress: Turu 34-207, 51004 Tartu linn, Tartu maakond, Eesti<\/p>\n\n\n\n<p><em>Viimati uuendatud: detsember 21, 2025<\/em><\/p>\n\t\t\t\t\t\t\t\t<\/div>\n\t\t\t\t\t<\/div>\n\t\t\t\t<\/div>\n\t\t\t\t<\/div>","protected":false},"excerpt":{"rendered":"<p>Terms &amp; Conditions These terms and conditions apply to all purchases made from ERX O\u00dc&#8217;s (hereinafter &#8220;we&#8221;, &#8220;us&#8221;) online store at kraitofficial.com. 1. Seller Information Company: ERX O\u00dcRegistration Code: 14478739 VAT: EE102066997Address: Turu 34-207, 51004 Tartu linn, Tartu maakond, EstoniaEmail: info@kraitofficial.comWebsite: https:\/\/kraitofficial.com 2. Products and Prices All prices displayed in our online store are in [&hellip;]<\/p>\n","protected":false},"author":1,"featured_media":0,"parent":0,"menu_order":0,"comment_status":"closed","ping_status":"closed","template":"","meta":{"_acf_changed":false,"footnotes":""},"class_list":["post-11092","page","type-page","status-publish","hentry"],"acf":[],"yoast_head":"<!-- This site is optimized with the Yoast SEO plugin v27.3 - https:\/\/yoast.com\/product\/yoast-seo-wordpress\/ -->\n<title>Terms &amp; Conditions | KRAIT Official | Purchase Terms<\/title>\n<meta name=\"description\" content=\"Terms and conditions for purchases from KRAIT Official online store. Read our purchase terms, return policy, and customer rights. ERX O\u00dc terms and conditions.\" \/>\n<meta name=\"robots\" content=\"index, follow, max-snippet:-1, max-image-preview:large, max-video-preview:-1\" \/>\n<link rel=\"canonical\" href=\"https:\/\/kraitofficial.com\/et\/tingimused\/\" \/>\n<meta property=\"og:locale\" content=\"et_EE\" \/>\n<meta property=\"og:type\" content=\"article\" \/>\n<meta property=\"og:title\" content=\"Terms &amp; Conditions | KRAIT Official | Purchase Terms\" \/>\n<meta property=\"og:description\" content=\"Terms and conditions for purchases from KRAIT Official online store. Read our purchase terms, return policy, and customer rights. ERX O\u00dc terms and conditions.\" \/>\n<meta property=\"og:url\" content=\"https:\/\/kraitofficial.com\/et\/tingimused\/\" \/>\n<meta property=\"og:site_name\" content=\"KRAITOFFICIAL\" \/>\n<meta property=\"article:publisher\" content=\"https:\/\/www.facebook.com\/profile.php?id=61584570081371\" \/>\n<meta property=\"article:modified_time\" content=\"2025-12-24T16:12:07+00:00\" \/>\n<meta name=\"twitter:card\" content=\"summary_large_image\" \/>\n<meta name=\"twitter:label1\" content=\"Est. reading time\" \/>\n\t<meta name=\"twitter:data1\" content=\"4 minutit\" \/>\n<script type=\"application\/ld+json\" class=\"yoast-schema-graph\">{\"@context\":\"https:\\\/\\\/schema.org\",\"@graph\":[{\"@type\":\"WebPage\",\"@id\":\"https:\\\/\\\/kraitofficial.com\\\/terms-conditions\\\/\",\"url\":\"https:\\\/\\\/kraitofficial.com\\\/terms-conditions\\\/\",\"name\":\"Terms & Conditions | KRAIT Official | Purchase Terms\",\"isPartOf\":{\"@id\":\"https:\\\/\\\/kraitofficial.com\\\/#website\"},\"datePublished\":\"2025-10-25T11:17:19+00:00\",\"dateModified\":\"2025-12-24T16:12:07+00:00\",\"description\":\"Terms and conditions for purchases from KRAIT Official online store. Read our purchase terms, return policy, and customer rights. ERX O\u00dc terms and conditions.\",\"breadcrumb\":{\"@id\":\"https:\\\/\\\/kraitofficial.com\\\/terms-conditions\\\/#breadcrumb\"},\"inLanguage\":\"et\",\"potentialAction\":[{\"@type\":\"ReadAction\",\"target\":[\"https:\\\/\\\/kraitofficial.com\\\/terms-conditions\\\/\"]}]},{\"@type\":\"BreadcrumbList\",\"@id\":\"https:\\\/\\\/kraitofficial.com\\\/terms-conditions\\\/#breadcrumb\",\"itemListElement\":[{\"@type\":\"ListItem\",\"position\":1,\"name\":\"Home\",\"item\":\"https:\\\/\\\/kraitofficial.com\\\/\"},{\"@type\":\"ListItem\",\"position\":2,\"name\":\"Terms &#038; Conditions\"}]},{\"@type\":\"WebSite\",\"@id\":\"https:\\\/\\\/kraitofficial.com\\\/#website\",\"url\":\"https:\\\/\\\/kraitofficial.com\\\/\",\"name\":\"KRAITOFFICIAL\",\"description\":\"\",\"publisher\":{\"@id\":\"https:\\\/\\\/kraitofficial.com\\\/#organization\"},\"potentialAction\":[{\"@type\":\"SearchAction\",\"target\":{\"@type\":\"EntryPoint\",\"urlTemplate\":\"https:\\\/\\\/kraitofficial.com\\\/?s={search_term_string}\"},\"query-input\":{\"@type\":\"PropertyValueSpecification\",\"valueRequired\":true,\"valueName\":\"search_term_string\"}}],\"inLanguage\":\"et\"},{\"@type\":\"Organization\",\"@id\":\"https:\\\/\\\/kraitofficial.com\\\/#organization\",\"name\":\"KRAITOFFICIAL\",\"url\":\"https:\\\/\\\/kraitofficial.com\\\/\",\"logo\":{\"@type\":\"ImageObject\",\"inLanguage\":\"et\",\"@id\":\"https:\\\/\\\/kraitofficial.com\\\/#\\\/schema\\\/logo\\\/image\\\/\",\"url\":\"https:\\\/\\\/kraitofficial.com\\\/wp-content\\\/uploads\\\/2025\\\/12\\\/logosign.jpg\",\"contentUrl\":\"https:\\\/\\\/kraitofficial.com\\\/wp-content\\\/uploads\\\/2025\\\/12\\\/logosign.jpg\",\"width\":500,\"height\":500,\"caption\":\"KRAITOFFICIAL\"},\"image\":{\"@id\":\"https:\\\/\\\/kraitofficial.com\\\/#\\\/schema\\\/logo\\\/image\\\/\"},\"sameAs\":[\"https:\\\/\\\/www.facebook.com\\\/profile.php?id=61584570081371\",\"https:\\\/\\\/www.instagram.com\\\/kraitofficial_com\\\/\"]}]}<\/script>\n<!-- \/ Yoast SEO plugin. -->","yoast_head_json":{"title":"Tingimused | KRAIT Official | Ostutingimused","description":"Tingimused KRAITi ametlikust veebipoest ostude tegemiseks. Lugege meie ostutingimusi, tagastuspoliitikat ja kliendi \u00f5igusi. ERX O\u00dc tingimused.","robots":{"index":"index","follow":"follow","max-snippet":"max-snippet:-1","max-image-preview":"max-image-preview:large","max-video-preview":"max-video-preview:-1"},"canonical":"https:\/\/kraitofficial.com\/et\/tingimused\/","og_locale":"et_EE","og_type":"article","og_title":"Terms & Conditions | KRAIT Official | Purchase Terms","og_description":"Terms and conditions for purchases from KRAIT Official online store. Read our purchase terms, return policy, and customer rights. ERX O\u00dc terms and conditions.","og_url":"https:\/\/kraitofficial.com\/et\/tingimused\/","og_site_name":"KRAITOFFICIAL","article_publisher":"https:\/\/www.facebook.com\/profile.php?id=61584570081371","article_modified_time":"2025-12-24T16:12:07+00:00","twitter_card":"summary_large_image","twitter_misc":{"Est. reading time":"4 minutit"},"schema":{"@context":"https:\/\/schema.org","@graph":[{"@type":"WebPage","@id":"https:\/\/kraitofficial.com\/terms-conditions\/","url":"https:\/\/kraitofficial.com\/terms-conditions\/","name":"Tingimused | KRAIT Official | Ostutingimused","isPartOf":{"@id":"https:\/\/kraitofficial.com\/#website"},"datePublished":"2025-10-25T11:17:19+00:00","dateModified":"2025-12-24T16:12:07+00:00","description":"Tingimused KRAITi ametlikust veebipoest ostude tegemiseks. Lugege meie ostutingimusi, tagastuspoliitikat ja kliendi \u00f5igusi. ERX O\u00dc tingimused.","breadcrumb":{"@id":"https:\/\/kraitofficial.com\/terms-conditions\/#breadcrumb"},"inLanguage":"et","potentialAction":[{"@type":"ReadAction","target":["https:\/\/kraitofficial.com\/terms-conditions\/"]}]},{"@type":"BreadcrumbList","@id":"https:\/\/kraitofficial.com\/terms-conditions\/#breadcrumb","itemListElement":[{"@type":"ListItem","position":1,"name":"Home","item":"https:\/\/kraitofficial.com\/"},{"@type":"ListItem","position":2,"name":"Terms &#038; Conditions"}]},{"@type":"WebSite","@id":"https:\/\/kraitofficial.com\/#website","url":"https:\/\/kraitofficial.com\/","name":"KRAITOFFICIAL","description":"","publisher":{"@id":"https:\/\/kraitofficial.com\/#organization"},"potentialAction":[{"@type":"SearchAction","target":{"@type":"EntryPoint","urlTemplate":"https:\/\/kraitofficial.com\/?s={search_term_string}"},"query-input":{"@type":"PropertyValueSpecification","valueRequired":true,"valueName":"search_term_string"}}],"inLanguage":"et"},{"@type":"Organization","@id":"https:\/\/kraitofficial.com\/#organization","name":"KRAITOFFICIAL","url":"https:\/\/kraitofficial.com\/","logo":{"@type":"ImageObject","inLanguage":"et","@id":"https:\/\/kraitofficial.com\/#\/schema\/logo\/image\/","url":"https:\/\/kraitofficial.com\/wp-content\/uploads\/2025\/12\/logosign.jpg","contentUrl":"https:\/\/kraitofficial.com\/wp-content\/uploads\/2025\/12\/logosign.jpg","width":500,"height":500,"caption":"KRAITOFFICIAL"},"image":{"@id":"https:\/\/kraitofficial.com\/#\/schema\/logo\/image\/"},"sameAs":["https:\/\/www.facebook.com\/profile.php?id=61584570081371","https:\/\/www.instagram.com\/kraitofficial_com\/"]}]}},"_links":{"self":[{"href":"https:\/\/kraitofficial.com\/et\/wp-json\/wp\/v2\/pages\/11092","targetHints":{"allow":["GET"]}}],"collection":[{"href":"https:\/\/kraitofficial.com\/et\/wp-json\/wp\/v2\/pages"}],"about":[{"href":"https:\/\/kraitofficial.com\/et\/wp-json\/wp\/v2\/types\/page"}],"author":[{"embeddable":true,"href":"https:\/\/kraitofficial.com\/et\/wp-json\/wp\/v2\/users\/1"}],"replies":[{"embeddable":true,"href":"https:\/\/kraitofficial.com\/et\/wp-json\/wp\/v2\/comments?post=11092"}],"version-history":[{"count":14,"href":"https:\/\/kraitofficial.com\/et\/wp-json\/wp\/v2\/pages\/11092\/revisions"}],"predecessor-version":[{"id":12282,"href":"https:\/\/kraitofficial.com\/et\/wp-json\/wp\/v2\/pages\/11092\/revisions\/12282"}],"wp:attachment":[{"href":"https:\/\/kraitofficial.com\/et\/wp-json\/wp\/v2\/media?parent=11092"}],"curies":[{"name":"wp","href":"https:\/\/api.w.org\/{rel}","templated":true}]}}